{"id":241,"date":"2017-08-08T14:00:29","date_gmt":"2017-08-08T14:00:29","guid":{"rendered":"https:\/\/victorthemes.com\/themes\/groppe\/?page_id=241"},"modified":"2023-02-24T12:24:01","modified_gmt":"2023-02-24T18:24:01","slug":"quienes-somos","status":"publish","type":"page","link":"https:\/\/asociacionama.org.gt\/en\/quienes-somos\/","title":{"rendered":"About Us"},"content":{"rendered":"<div class=\"wpb-content-wrapper\"><div class=\"vc_row wpb_row vc_row-fluid grop-dhav-dotted\"><div class=\"wpb_column vc_column_container text-left vc_col-sm-12\"><div class=\"vc_column-inner\"><div class=\"wpb_wrapper\"><h1 style=\"font-size: 38px;color: #4c2c6f;text-align: left;font-family:Roboto Slab;font-weight:700;font-style:normal\" class=\"vc_custom_heading vc_do_custom_heading\" >About Us<\/h1><div class=\"vc_separator wpb_content_element vc_separator_align_center vc_sep_width_100 vc_sep_pos_align_center vc_separator_no_text vc_sep_color_grey wpb_content_element  wpb_content_element\" ><span class=\"vc_sep_holder vc_sep_holder_l\"><span class=\"vc_sep_line\"><\/span><\/span><span class=\"vc_sep_holder vc_sep_holder_r\"><span class=\"vc_sep_line\"><\/span><\/span>\n<\/div><\/div><\/div><\/div><\/div><div class=\"vc_row wpb_row vc_row-fluid grop-dhav-dotted vc_custom_1506604734439\"><div class=\"wpb_column vc_column_container text-left vc_col-sm-12 vc_col-lg-6 vc_col-md-6\"><div class=\"vc_column-inner vc_custom_1507708767000\"><div class=\"wpb_wrapper\"><div class=\"vc_empty_space\"   style=\"height: 22px\"><span class=\"vc_empty_space_inner\"><\/span><\/div>\n\t<div  class=\"wpb_single_image wpb_content_element vc_align_center wpb_content_element wpb_animate_when_almost_visible wpb_bounceIn bounceIn\">\n\t\t\n\t\t<figure class=\"wpb_wrapper vc_figure\">\n\t\t\t<div class=\"vc_single_image-wrapper   vc_box_border_grey\"><img loading=\"lazy\" decoding=\"async\" width=\"1992\" height=\"1328\" src=\"https:\/\/asociacionama.org.gt\/wp-content\/uploads\/2020\/06\/portada-facebook.jpg\" class=\"vc_single_image-img attachment-full\" alt=\"\" title=\"portada-facebook\" srcset=\"https:\/\/asociacionama.org.gt\/wp-content\/uploads\/2020\/06\/portada-facebook.jpg 1992w, https:\/\/asociacionama.org.gt\/wp-content\/uploads\/2020\/06\/portada-facebook-300x200.jpg 300w, https:\/\/asociacionama.org.gt\/wp-content\/uploads\/2020\/06\/portada-facebook-1024x683.jpg 1024w, https:\/\/asociacionama.org.gt\/wp-content\/uploads\/2020\/06\/portada-facebook-768x512.jpg 768w, https:\/\/asociacionama.org.gt\/wp-content\/uploads\/2020\/06\/portada-facebook-1536x1024.jpg 1536w, https:\/\/asociacionama.org.gt\/wp-content\/uploads\/2020\/06\/portada-facebook-600x400.jpg 600w\" sizes=\"auto, (max-width: 1992px) 100vw, 1992px\" \/><\/div>\n\t\t<\/figure>\n\t<\/div>\n<\/div><\/div><\/div><div class=\"wpb_column vc_column_container text-left vc_col-sm-12 vc_col-lg-6 vc_col-md-6\"><div class=\"vc_column-inner vc_custom_1507709761955\"><div class=\"wpb_wrapper\">\n\t<div class=\"wpb_text_column wpb_content_element grop-fix grop-about_txt\" >\n\t\t<div class=\"wpb_wrapper\">\n\t\t\t<h3>PROMOTING THE RIGHTS OF ADOLESCENT GIRLS, WOMEN AND YOUTH IN PET\u00c9N<\/h3>\n<p>Asociaci\u00f3n AMA is an organization that promotes the integral development and rights of adolescent girls and young women through their empowerment to prevent pregnancy and gender violence in the department of Pet\u00e9n. Its work is carried out through leadership development, access to education and information, capacity building, democratic participation, sustainable economic development and dialogue.<\/p>\n\n\t\t<\/div>\n\t<\/div>\n<\/div><\/div><\/div><\/div><div data-vc-full-width=\"true\" data-vc-full-width-init=\"false\" data-vc-stretch-content=\"true\" class=\"vc_row wpb_row vc_row-fluid grop-dhav-dotted vc_row-no-padding\"><div class=\"wpb_column vc_column_container text-left vc_col-sm-12\"><div class=\"vc_column-inner\"><div class=\"wpb_wrapper\">    <div class=\"grop-missions_area\">\n     <div class=\"grop-missions_block container  grop-service-69e769ec6ed3a\">\n      <div class=\"con-class  grop-service-69e769ec6ed3a\">\n        <div class=\"row\">\n                      <div class=\"col-md-4 col-sm-4\">\n              <div class=\"grop-missions_single\">\n                                  <div class=\"grop-float_left  grop-missions_icon\">\n                    <img decoding=\"async\" src=\"https:\/\/asociacionama.org.gt\/wp-content\/uploads\/2020\/06\/girl-e1591584100761.png\" alt=\"\" \/>\n                  <\/div>\n                                <div class=\"grop-fix grop-missions_txt\">\n                  <h4><a href=\"#\" >Adolescent Girls<\/a><\/h4><p>Promotion and defense of the sexual and reproductive rights of adolescent girls.<\/p>                <\/div><!--\/end-->\n              <\/div>\n            <\/div>\n                      <div class=\"col-md-4 col-sm-4\">\n              <div class=\"grop-missions_single\">\n                                  <div class=\"grop-float_left  grop-missions_icon\">\n                    <img decoding=\"async\" src=\"https:\/\/asociacionama.org.gt\/wp-content\/uploads\/2020\/06\/woman.png\" alt=\"\" \/>\n                  <\/div>\n                                <div class=\"grop-fix grop-missions_txt\">\n                  <h4><a href=\"#0\" >Women<\/a><\/h4><p>Training and empowerment of young women leaders.<\/p>                <\/div><!--\/end-->\n              <\/div>\n            <\/div>\n                      <div class=\"col-md-4 col-sm-4 col-sm-offset-0  col-md-offset-0\">\n              <div class=\"grop-missions_single\">\n                                  <div class=\"grop-float_left  grop-missions_icon\">\n                    <img decoding=\"async\" src=\"https:\/\/asociacionama.org.gt\/wp-content\/uploads\/2020\/06\/team.png\" alt=\"\" \/>\n                  <\/div>\n                                <div class=\"grop-fix grop-missions_txt\">\n                  <h4><a href=\"#0\" >Youth People<\/a><\/h4><p>Preparation, development, and\/or participation in feminist and youth training camps.<\/p>                <\/div><!--\/end-->\n              <\/div>\n            <\/div>\n          \n        <\/div>\n      <\/div>\n    <\/div>\n  <\/div>\n<\/div><\/div><\/div><\/div><div class=\"vc_row-full-width vc_clearfix\"><\/div><div class=\"vc_row wpb_row vc_row-fluid grop-dhav-dotted\"><div class=\"wpb_column vc_column_container text-left vc_col-sm-12\"><div class=\"vc_column-inner vc_custom_1507807023746\"><div class=\"wpb_wrapper\">    <!--Great Mission area start \\-->\n        <section class=\"grop-ab_msion_area\">\n          <div class=\"container\">\n            <div class=\"row\">\n              <!--Great Mission heading text start \\-->\n              <div class=\"col-md-3  col-sm-6  no-right-padding\">\n                <div class=\"grop-ab_msion_heading\">\n                  <h3>LEADERSHIP AND EMPOWERMENT PROGRAMS<\/h3><a class=\"grop-btn grop-btn_overly grop-ab_msionrd_btn\" href=\"#\">\n                        <span>MIRA NUESTROS PROGRAMAS<\/span>\n                      <\/a>                <\/div>\n              <\/div><!--\/Great Mission heading text end-->\n                                <!--Great Mission single start \\-->\n    <div class=\"col-md-3  col-sm-6\">\n      <div class=\"grop-ab_msions_cont\">\n\n                <div class=\"grop-ab_msions_image\">\n          <img decoding=\"async\" src=\"https:\/\/asociacionama.org.gt\/wp-content\/uploads\/2020\/06\/CAMY-campamentos-2018-02.jpg\" alt=\"\u00c1mame y Prot\u00e9geme del Embarazo\" \/>\n        <\/div>\n        <div class=\"grop-ab_msions_txt\">\n        <h4><a href=\"http:\/\/asociacionama.org.gt\/en\/amame-protegeme-del-embarazo\/\">Love me and Protect me from Pregnancy<\/a><\/h4>          <ul class=\"grop-ab_msions_list\">\n            <li><i class=\"fa fa-check\"><\/i><\/li>          <\/ul>\n        <\/div><!--\/end-->\n      <\/div>\n    <\/div><!--\/Great Mission single end-->\n                      <!--Great Mission single start \\-->\n    <div class=\"col-md-3  col-sm-6\">\n      <div class=\"grop-ab_msions_cont\">\n\n                <div class=\"grop-ab_msions_image\">\n          <img decoding=\"async\" src=\"https:\/\/asociacionama.org.gt\/wp-content\/uploads\/2020\/06\/PACE-2018-17.jpg\" alt=\"Programa Piloto de Desarrollo Personal y Mejoramiento Profesional (P.A.C.E.)\" \/>\n        <\/div>\n        <div class=\"grop-ab_msions_txt\">\n        <h4><a href=\"http:\/\/asociacionama.org.gt\/en\/amame-protegeme-del-embarazo\/\">Personal Advancement and Career Enhancement (P.A.C.E.)<\/a><\/h4>          <ul class=\"grop-ab_msions_list\">\n            <li><i class=\"fa fa-check\"><\/i><\/li>          <\/ul>\n        <\/div><!--\/end-->\n      <\/div>\n    <\/div><!--\/Great Mission single end-->\n                      <!--Great Mission single start \\-->\n    <div class=\"col-md-3  col-sm-6\">\n      <div class=\"grop-ab_msions_cont\">\n\n                <div class=\"grop-ab_msions_image\">\n          <img decoding=\"async\" src=\"https:\/\/asociacionama.org.gt\/wp-content\/uploads\/2020\/06\/Futbol-Toma-Partido-banner.jpg\" alt=\"Toma partido contra la violencia - Fase 1 y 2\" \/>\n        <\/div>\n        <div class=\"grop-ab_msions_txt\">\n        <h4><a href=\"http:\/\/asociacionama.org.gt\/en\/toma-partido-contra-la-violencia-fase-1-2\/\">Take sides against violence \u2013 Phase I and II<\/a><\/h4>          <ul class=\"grop-ab_msions_list\">\n            <li><i class=\"fa fa-check\"><\/i><\/li>          <\/ul>\n        <\/div><!--\/end-->\n      <\/div>\n    <\/div><!--\/Great Mission single end-->\n                <\/div>\n          <\/div>\n        <\/section><!--\/ =XXX Great Mission area end XXX=-->\n  \n\t<div  class=\"wpb_single_image wpb_content_element vc_align_left wpb_content_element\">\n\t\t\n\t\t<figure class=\"wpb_wrapper vc_figure\">\n\t\t\t<div class=\"vc_single_image-wrapper   vc_box_border_grey\"><img loading=\"lazy\" decoding=\"async\" width=\"740\" height=\"328\" src=\"https:\/\/asociacionama.org.gt\/wp-content\/uploads\/2020\/06\/banner-se-el-cambio.jpg\" class=\"vc_single_image-img attachment-full\" alt=\"\" title=\"banner-se-el-cambio\" srcset=\"https:\/\/asociacionama.org.gt\/wp-content\/uploads\/2020\/06\/banner-se-el-cambio.jpg 740w, https:\/\/asociacionama.org.gt\/wp-content\/uploads\/2020\/06\/banner-se-el-cambio-300x133.jpg 300w, https:\/\/asociacionama.org.gt\/wp-content\/uploads\/2020\/06\/banner-se-el-cambio-600x266.jpg 600w\" sizes=\"auto, (max-width: 740px) 100vw, 740px\" \/><\/div>\n\t\t<\/figure>\n\t<\/div>\n<\/div><\/div><\/div><\/div><div class=\"vc_row wpb_row vc_row-fluid grop-dhav-dotted vc_custom_1591585987981 vc_row-has-fill\"><div class=\"wpb_column vc_column_container text-left vc_col-sm-12\"><div class=\"vc_column-inner vc_custom_1504694696117\"><div class=\"wpb_wrapper\"><div class=\"grop-callout_area  grop-parlx-69e769ec6f933\"><div class=\"grop-vertical_middle  grop-fix grop-callout_container   vc_custom_1504695436119\"><div class=\"grop-ab_calut_txt\"><h3><span style=\"color: #ffffff;\">Do you want to make donations?<\/span><\/h3>\n<p><span style=\"color: #ffffff;\">You want to help adolescent girls, young women, and women in social programs.<\/span>.<\/p>\n<\/div><div class=\"grop-float_right grop-callout_btn_warp\"><div class=\"calout-btn\"><a class=\"grop-btn grop-btn_overly grop-callout_btn grop-btn-69e769ec6fa8e-se-un-voluntario\" href=\"#0\"><span>S\u00c9 UN VOLUNTARIO<\/span><\/a><\/div><\/div><\/div><\/div><\/div><\/div><\/div><\/div>\n<\/div>","protected":false},"excerpt":{"rendered":"\u00bfQui\u00e9nes somos? IMPULSANDO DERECHOS EN NI\u00d1AS ADOLESCENTES, MUJERES Y JUVENTUDES EN PET\u00c9N La Asociaci\u00f3n AMA, es una organizaci\u00f3n que promueve el desarrollo integral y los derechos de las ni\u00f1as adolescentes y mujeres j\u00f3venes, a trav\u00e9s de su empoderamiento para prevenir embarazos y violencia de g\u00e9nero en el departamento de Pet\u00e9n. Su trabajo se realiza a ...","protected":false},"author":1,"featured_media":0,"parent":0,"menu_order":0,"comment_status":"closed","ping_status":"closed","template":"","meta":{"footnotes":""},"class_list":["post-241","page","type-page","status-publish","hentry"],"_links":{"self":[{"href":"https:\/\/asociacionama.org.gt\/en\/wp-json\/wp\/v2\/pages\/241","targetHints":{"allow":["GET"]}}],"collection":[{"href":"https:\/\/asociacionama.org.gt\/en\/wp-json\/wp\/v2\/pages"}],"about":[{"href":"https:\/\/asociacionama.org.gt\/en\/wp-json\/wp\/v2\/types\/page"}],"author":[{"embeddable":true,"href":"https:\/\/asociacionama.org.gt\/en\/wp-json\/wp\/v2\/users\/1"}],"replies":[{"embeddable":true,"href":"https:\/\/asociacionama.org.gt\/en\/wp-json\/wp\/v2\/comments?post=241"}],"version-history":[{"count":30,"href":"https:\/\/asociacionama.org.gt\/en\/wp-json\/wp\/v2\/pages\/241\/revisions"}],"predecessor-version":[{"id":4913,"href":"https:\/\/asociacionama.org.gt\/en\/wp-json\/wp\/v2\/pages\/241\/revisions\/4913"}],"wp:attachment":[{"href":"https:\/\/asociacionama.org.gt\/en\/wp-json\/wp\/v2\/media?parent=241"}],"curies":[{"name":"wp","href":"https:\/\/api.w.org\/{rel}","templated":true}]}}