{"id":2816,"date":"2020-06-08T11:30:25","date_gmt":"2020-06-08T17:30:25","guid":{"rendered":"http:\/\/asociacionama.org.gt\/?page_id=2816"},"modified":"2023-01-11T10:38:21","modified_gmt":"2023-01-11T16:38:21","slug":"filosofia-ama","status":"publish","type":"page","link":"https:\/\/asociacionama.org.gt\/en\/filosofia-ama\/","title":{"rendered":"Our philosophy"},"content":{"rendered":"<div class=\"wpb-content-wrapper\"><div class=\"vc_row wpb_row vc_row-fluid grop-dhav-dotted\"><div class=\"wpb_column vc_column_container text-left vc_col-sm-12\"><div class=\"vc_column-inner\"><div class=\"wpb_wrapper\"><h1 style=\"font-size: 38px;color: #4c2c6f;text-align: left;font-family:Roboto Slab;font-weight:700;font-style:normal\" class=\"vc_custom_heading vc_do_custom_heading\" >Our philosophy<\/h1><div class=\"vc_separator wpb_content_element vc_separator_align_center vc_sep_width_100 vc_sep_pos_align_center vc_separator_no_text vc_sep_color_grey wpb_content_element  wpb_content_element\" ><span class=\"vc_sep_holder vc_sep_holder_l\"><span class=\"vc_sep_line\"><\/span><\/span><span class=\"vc_sep_holder vc_sep_holder_r\"><span class=\"vc_sep_line\"><\/span><\/span>\n<\/div>\n\t<div  class=\"wpb_single_image wpb_content_element vc_align_center wpb_content_element wpb_animate_when_almost_visible wpb_fadeIn fadeIn\">\n\t\t\n\t\t<figure class=\"wpb_wrapper vc_figure\">\n\t\t\t<div class=\"vc_single_image-wrapper   vc_box_border_grey\"><img loading=\"lazy\" decoding=\"async\" width=\"800\" height=\"412\" src=\"https:\/\/asociacionama.org.gt\/wp-content\/uploads\/2020\/06\/mision-y-vision.jpg\" class=\"vc_single_image-img attachment-full\" alt=\"\" title=\"mision-y-vision\" srcset=\"https:\/\/asociacionama.org.gt\/wp-content\/uploads\/2020\/06\/mision-y-vision.jpg 800w, https:\/\/asociacionama.org.gt\/wp-content\/uploads\/2020\/06\/mision-y-vision-300x155.jpg 300w, https:\/\/asociacionama.org.gt\/wp-content\/uploads\/2020\/06\/mision-y-vision-768x396.jpg 768w, https:\/\/asociacionama.org.gt\/wp-content\/uploads\/2020\/06\/mision-y-vision-600x309.jpg 600w\" sizes=\"auto, (max-width: 800px) 100vw, 800px\" \/><\/div>\n\t\t<\/figure>\n\t<\/div>\n<div class=\"vc_separator wpb_content_element vc_separator_align_center vc_sep_width_100 vc_sep_pos_align_center vc_separator_no_text vc_sep_color_grey wpb_content_element  wpb_content_element\" ><span class=\"vc_sep_holder vc_sep_holder_l\"><span class=\"vc_sep_line\"><\/span><\/span><span class=\"vc_sep_holder vc_sep_holder_r\"><span class=\"vc_sep_line\"><\/span><\/span>\n<\/div><\/div><\/div><\/div><\/div><div class=\"vc_row wpb_row vc_row-fluid grop-dhav-dotted\"><div class=\"wpb_column vc_column_container text-left vc_col-sm-2\"><div class=\"vc_column-inner\"><div class=\"wpb_wrapper\"><\/div><\/div><\/div><div class=\"wpb_column vc_column_container text-left vc_col-sm-8\"><div class=\"vc_column-inner\"><div class=\"wpb_wrapper\">\n\t<div class=\"wpb_text_column wpb_content_element grop-fix grop-about_txt\" >\n\t\t<div class=\"wpb_wrapper\">\n\t\t\t<h3>Our Mission<\/h3>\n<p>To strengthen the leadership of girls, adolescents and young women in Pet\u00e9n, Guatemala, through education and advocacy to prevent early pregnancies and gender violence.<\/p>\n\n\t\t<\/div>\n\t<\/div>\n\n\t<div class=\"wpb_text_column wpb_content_element grop-fix grop-about_txt\" >\n\t\t<div class=\"wpb_wrapper\">\n\t\t\t<h3>Our Vision<\/h3>\n<p>Girls, adolescents and young women in Pet\u00e9n, Guatemala know, demand and promote their rights and those of others, thanks to their leadership, self-esteem and security.<\/p>\n\n\t\t<\/div>\n\t<\/div>\n<div class=\"vc_separator wpb_content_element vc_separator_align_center vc_sep_width_100 vc_sep_pos_align_center vc_separator_no_text vc_sep_color_grey wpb_content_element  wpb_content_element\" ><span class=\"vc_sep_holder vc_sep_holder_l\"><span class=\"vc_sep_line\"><\/span><\/span><span class=\"vc_sep_holder vc_sep_holder_r\"><span class=\"vc_sep_line\"><\/span><\/span>\n<\/div>\n\t<div class=\"wpb_text_column wpb_content_element grop-fix grop-about_txt\" >\n\t\t<div class=\"wpb_wrapper\">\n\t\t\t<h3>Our Values<\/h3>\n<p><strong>Love moves us<br \/>\n<\/strong>We are driven by the love of girls and women for themselves and their communities to awaken and promote their leadership.<\/p>\n<p><strong>We are all one<br \/>\n<\/strong>When we work together, in trust, respecting and valuing culture, opinions and diversity, we develop authentic leadership and achieve better results for the rights of girls, adolescents and young women.<\/p>\n<p><strong>We put ourselves in your shoes<br \/>\n<\/strong>Only by interacting with girls, adolescents and young women can we be sensitive to their interests and humanize our work.<\/p>\n<p><strong>We are all protagonists<br \/>\n<\/strong>Every girl, adolescent and young woman is a protagonist of her future. We generate spaces where they can develop their leadership and use it to improve their lives and the lives of others.<\/p>\n<p><strong>We are a seedbed<br \/>\n<\/strong>We cultivate leadership in girls, adolescents, and young women who foster other leaders who drive social change in their communities.<\/p>\n<p style=\"margin: 0cm; margin-bottom: .0001pt;\"><strong>We learn through play<\/strong><strong><span style=\"font-size: 7.0pt;\">\u00a0 \u00a0<\/span><\/strong><\/p>\n<p style=\"margin: 0cm; margin-bottom: .0001pt;\">We use fun and play to teach, motivating girls, adolescents and young women to achieve their aspirations.<\/p>\n\n\t\t<\/div>\n\t<\/div>\n<div class=\"vc_separator wpb_content_element vc_separator_align_center vc_sep_width_100 vc_sep_pos_align_center vc_separator_no_text vc_sep_color_grey wpb_content_element  wpb_content_element\" ><span class=\"vc_sep_holder vc_sep_holder_l\"><span class=\"vc_sep_line\"><\/span><\/span><span class=\"vc_sep_holder vc_sep_holder_r\"><span class=\"vc_sep_line\"><\/span><\/span>\n<\/div><\/div><\/div><\/div><div class=\"wpb_column vc_column_container text-left vc_col-sm-2\"><div class=\"vc_column-inner\"><div class=\"wpb_wrapper\"><\/div><\/div><\/div><\/div><div class=\"vc_row wpb_row vc_row-fluid grop-dhav-dotted vc_custom_1591585987981 vc_row-has-fill\"><div class=\"wpb_column vc_column_container text-left vc_col-sm-12\"><div class=\"vc_column-inner vc_custom_1504694696117\"><div class=\"wpb_wrapper\"><div class=\"grop-callout_area  grop-parlx-6a033daeb3846\"><div class=\"grop-vertical_middle  grop-fix grop-callout_container   vc_custom_1504695436119\"><div class=\"grop-ab_calut_txt\"><h3><span style=\"color: #ffffff;\">Do you want to make donations?<\/span><\/h3>\n<p><span style=\"color: #ffffff;\">You want to help adolescent girls, young women, and women in social programs.<\/span>.<\/p>\n<\/div><div class=\"grop-float_right grop-callout_btn_warp\"><div class=\"calout-btn\"><a class=\"grop-btn grop-btn_overly grop-callout_btn grop-btn-6a033daeb38cf-se-un-voluntario\" href=\"#0\"><span>S\u00c9 UN VOLUNTARIO<\/span><\/a><\/div><\/div><\/div><\/div>\n\t<div  class=\"wpb_single_image wpb_content_element vc_align_left wpb_content_element wpb_animate_when_almost_visible wpb_fadeInDown fadeInDown\">\n\t\t\n\t\t<figure class=\"wpb_wrapper vc_figure\">\n\t\t\t<div class=\"vc_single_image-wrapper   vc_box_border_grey\"><img loading=\"lazy\" decoding=\"async\" width=\"740\" height=\"328\" src=\"https:\/\/asociacionama.org.gt\/wp-content\/uploads\/2020\/06\/banner-se-el-cambio.jpg\" class=\"vc_single_image-img attachment-full\" alt=\"\" title=\"banner-se-el-cambio\" srcset=\"https:\/\/asociacionama.org.gt\/wp-content\/uploads\/2020\/06\/banner-se-el-cambio.jpg 740w, https:\/\/asociacionama.org.gt\/wp-content\/uploads\/2020\/06\/banner-se-el-cambio-300x133.jpg 300w, https:\/\/asociacionama.org.gt\/wp-content\/uploads\/2020\/06\/banner-se-el-cambio-600x266.jpg 600w\" sizes=\"auto, (max-width: 740px) 100vw, 740px\" \/><\/div>\n\t\t<\/figure>\n\t<\/div>\n<\/div><\/div><\/div><\/div>\n<\/div>","protected":false},"excerpt":{"rendered":"Filosof\u00eda AMA Nuestra Misi\u00f3n Fortalecer el liderazgo de ni\u00f1as, adolescentes y mujeres j\u00f3venes en Pet\u00e9n, Guatemala, a trav\u00e9s de procesos educativos e incidencia para prevenir embarazos tempranos y violencia de g\u00e9nero. Nuestra Visi\u00f3n Ni\u00f1as, adolescentes y mujeres j\u00f3venes de Pet\u00e9n, Guatemala conocen, exigen y promueven sus derechos y de otras, gracias a su liderazgo, autoestima ...","protected":false},"author":1,"featured_media":0,"parent":0,"menu_order":0,"comment_status":"closed","ping_status":"closed","template":"","meta":{"footnotes":""},"class_list":["post-2816","page","type-page","status-publish","hentry"],"_links":{"self":[{"href":"https:\/\/asociacionama.org.gt\/en\/wp-json\/wp\/v2\/pages\/2816","targetHints":{"allow":["GET"]}}],"collection":[{"href":"https:\/\/asociacionama.org.gt\/en\/wp-json\/wp\/v2\/pages"}],"about":[{"href":"https:\/\/asociacionama.org.gt\/en\/wp-json\/wp\/v2\/types\/page"}],"author":[{"embeddable":true,"href":"https:\/\/asociacionama.org.gt\/en\/wp-json\/wp\/v2\/users\/1"}],"replies":[{"embeddable":true,"href":"https:\/\/asociacionama.org.gt\/en\/wp-json\/wp\/v2\/comments?post=2816"}],"version-history":[{"count":9,"href":"https:\/\/asociacionama.org.gt\/en\/wp-json\/wp\/v2\/pages\/2816\/revisions"}],"predecessor-version":[{"id":4892,"href":"https:\/\/asociacionama.org.gt\/en\/wp-json\/wp\/v2\/pages\/2816\/revisions\/4892"}],"wp:attachment":[{"href":"https:\/\/asociacionama.org.gt\/en\/wp-json\/wp\/v2\/media?parent=2816"}],"curies":[{"name":"wp","href":"https:\/\/api.w.org\/{rel}","templated":true}]}}