{"id":3523,"date":"2020-06-23T19:36:53","date_gmt":"2020-06-24T01:36:53","guid":{"rendered":"http:\/\/asociacionama.org.gt\/?page_id=3523"},"modified":"2020-12-03T10:05:57","modified_gmt":"2020-12-03T16:05:57","slug":"area-geografica-proyeccion","status":"publish","type":"page","link":"https:\/\/asociacionama.org.gt\/en\/area-geografica-proyeccion\/","title":{"rendered":"Geographical projection area"},"content":{"rendered":"<div class=\"wpb-content-wrapper\"><div class=\"vc_row wpb_row vc_row-fluid grop-dhav-dotted\"><div class=\"wpb_column vc_column_container text-left vc_col-sm-12\"><div class=\"vc_column-inner\"><div class=\"wpb_wrapper\"><h1 style=\"font-size: 38px;color: #4c2c6f;text-align: left;font-family:Roboto Slab;font-weight:700;font-style:normal\" class=\"vc_custom_heading vc_do_custom_heading\" >Geographical projection area<\/h1><div class=\"vc_separator wpb_content_element vc_separator_align_center vc_sep_width_100 vc_sep_pos_align_center vc_separator_no_text vc_sep_color_grey wpb_content_element  wpb_content_element\" ><span class=\"vc_sep_holder vc_sep_holder_l\"><span class=\"vc_sep_line\"><\/span><\/span><span class=\"vc_sep_holder vc_sep_holder_r\"><span class=\"vc_sep_line\"><\/span><\/span>\n<\/div>\n\t<div  class=\"wpb_single_image wpb_content_element vc_align_center wpb_content_element wpb_animate_when_almost_visible wpb_fadeIn fadeIn\">\n\t\t\n\t\t<figure class=\"wpb_wrapper vc_figure\">\n\t\t\t<a href=\"https:\/\/www.google.com\/maps\/place\/Popt%C3%BAn\/@16.3344257,-89.4507274,10z\/data=!4m13!1m7!3m6!1s0x85f540a5dddc4161:0xb9119284fd7a468d!2zUGV0w6lu!3b1!8m2!3d16.912033!4d-90.2995785!3m4!1s0x8f6062c3fa825c4d:0x95c357efa0c955b4!8m2!3d16.328047!4d-89.4221878\" target=\"_blank\" class=\"vc_single_image-wrapper   vc_box_border_grey\"><img loading=\"lazy\" decoding=\"async\" width=\"1174\" height=\"617\" src=\"https:\/\/asociacionama.org.gt\/wp-content\/uploads\/2020\/06\/mapa-reducido.png\" class=\"vc_single_image-img attachment-full\" alt=\"\" title=\"mapa-reducido\" srcset=\"https:\/\/asociacionama.org.gt\/wp-content\/uploads\/2020\/06\/mapa-reducido.png 1174w, https:\/\/asociacionama.org.gt\/wp-content\/uploads\/2020\/06\/mapa-reducido-300x158.png 300w, https:\/\/asociacionama.org.gt\/wp-content\/uploads\/2020\/06\/mapa-reducido-1024x538.png 1024w, https:\/\/asociacionama.org.gt\/wp-content\/uploads\/2020\/06\/mapa-reducido-768x404.png 768w, https:\/\/asociacionama.org.gt\/wp-content\/uploads\/2020\/06\/mapa-reducido-600x315.png 600w\" sizes=\"auto, (max-width: 1174px) 100vw, 1174px\" \/><\/a>\n\t\t<\/figure>\n\t<\/div>\n<div class=\"vc_separator wpb_content_element vc_separator_align_center vc_sep_width_100 vc_sep_pos_align_center vc_separator_no_text vc_sep_color_grey wpb_content_element  wpb_content_element\" ><span class=\"vc_sep_holder vc_sep_holder_l\"><span class=\"vc_sep_line\"><\/span><\/span><span class=\"vc_sep_holder vc_sep_holder_r\"><span class=\"vc_sep_line\"><\/span><\/span>\n<\/div><\/div><\/div><\/div><\/div><div class=\"vc_row wpb_row vc_row-fluid grop-dhav-dotted\"><div class=\"wpb_column vc_column_container text-left vc_col-sm-1\"><div class=\"vc_column-inner\"><div class=\"wpb_wrapper\"><\/div><\/div><\/div><div class=\"wpb_column vc_column_container text-left vc_col-sm-10\"><div class=\"vc_column-inner\"><div class=\"wpb_wrapper\">\n\t<div class=\"wpb_text_column wpb_content_element grop-fix grop-about_txt\" >\n\t\t<div class=\"wpb_wrapper\">\n\t\t\t<h3>The geographic area of projection (south-eastern Pet\u00e9n)<\/h3>\n<p style=\"text-align: left;\">The association works mainly in the southeastern area of the Department of Pet\u00e9n, mainly in the municipalities of El Chal, Dolores, San Luis, and Popt\u00fan.<\/p>\n\n\t\t<\/div>\n\t<\/div>\n\n\t<div  class=\"wpb_single_image wpb_content_element vc_align_center wpb_content_element\">\n\t\t\n\t\t<figure class=\"wpb_wrapper vc_figure\">\n\t\t\t<a href=\"https:\/\/www.google.com\/maps\/place\/Pet%C3%A9n\/@16.4235819,-89.6686455,10z\/data=!4m5!3m4!1s0x85f540a5dddc4161:0xb9119284fd7a468d!8m2!3d16.912033!4d-90.2995785\" target=\"_blank\" class=\"vc_single_image-wrapper   vc_box_border_grey\"><img loading=\"lazy\" decoding=\"async\" width=\"509\" height=\"510\" src=\"https:\/\/asociacionama.org.gt\/wp-content\/uploads\/2020\/06\/mapa-reducido-final.png\" class=\"vc_single_image-img attachment-full\" alt=\"\" title=\"mapa-reducido-final\" srcset=\"https:\/\/asociacionama.org.gt\/wp-content\/uploads\/2020\/06\/mapa-reducido-final.png 509w, https:\/\/asociacionama.org.gt\/wp-content\/uploads\/2020\/06\/mapa-reducido-final-300x300.png 300w, https:\/\/asociacionama.org.gt\/wp-content\/uploads\/2020\/06\/mapa-reducido-final-150x150.png 150w, https:\/\/asociacionama.org.gt\/wp-content\/uploads\/2020\/06\/mapa-reducido-final-100x100.png 100w\" sizes=\"auto, (max-width: 509px) 100vw, 509px\" \/><\/a>\n\t\t<\/figure>\n\t<\/div>\n<\/div><\/div><\/div><div class=\"wpb_column vc_column_container text-left vc_col-sm-1\"><div class=\"vc_column-inner\"><div class=\"wpb_wrapper\"><\/div><\/div><\/div><\/div><div class=\"vc_row wpb_row vc_row-fluid grop-dhav-dotted\"><div class=\"wpb_column vc_column_container text-left vc_col-sm-2\"><div class=\"vc_column-inner\"><div class=\"wpb_wrapper\"><\/div><\/div><\/div><div class=\"wpb_column vc_column_container text-left vc_col-sm-8\"><div class=\"vc_column-inner\"><div class=\"wpb_wrapper\">\n\t<div class=\"wpb_text_column wpb_content_element grop-fix grop-about_txt\" >\n\t\t<div class=\"wpb_wrapper\">\n\t\t\t<h3>El Chal Municipality<\/h3>\n<p style=\"text-align: left;\">El Chal is located 432 kilometers from Guatemala City, to get there you must take a bus from the following companies: L\u00ednea Dorada, Fuente del Norte, AND, or R\u00e1pidos del Sur, which will take you to El Chal, after passing through San Luis, Popt\u00fan and Dolores. To arrive by plane, you must travel 60 kilometers from the Mundo Maya International Airport in Santa Elena towards Guatemala City (South). The bus ride from the capital can take approximately 7 hours and 45 minutes by road.<\/p>\n<p>It was separated from the municipality of Dolores <strong>on February 4, 2014.<\/strong>In its municipal seat is the Mayan archaeological site of the same name.<\/p>\n<p><strong>Population<\/strong><br \/>\n13,351. Men 6,509 - Women 6,842<\/p>\n<p><strong>Boundaries and boundaries areas<\/strong><br \/>\nEl Chal is located 50 kilometers from the departmental capital of Pet\u00e9n, bordered to the north by Santa Ana, to the south by <strong>Popt\u00fan<\/strong> and <strong>Dolores<\/strong>, to the east by Dolores, and to the west by San Francisco and Sayaxch\u00e9.<\/p>\n<p><strong>Culture and Identity<\/strong><br \/>\nThe population of the municipality is distributed in 85.20% non-indigenous (ladino) and 14.80% indigenous, where the majority belongs to the Q\u2019eqch\u00ed ethnic group. (INE, 2002). This is the same data for comparison with the municipality of Dolores, as it was part of the municipality in 2002.<\/p>\n\n\t\t<\/div>\n\t<\/div>\n\n\t<div  class=\"wpb_single_image wpb_content_element vc_align_center wpb_content_element\">\n\t\t\n\t\t<figure class=\"wpb_wrapper vc_figure\">\n\t\t\t<a href=\"https:\/\/www.google.com\/maps\/place\/El+Chal\/@16.6441067,-89.6714616,14z\/data=!4m13!1m7!3m6!1s0x85f540a5dddc4161:0xb9119284fd7a468d!2zUGV0w6lu!3b1!8m2!3d16.912033!4d-90.2995785!3m4!1s0x8f5fd99cad8c47e7:0x7ed4f3a6fbb391f8!8m2!3d16.6435932!4d-89.6557331\" target=\"_blank\" class=\"vc_single_image-wrapper   vc_box_border_grey\"><img loading=\"lazy\" decoding=\"async\" width=\"509\" height=\"510\" src=\"https:\/\/asociacionama.org.gt\/wp-content\/uploads\/2020\/06\/municipio-el-chal.jpg\" class=\"vc_single_image-img attachment-full\" alt=\"\" title=\"municipio-el-chal\" srcset=\"https:\/\/asociacionama.org.gt\/wp-content\/uploads\/2020\/06\/municipio-el-chal.jpg 509w, https:\/\/asociacionama.org.gt\/wp-content\/uploads\/2020\/06\/municipio-el-chal-300x300.jpg 300w, https:\/\/asociacionama.org.gt\/wp-content\/uploads\/2020\/06\/municipio-el-chal-150x150.jpg 150w, https:\/\/asociacionama.org.gt\/wp-content\/uploads\/2020\/06\/municipio-el-chal-100x100.jpg 100w\" sizes=\"auto, (max-width: 509px) 100vw, 509px\" \/><\/a>\n\t\t<\/figure>\n\t<\/div>\n<div class=\"vc_separator wpb_content_element vc_separator_align_center vc_sep_width_100 vc_sep_pos_align_center vc_separator_no_text vc_sep_color_grey wpb_content_element  wpb_content_element\" ><span class=\"vc_sep_holder vc_sep_holder_l\"><span class=\"vc_sep_line\"><\/span><\/span><span class=\"vc_sep_holder vc_sep_holder_r\"><span class=\"vc_sep_line\"><\/span><\/span>\n<\/div><\/div><\/div><\/div><div class=\"wpb_column vc_column_container text-left vc_col-sm-2\"><div class=\"vc_column-inner\"><div class=\"wpb_wrapper\"><\/div><\/div><\/div><\/div><div class=\"vc_row wpb_row vc_row-fluid grop-dhav-dotted\"><div class=\"wpb_column vc_column_container text-left vc_col-sm-2\"><div class=\"vc_column-inner\"><div class=\"wpb_wrapper\"><\/div><\/div><\/div><div class=\"wpb_column vc_column_container text-left vc_col-sm-8\"><div class=\"vc_column-inner\"><div class=\"wpb_wrapper\">\n\t<div class=\"wpb_text_column wpb_content_element grop-fix grop-about_txt\" >\n\t\t<div class=\"wpb_wrapper\">\n\t\t\t<h3>Dolores Municipality<\/h3>\n<p style=\"text-align: left;\">Dolores is 401 km from Guatemala City; to get there you must take a bus from the companies L\u00ednea Dorada, Fuente del Norte, ADN or R\u00e1pidos del Sur, which arrive in Dolores after passing through San Luis and Popt\u00fan. To arrive by plane, you must travel 80 km from the Mundo Maya International Airport in Santa Elena towards Guatemala City (south). The bus ride from the capital can take approximately 6 hours and 45 minutes by air.<\/p>\n<p><strong>Population<\/strong><br \/>\n42,280. Male 20,613 - Female 21,667.<\/p>\n<p><strong>Boundaries and boundaries areas<\/strong><br \/>\nDolores is located in the department of Pet\u00e9n and is 68 km from the municipal capital of Isla de Flores. Its borders are to the north with the municipalities of Santa Ana, Melchor de Mencos, Santa Elena de la Cruz, and Flores. To the west with San Francisco and Sayaxch\u00e9, to the south with Popt\u00fan, and to the east with the neighboring country Belize.<\/p>\n<p><strong>Culture and Identity<\/strong><br \/>\nThe population of the municipality is distributed in 85.20% non-indigenous (ladino) and 14.80% indigenous, where the majority belongs to the Q\u2019eqch\u00ed ethnic group. (INE, 2002).<\/p>\n\n\t\t<\/div>\n\t<\/div>\n\n\t<div  class=\"wpb_single_image wpb_content_element vc_align_center wpb_content_element\">\n\t\t\n\t\t<figure class=\"wpb_wrapper vc_figure\">\n\t\t\t<a href=\"https:\/\/www.google.com\/maps\/place\/Dolores\/@16.5106143,-89.4238187,13z\/data=!4m13!1m7!3m6!1s0x85f540a5dddc4161:0xb9119284fd7a468d!2zUGV0w6lu!3b1!8m2!3d16.912033!4d-90.2995785!3m4!1s0x8f607fe8c46c281b:0xbaea84dc77db05!8m2!3d16.5075286!4d-89.4151497\" target=\"_blank\" class=\"vc_single_image-wrapper   vc_box_border_grey\"><img loading=\"lazy\" decoding=\"async\" width=\"509\" height=\"510\" src=\"https:\/\/asociacionama.org.gt\/wp-content\/uploads\/2020\/06\/municipio-dolores-peten.jpg\" class=\"vc_single_image-img attachment-full\" alt=\"\" title=\"municipio-dolores-peten\" srcset=\"https:\/\/asociacionama.org.gt\/wp-content\/uploads\/2020\/06\/municipio-dolores-peten.jpg 509w, https:\/\/asociacionama.org.gt\/wp-content\/uploads\/2020\/06\/municipio-dolores-peten-300x300.jpg 300w, https:\/\/asociacionama.org.gt\/wp-content\/uploads\/2020\/06\/municipio-dolores-peten-150x150.jpg 150w, https:\/\/asociacionama.org.gt\/wp-content\/uploads\/2020\/06\/municipio-dolores-peten-100x100.jpg 100w\" sizes=\"auto, (max-width: 509px) 100vw, 509px\" \/><\/a>\n\t\t<\/figure>\n\t<\/div>\n<div class=\"vc_separator wpb_content_element vc_separator_align_center vc_sep_width_100 vc_sep_pos_align_center vc_separator_no_text vc_sep_color_grey wpb_content_element  wpb_content_element\" ><span class=\"vc_sep_holder vc_sep_holder_l\"><span class=\"vc_sep_line\"><\/span><\/span><span class=\"vc_sep_holder vc_sep_holder_r\"><span class=\"vc_sep_line\"><\/span><\/span>\n<\/div><\/div><\/div><\/div><div class=\"wpb_column vc_column_container text-left vc_col-sm-2\"><div class=\"vc_column-inner\"><div class=\"wpb_wrapper\"><\/div><\/div><\/div><\/div><div class=\"vc_row wpb_row vc_row-fluid grop-dhav-dotted\"><div class=\"wpb_column vc_column_container text-left vc_col-sm-2\"><div class=\"vc_column-inner\"><div class=\"wpb_wrapper\"><\/div><\/div><\/div><div class=\"wpb_column vc_column_container text-left vc_col-sm-8\"><div class=\"vc_column-inner\"><div class=\"wpb_wrapper\">\n\t<div class=\"wpb_text_column wpb_content_element grop-fix grop-about_txt\" >\n\t\t<div class=\"wpb_wrapper\">\n\t\t\t<h3>Popt\u00fan Municipality<\/h3>\n<p style=\"text-align: left;\">The municipality of Popt\u00fan is located in the southern part of the department of Pet\u00e9n; it is integrated into the rest of the Republic of Guatemala by a 100 km paved road to Flores, the departmental capital of Pet\u00e9n, and 380 km to Guatemala City.<\/p>\n<p><strong>Population<\/strong><br \/>\n76,941. Males 38,523 - Females 38,418<\/p>\n<p><strong>Boundaries and boundaries areas<\/strong><br \/>\nPopt\u00fan is located 100 kilometers from the departmental capital of Pet\u00e9n, bordered to the north by Dolores, to the south by San Luis, to the east by Belize, and to the west by Sayaxch\u00e9.<\/p>\n<p><strong>Culture and Identity<\/strong><br \/>\nThe population is distributed in 64.5% that is ladino and 35.5% that is of the Mayan ethnicity, where there is a population of the Mayan Q\u2019eqch\u00ed' and Mop\u00e1n. (INE, 2009).<\/p>\n\n\t\t<\/div>\n\t<\/div>\n\n\t<div  class=\"wpb_single_image wpb_content_element vc_align_center wpb_content_element\">\n\t\t\n\t\t<figure class=\"wpb_wrapper vc_figure\">\n\t\t\t<a href=\"https:\/\/www.google.com\/maps\/place\/Popt%C3%BAn\/@16.3344257,-89.5557842,11z\/data=!4m13!1m7!3m6!1s0x85f540a5dddc4161:0xb9119284fd7a468d!2zUGV0w6lu!3b1!8m2!3d16.912033!4d-90.2995785!3m4!1s0x8f6062c3fa825c4d:0x95c357efa0c955b4!8m2!3d16.3278823!4d-89.4221878\" target=\"_blank\" class=\"vc_single_image-wrapper   vc_box_border_grey\"><img loading=\"lazy\" decoding=\"async\" width=\"509\" height=\"510\" src=\"https:\/\/asociacionama.org.gt\/wp-content\/uploads\/2020\/06\/municipio-poptun.jpg\" class=\"vc_single_image-img attachment-full\" alt=\"\" title=\"municipio-poptun\" srcset=\"https:\/\/asociacionama.org.gt\/wp-content\/uploads\/2020\/06\/municipio-poptun.jpg 509w, https:\/\/asociacionama.org.gt\/wp-content\/uploads\/2020\/06\/municipio-poptun-300x300.jpg 300w, https:\/\/asociacionama.org.gt\/wp-content\/uploads\/2020\/06\/municipio-poptun-150x150.jpg 150w, https:\/\/asociacionama.org.gt\/wp-content\/uploads\/2020\/06\/municipio-poptun-100x100.jpg 100w\" sizes=\"auto, (max-width: 509px) 100vw, 509px\" \/><\/a>\n\t\t<\/figure>\n\t<\/div>\n<div class=\"vc_separator wpb_content_element vc_separator_align_center vc_sep_width_100 vc_sep_pos_align_center vc_separator_no_text vc_sep_color_grey wpb_content_element  wpb_content_element\" ><span class=\"vc_sep_holder vc_sep_holder_l\"><span class=\"vc_sep_line\"><\/span><\/span><span class=\"vc_sep_holder vc_sep_holder_r\"><span class=\"vc_sep_line\"><\/span><\/span>\n<\/div><\/div><\/div><\/div><div class=\"wpb_column vc_column_container text-left vc_col-sm-2\"><div class=\"vc_column-inner\"><div class=\"wpb_wrapper\"><\/div><\/div><\/div><\/div><div class=\"vc_row wpb_row vc_row-fluid grop-dhav-dotted\"><div class=\"wpb_column vc_column_container text-left vc_col-sm-2\"><div class=\"vc_column-inner\"><div class=\"wpb_wrapper\"><\/div><\/div><\/div><div class=\"wpb_column vc_column_container text-left vc_col-sm-8\"><div class=\"vc_column-inner\"><div class=\"wpb_wrapper\">\n\t<div class=\"wpb_text_column wpb_content_element grop-fix grop-about_txt\" >\n\t\t<div class=\"wpb_wrapper\">\n\t\t\t<h3>San Luis Municipality<\/h3>\n<p style=\"text-align: left;\">The municipality of San Luis (in honor of its patron saint Louis IX of France) is a municipality in the department of Pet\u00e9n in the Republic of Guatemala. The municipality of San Luis belongs to the department of Pet\u00e9n which is 118 km from the departmental capital of Flores, Pet\u00e9n, and 367 km from the capital city of Guatemala on the Atlantic CA-9 highway.<\/p>\n<p><strong>Population<\/strong><br \/>\n83,239. Males 41,505 - Females 41,734<\/p>\n<p><strong>Boundaries and boundaries areas<\/strong><br \/>\nSan Luis is located 118 kilometers from the departmental capital of Pet\u00e9n, bordered to the north by Popt\u00fan, to the south by Livingston, Izabal, to the east by Belize, and to the west by Sayaxch\u00e9.<\/p>\n<p><strong>Culture and Identity<\/strong><br \/>\nThe majority of its population is indigenous with 60.47% of the Q\u2019eqch\u00ed and Mopan ethnicity and the non-indigenous of the Ladino ethnicity is 39.53%.<\/p>\n\n\t\t<\/div>\n\t<\/div>\n\n\t<div  class=\"wpb_single_image wpb_content_element vc_align_center wpb_content_element\">\n\t\t\n\t\t<figure class=\"wpb_wrapper vc_figure\">\n\t\t\t<a href=\"https:\/\/www.google.com\/maps\/place\/San+Luis\/@16.1996328,-89.4577217,14z\/data=!4m13!1m7!3m6!1s0x85f540a5dddc4161:0xb9119284fd7a468d!2zUGV0w6lu!3b1!8m2!3d16.912033!4d-90.2995785!3m4!1s0x8f6060f5fcf03571:0x10039e9a22de93a3!8m2!3d16.2000039!4d-89.4399548\" target=\"_blank\" class=\"vc_single_image-wrapper   vc_box_border_grey\"><img loading=\"lazy\" decoding=\"async\" width=\"509\" height=\"510\" src=\"https:\/\/asociacionama.org.gt\/wp-content\/uploads\/2020\/06\/municipio-san-luis-peten.jpg\" class=\"vc_single_image-img attachment-full\" alt=\"\" title=\"municipio-san-luis-peten\" srcset=\"https:\/\/asociacionama.org.gt\/wp-content\/uploads\/2020\/06\/municipio-san-luis-peten.jpg 509w, https:\/\/asociacionama.org.gt\/wp-content\/uploads\/2020\/06\/municipio-san-luis-peten-300x300.jpg 300w, https:\/\/asociacionama.org.gt\/wp-content\/uploads\/2020\/06\/municipio-san-luis-peten-150x150.jpg 150w, https:\/\/asociacionama.org.gt\/wp-content\/uploads\/2020\/06\/municipio-san-luis-peten-100x100.jpg 100w\" sizes=\"auto, (max-width: 509px) 100vw, 509px\" \/><\/a>\n\t\t<\/figure>\n\t<\/div>\n<div class=\"vc_separator wpb_content_element vc_separator_align_center vc_sep_width_100 vc_sep_pos_align_center vc_separator_no_text vc_sep_color_grey wpb_content_element  wpb_content_element\" ><span class=\"vc_sep_holder vc_sep_holder_l\"><span class=\"vc_sep_line\"><\/span><\/span><span class=\"vc_sep_holder vc_sep_holder_r\"><span class=\"vc_sep_line\"><\/span><\/span>\n<\/div><\/div><\/div><\/div><div class=\"wpb_column vc_column_container text-left vc_col-sm-2\"><div class=\"vc_column-inner\"><div class=\"wpb_wrapper\"><\/div><\/div><\/div><\/div><div class=\"vc_row wpb_row vc_row-fluid grop-dhav-dotted vc_custom_1591585987981 vc_row-has-fill\"><div class=\"wpb_column vc_column_container text-left vc_col-sm-12\"><div class=\"vc_column-inner vc_custom_1504694696117\"><div class=\"wpb_wrapper\"><div class=\"grop-callout_area  grop-parlx-69e76a15b56dc\"><div class=\"grop-vertical_middle  grop-fix grop-callout_container   vc_custom_1504695436119\"><div class=\"grop-ab_calut_txt\"><h3><span style=\"color: #ffffff;\">Do you want to make donations?<\/span><\/h3>\n<p><span style=\"color: #ffffff;\">You want to help adolescent girls, young women, and women in social programs.<\/span>.<\/p>\n<\/div><div class=\"grop-float_right grop-callout_btn_warp\"><div class=\"calout-btn\"><a class=\"grop-btn grop-btn_overly grop-callout_btn grop-btn-69e76a15b5761-se-un-voluntario\" href=\"#0\"><span>S\u00c9 UN VOLUNTARIO<\/span><\/a><\/div><\/div><\/div><\/div>\n\t<div  class=\"wpb_single_image wpb_content_element vc_align_left wpb_content_element wpb_animate_when_almost_visible wpb_fadeInDown fadeInDown\">\n\t\t\n\t\t<figure class=\"wpb_wrapper vc_figure\">\n\t\t\t<div class=\"vc_single_image-wrapper   vc_box_border_grey\"><img loading=\"lazy\" decoding=\"async\" width=\"740\" height=\"328\" src=\"https:\/\/asociacionama.org.gt\/wp-content\/uploads\/2020\/06\/banner-se-el-cambio.jpg\" class=\"vc_single_image-img attachment-full\" alt=\"\" title=\"banner-se-el-cambio\" srcset=\"https:\/\/asociacionama.org.gt\/wp-content\/uploads\/2020\/06\/banner-se-el-cambio.jpg 740w, https:\/\/asociacionama.org.gt\/wp-content\/uploads\/2020\/06\/banner-se-el-cambio-300x133.jpg 300w, https:\/\/asociacionama.org.gt\/wp-content\/uploads\/2020\/06\/banner-se-el-cambio-600x266.jpg 600w\" sizes=\"auto, (max-width: 740px) 100vw, 740px\" \/><\/div>\n\t\t<\/figure>\n\t<\/div>\n<\/div><\/div><\/div><\/div>\n<\/div>","protected":false},"excerpt":{"rendered":"\u00c1rea geogr\u00e1fica de proyecci\u00f3n \u00c1rea geogr\u00e1fica de proyecci\u00f3n (\u00e1rea de sur-oriente de Pet\u00e9n) La asociaci\u00f3n trabaja principalmente en la zona sur-oriente del Departamento de Pet\u00e9n, siendo principalmente los municipios de El Chal, Dolores, San Luis y Popt\u00fan. Municipio El Chal El Chal se encuentra a 432 Kil\u00f3metros desde la Ciudad de Guatemala, para llegar se ...","protected":false},"author":1,"featured_media":0,"parent":0,"menu_order":0,"comment_status":"closed","ping_status":"closed","template":"","meta":{"footnotes":""},"class_list":["post-3523","page","type-page","status-publish","hentry"],"_links":{"self":[{"href":"https:\/\/asociacionama.org.gt\/en\/wp-json\/wp\/v2\/pages\/3523","targetHints":{"allow":["GET"]}}],"collection":[{"href":"https:\/\/asociacionama.org.gt\/en\/wp-json\/wp\/v2\/pages"}],"about":[{"href":"https:\/\/asociacionama.org.gt\/en\/wp-json\/wp\/v2\/types\/page"}],"author":[{"embeddable":true,"href":"https:\/\/asociacionama.org.gt\/en\/wp-json\/wp\/v2\/users\/1"}],"replies":[{"embeddable":true,"href":"https:\/\/asociacionama.org.gt\/en\/wp-json\/wp\/v2\/comments?post=3523"}],"version-history":[{"count":13,"href":"https:\/\/asociacionama.org.gt\/en\/wp-json\/wp\/v2\/pages\/3523\/revisions"}],"predecessor-version":[{"id":4403,"href":"https:\/\/asociacionama.org.gt\/en\/wp-json\/wp\/v2\/pages\/3523\/revisions\/4403"}],"wp:attachment":[{"href":"https:\/\/asociacionama.org.gt\/en\/wp-json\/wp\/v2\/media?parent=3523"}],"curies":[{"name":"wp","href":"https:\/\/api.w.org\/{rel}","templated":true}]}}