{"id":3551,"date":"2020-06-24T12:10:48","date_gmt":"2020-06-24T18:10:48","guid":{"rendered":"http:\/\/asociacionama.org.gt\/?page_id=3551"},"modified":"2020-06-25T12:24:53","modified_gmt":"2020-06-25T18:24:53","slug":"marco-legal-asociaciona-ama","status":"publish","type":"page","link":"https:\/\/asociacionama.org.gt\/en\/marco-legal-asociaciona-ama\/","title":{"rendered":"Our legal and fiscal framework"},"content":{"rendered":"<div class=\"wpb-content-wrapper\"><div class=\"vc_row wpb_row vc_row-fluid grop-dhav-dotted\"><div class=\"wpb_column vc_column_container text-left vc_col-sm-12\"><div class=\"vc_column-inner\"><div class=\"wpb_wrapper\"><h1 style=\"font-size: 38px;color: #ef2691;text-align: left;font-family:Roboto Slab;font-weight:700;font-style:normal\" class=\"vc_custom_heading vc_do_custom_heading\" >Our legal and fiscal framework<br \/>\nAMA Association<\/h1><div class=\"vc_separator wpb_content_element vc_separator_align_center vc_sep_width_100 vc_sep_pos_align_center vc_separator_no_text vc_sep_color_grey wpb_content_element  wpb_content_element\" ><span class=\"vc_sep_holder vc_sep_holder_l\"><span class=\"vc_sep_line\"><\/span><\/span><span class=\"vc_sep_holder vc_sep_holder_r\"><span class=\"vc_sep_line\"><\/span><\/span>\n<\/div>\n\t<div  class=\"wpb_single_image wpb_content_element vc_align_center wpb_content_element wpb_animate_when_almost_visible wpb_fadeIn fadeIn\">\n\t\t\n\t\t<figure class=\"wpb_wrapper vc_figure\">\n\t\t\t<div class=\"vc_single_image-wrapper   vc_box_border_grey\"><img loading=\"lazy\" decoding=\"async\" width=\"800\" height=\"412\" src=\"https:\/\/asociacionama.org.gt\/wp-content\/uploads\/2020\/06\/banner-registro-legal-fiscal.jpg\" class=\"vc_single_image-img attachment-full\" alt=\"\" title=\"banner-registro-legal-fiscal\" srcset=\"https:\/\/asociacionama.org.gt\/wp-content\/uploads\/2020\/06\/banner-registro-legal-fiscal.jpg 800w, https:\/\/asociacionama.org.gt\/wp-content\/uploads\/2020\/06\/banner-registro-legal-fiscal-300x155.jpg 300w, https:\/\/asociacionama.org.gt\/wp-content\/uploads\/2020\/06\/banner-registro-legal-fiscal-768x396.jpg 768w, https:\/\/asociacionama.org.gt\/wp-content\/uploads\/2020\/06\/banner-registro-legal-fiscal-600x309.jpg 600w\" sizes=\"auto, (max-width: 800px) 100vw, 800px\" \/><\/div>\n\t\t<\/figure>\n\t<\/div>\n<div class=\"vc_separator wpb_content_element vc_separator_align_center vc_sep_width_100 vc_sep_pos_align_center vc_separator_no_text vc_sep_color_grey wpb_content_element  wpb_content_element\" ><span class=\"vc_sep_holder vc_sep_holder_l\"><span class=\"vc_sep_line\"><\/span><\/span><span class=\"vc_sep_holder vc_sep_holder_r\"><span class=\"vc_sep_line\"><\/span><\/span>\n<\/div><\/div><\/div><\/div><\/div><div class=\"vc_row wpb_row vc_row-fluid grop-dhav-dotted\"><div class=\"wpb_column vc_column_container text-left vc_col-sm-2\"><div class=\"vc_column-inner\"><div class=\"wpb_wrapper\"><\/div><\/div><\/div><div class=\"wpb_column vc_column_container text-left vc_col-sm-8\"><div class=\"vc_column-inner\"><div class=\"wpb_wrapper\">\n\t<div class=\"wpb_text_column wpb_content_element grop-fix grop-about_txt\" >\n\t\t<div class=\"wpb_wrapper\">\n\t\t\t<p><strong>Registration in the Ministry of the Interior, Republic of Guatemala.<\/strong><\/p>\n<p>AMA Association obtained the approval of its bylaws and the recognition of its legal personality through the Registry of Legal Entities of the Ministry of the Interior of Guatemala in 2016, under item three hundred eighty-three (383), folio three hundred eighty-three (383) of book five (5) of Civil Associations.<\/p>\n<p><strong>SAT Registration<\/strong><\/p>\n\n\t\t<\/div>\n\t<\/div>\n<div class=\"vc_separator wpb_content_element vc_separator_align_center vc_sep_width_100 vc_sep_pos_align_center vc_separator_no_text vc_sep_color_grey wpb_content_element  wpb_content_element\" ><span class=\"vc_sep_holder vc_sep_holder_l\"><span class=\"vc_sep_line\"><\/span><\/span><span class=\"vc_sep_holder vc_sep_holder_r\"><span class=\"vc_sep_line\"><\/span><\/span>\n<\/div>\n\t<div  class=\"wpb_single_image wpb_content_element vc_align_left wpb_content_element\">\n\t\t\n\t\t<figure class=\"wpb_wrapper vc_figure\">\n\t\t\t<div class=\"vc_single_image-wrapper   vc_box_border_grey\"><img loading=\"lazy\" decoding=\"async\" width=\"1193\" height=\"842\" src=\"https:\/\/asociacionama.org.gt\/wp-content\/uploads\/2020\/06\/rtu-asociacion-ama.png\" class=\"vc_single_image-img attachment-full\" alt=\"\" title=\"rtu-asociacion-ama\" srcset=\"https:\/\/asociacionama.org.gt\/wp-content\/uploads\/2020\/06\/rtu-asociacion-ama.png 1193w, https:\/\/asociacionama.org.gt\/wp-content\/uploads\/2020\/06\/rtu-asociacion-ama-300x212.png 300w, https:\/\/asociacionama.org.gt\/wp-content\/uploads\/2020\/06\/rtu-asociacion-ama-1024x723.png 1024w, https:\/\/asociacionama.org.gt\/wp-content\/uploads\/2020\/06\/rtu-asociacion-ama-768x542.png 768w, https:\/\/asociacionama.org.gt\/wp-content\/uploads\/2020\/06\/rtu-asociacion-ama-600x423.png 600w\" sizes=\"auto, (max-width: 1193px) 100vw, 1193px\" \/><\/div>\n\t\t<\/figure>\n\t<\/div>\n<\/div><\/div><\/div><div class=\"wpb_column vc_column_container text-left vc_col-sm-2\"><div class=\"vc_column-inner\"><div class=\"wpb_wrapper\"><\/div><\/div><\/div><\/div><div class=\"vc_row wpb_row vc_row-fluid grop-dhav-dotted vc_custom_1591585987981 vc_row-has-fill\"><div class=\"wpb_column vc_column_container text-left vc_col-sm-12\"><div class=\"vc_column-inner vc_custom_1504694696117\"><div class=\"wpb_wrapper\"><div class=\"grop-callout_area  grop-parlx-69e76a12b4548\"><div class=\"grop-vertical_middle  grop-fix grop-callout_container   vc_custom_1504695436119\"><div class=\"grop-ab_calut_txt\"><h3><span style=\"color: #ffffff;\">Do you want to make donations?<\/span><\/h3>\n<p><span style=\"color: #ffffff;\">You want to help adolescent girls, young women, and women in social programs.<\/span>.<\/p>\n<\/div><div class=\"grop-float_right grop-callout_btn_warp\"><div class=\"calout-btn\"><a class=\"grop-btn grop-btn_overly grop-callout_btn grop-btn-69e76a12b46c2-se-un-voluntario\" href=\"#0\"><span>S\u00c9 UN VOLUNTARIO<\/span><\/a><\/div><\/div><\/div><\/div>\n\t<div  class=\"wpb_single_image wpb_content_element vc_align_left wpb_content_element wpb_animate_when_almost_visible wpb_fadeInDown fadeInDown\">\n\t\t\n\t\t<figure class=\"wpb_wrapper vc_figure\">\n\t\t\t<div class=\"vc_single_image-wrapper   vc_box_border_grey\"><img loading=\"lazy\" decoding=\"async\" width=\"740\" height=\"328\" src=\"https:\/\/asociacionama.org.gt\/wp-content\/uploads\/2020\/06\/banner-se-el-cambio.jpg\" class=\"vc_single_image-img attachment-full\" alt=\"\" title=\"banner-se-el-cambio\" srcset=\"https:\/\/asociacionama.org.gt\/wp-content\/uploads\/2020\/06\/banner-se-el-cambio.jpg 740w, https:\/\/asociacionama.org.gt\/wp-content\/uploads\/2020\/06\/banner-se-el-cambio-300x133.jpg 300w, https:\/\/asociacionama.org.gt\/wp-content\/uploads\/2020\/06\/banner-se-el-cambio-600x266.jpg 600w\" sizes=\"auto, (max-width: 740px) 100vw, 740px\" \/><\/div>\n\t\t<\/figure>\n\t<\/div>\n<\/div><\/div><\/div><\/div>\n<\/div>","protected":false},"excerpt":{"rendered":"Marco legal y marco fiscal Asociaci\u00f3n AMA Registro en Ministerio de Gobernaci\u00f3n, Rep\u00fablica de Guatemala Asociaci\u00f3n AMA obtuvo la aprobaci\u00f3n de sus estatutos y el reconocimiento de su personalidad jur\u00eddica a trav\u00e9s del Registro de Personas Jur\u00eddicas del Ministerio de Gobernaci\u00f3n de Guatemala en el a\u00f1o 2016, bajo la partida trescientos ochenta y tres (383), ...","protected":false},"author":1,"featured_media":0,"parent":0,"menu_order":0,"comment_status":"closed","ping_status":"closed","template":"","meta":{"footnotes":""},"class_list":["post-3551","page","type-page","status-publish","hentry"],"_links":{"self":[{"href":"https:\/\/asociacionama.org.gt\/en\/wp-json\/wp\/v2\/pages\/3551","targetHints":{"allow":["GET"]}}],"collection":[{"href":"https:\/\/asociacionama.org.gt\/en\/wp-json\/wp\/v2\/pages"}],"about":[{"href":"https:\/\/asociacionama.org.gt\/en\/wp-json\/wp\/v2\/types\/page"}],"author":[{"embeddable":true,"href":"https:\/\/asociacionama.org.gt\/en\/wp-json\/wp\/v2\/users\/1"}],"replies":[{"embeddable":true,"href":"https:\/\/asociacionama.org.gt\/en\/wp-json\/wp\/v2\/comments?post=3551"}],"version-history":[{"count":4,"href":"https:\/\/asociacionama.org.gt\/en\/wp-json\/wp\/v2\/pages\/3551\/revisions"}],"predecessor-version":[{"id":3583,"href":"https:\/\/asociacionama.org.gt\/en\/wp-json\/wp\/v2\/pages\/3551\/revisions\/3583"}],"wp:attachment":[{"href":"https:\/\/asociacionama.org.gt\/en\/wp-json\/wp\/v2\/media?parent=3551"}],"curies":[{"name":"wp","href":"https:\/\/api.w.org\/{rel}","templated":true}]}}