{"id":4007,"date":"2020-07-08T17:22:12","date_gmt":"2020-07-08T23:22:12","guid":{"rendered":"http:\/\/asociacionama.org.gt\/?page_id=4007"},"modified":"2020-07-08T20:12:53","modified_gmt":"2020-07-09T02:12:53","slug":"covid19-salud-ninas-mujeres-peten","status":"publish","type":"page","link":"https:\/\/asociacionama.org.gt\/en\/covid19-salud-ninas-mujeres-peten\/","title":{"rendered":"COVID-19 Program \u2013 Health for girls and women from Pet\u00e9n"},"content":{"rendered":"<div class=\"wpb-content-wrapper\"><div class=\"vc_row wpb_row vc_row-fluid grop-dhav-dotted\"><div class=\"wpb_column vc_column_container text-left vc_col-sm-12\"><div class=\"vc_column-inner\"><div class=\"wpb_wrapper\">\n\t<div  class=\"wpb_single_image wpb_content_element vc_align_center wpb_content_element\">\n\t\t\n\t\t<figure class=\"wpb_wrapper vc_figure\">\n\t\t\t<div class=\"vc_single_image-wrapper   vc_box_border_grey\"><img loading=\"lazy\" decoding=\"async\" width=\"1200\" height=\"728\" src=\"https:\/\/asociacionama.org.gt\/wp-content\/uploads\/2020\/07\/covid19-programa-radial.jpg\" class=\"vc_single_image-img attachment-full\" alt=\"\" title=\"covid19-programa-radial\" srcset=\"https:\/\/asociacionama.org.gt\/wp-content\/uploads\/2020\/07\/covid19-programa-radial.jpg 1200w, https:\/\/asociacionama.org.gt\/wp-content\/uploads\/2020\/07\/covid19-programa-radial-300x182.jpg 300w, https:\/\/asociacionama.org.gt\/wp-content\/uploads\/2020\/07\/covid19-programa-radial-1024x621.jpg 1024w, https:\/\/asociacionama.org.gt\/wp-content\/uploads\/2020\/07\/covid19-programa-radial-768x466.jpg 768w, https:\/\/asociacionama.org.gt\/wp-content\/uploads\/2020\/07\/covid19-programa-radial-600x364.jpg 600w\" sizes=\"auto, (max-width: 1200px) 100vw, 1200px\" \/><\/div>\n\t\t<\/figure>\n\t<\/div>\n<\/div><\/div><\/div><\/div><div class=\"vc_row wpb_row vc_row-fluid grop-dhav-dotted\"><div class=\"wpb_column vc_column_container text-left vc_col-sm-12\"><div class=\"vc_column-inner\"><div class=\"wpb_wrapper\">\n\t<div class=\"wpb_text_column wpb_content_element\" >\n\t\t<div class=\"wpb_wrapper\">\n\t\t\t<hr \/>\n<h3><strong>Project Name: <\/strong><\/h3>\n<h3><strong>COVID-19 and the health of Maya Q'eqch\u00ed and Ladina girls and women of Southern Pet\u00e9n, Guatemala (2020)<\/strong><\/h3>\n\n\t\t<\/div>\n\t<\/div>\n<\/div><\/div><\/div><\/div><div class=\"vc_row wpb_row vc_row-fluid grop-dhav-dotted\"><div class=\"wpb_column vc_column_container text-left vc_col-sm-4\"><div class=\"vc_column-inner\"><div class=\"wpb_wrapper\"><div class=\"vc_icon_element vc_icon_element-outer vc_do_icon vc_icon_element-align-center\"><div class=\"vc_icon_element-inner vc_icon_element-color-custom vc_icon_element-size-md vc_icon_element-style- vc_icon_element-background-color-grey\" ><span class=\"vc_icon_element-icon far fa-calendar-alt\" style=\"color:#cc2e78 !important\"><\/span><\/div><\/div>\n\t<div class=\"wpb_text_column wpb_content_element\" >\n\t\t<div class=\"wpb_wrapper\">\n\t\t\t<p style=\"text-align: center;\"><strong>Start Date: 05\/01\/2020<\/strong><\/p>\n\n\t\t<\/div>\n\t<\/div>\n<\/div><\/div><\/div><div class=\"wpb_column vc_column_container text-left vc_col-sm-4\"><div class=\"vc_column-inner\"><div class=\"wpb_wrapper\"><div class=\"vc_icon_element vc_icon_element-outer vc_do_icon vc_icon_element-align-center\"><div class=\"vc_icon_element-inner vc_icon_element-color-custom vc_icon_element-size-md vc_icon_element-style- vc_icon_element-background-color-grey\" ><span class=\"vc_icon_element-icon fas fa-calendar-alt\" style=\"color:#cc2e78 !important\"><\/span><\/div><\/div>\n\t<div class=\"wpb_text_column wpb_content_element\" >\n\t\t<div class=\"wpb_wrapper\">\n\t\t\t<p style=\"text-align: center;\"><strong>End date: 05\/31\/2020<br \/>\n<\/strong><\/p>\n\n\t\t<\/div>\n\t<\/div>\n<\/div><\/div><\/div><div class=\"wpb_column vc_column_container text-left vc_col-sm-4\"><div class=\"vc_column-inner\"><div class=\"wpb_wrapper\"><div class=\"vc_icon_element vc_icon_element-outer vc_do_icon vc_icon_element-align-center\"><div class=\"vc_icon_element-inner vc_icon_element-color-custom vc_icon_element-size-md vc_icon_element-style- vc_icon_element-background-color-grey\" ><span class=\"vc_icon_element-icon fas fa-users\" style=\"color:#cc2e78 !important\"><\/span><\/div><\/div>\n\t<div class=\"wpb_text_column wpb_content_element\" >\n\t\t<div class=\"wpb_wrapper\">\n\t\t\t<p style=\"text-align: center;\"><strong>4 radio broadcasts<br \/>\n<\/strong><\/p>\n\n\t\t<\/div>\n\t<\/div>\n<\/div><\/div><\/div><\/div><div class=\"vc_row wpb_row vc_row-fluid grop-dhav-dotted\"><div class=\"wpb_column vc_column_container text-left vc_col-sm-12\"><div class=\"vc_column-inner\"><div class=\"wpb_wrapper\"><div class=\"vc_separator wpb_content_element vc_separator_align_center vc_sep_width_100 vc_sep_pos_align_center vc_separator_no_text vc_sep_color_grey wpb_content_element  wpb_content_element\" ><span class=\"vc_sep_holder vc_sep_holder_l\"><span class=\"vc_sep_line\"><\/span><\/span><span class=\"vc_sep_holder vc_sep_holder_r\"><span class=\"vc_sep_line\"><\/span><\/span>\n<\/div>\n\t<div class=\"wpb_text_column wpb_content_element\" >\n\t\t<div class=\"wpb_wrapper\">\n\t\t\t<h3><strong>Project Description:<\/strong><\/h3>\n<hr \/>\n<p>With the project \"COVID-19 and the health of Maya Q'eqch\u00ed and Ladina girls and women of Southern Pet\u00e9n, Guatemala\". Implemented within the framework of the International Day of Action for Women's Health 2020, COVID-19's containment and prevention actions were strengthened and the importance of access to sexual and reproductive health in times of pandemic in Southern Pet\u00e9n, Guatemala.<\/p>\n<p>Through informing and sensitizing girls and women about hygiene and safety measures for the containment and prevention of COVID-19 and the importance of having access to sexual and reproductive health in times of pandemic.<\/p>\n<p>Para lograr el objetivo se desarrollaron cuatro emisiones del programa de radio biling\u00fce Espa\u00f1ol-Maya Q\u2019eqch\u00ed \u00abEl ABC de la Sexualidad\u00bb el cual fue transmitido por la radio comunitaria con orientaci\u00f3n en la religi\u00f3n evang\u00e9lica Shekina 102.9 FM la cual se sintoniza en l\u00ednea por el enlace: <a href=\"https:\/\/shekinafmpoptun.radiostream123.com\/\">https:\/\/shekinafmpoptun.radiostream123.com\/<\/a>.<\/p>\n<p>In addition, four bilingual Spanish-Maya Q'eqch\u00ed radio spots were produced and broadcast (two in Spanish, two in Maya Q'eqch\u00ed) on access and importance of sexual and reproductive health and prevention of domestic violence in times of pandemic, which were transmitted during the period of implementation of the proposal, by Shekina radio.<\/p>\n<p>With this project, AMA Association joined the #GritoPorLaSaludDeLasMujeres campaign, which was promoted by the Latin American and Caribbean Women's Health Network (Red de Salud de las Mujeres Latinoamericanas y del Caribe -RSMLAC), of which it is a member.<\/p>\n<p>In addition, 90 broadcasts were made of the bilingual Spanish-Q'eqch\u00ed radio program \"El ABC de la Sexualidad\" (The ABC of Sexuality), which was transmitted as an open forum, where young people and parents spoke openly about the aforementioned topics.<\/p>\n\n\t\t<\/div>\n\t<\/div>\n<\/div><\/div><\/div><\/div><div class=\"vc_row wpb_row vc_row-fluid grop-dhav-dotted\"><div class=\"wpb_column vc_column_container text-left vc_col-sm-12\"><div class=\"vc_column-inner\"><div class=\"wpb_wrapper\"><h2 style=\"text-align: center;font-family:Roboto Slab;font-weight:700;font-style:normal\" class=\"vc_custom_heading vc_do_custom_heading\" >2020 Activities<\/h2><div class=\"vc_empty_space\"   style=\"height: 22px\"><span class=\"vc_empty_space_inner\"><\/span><\/div><\/div><\/div><\/div><\/div><div class=\"vc_row wpb_row vc_row-fluid grop-dhav-dotted\"><div class=\"wpb_column vc_column_container text-left vc_col-sm-12\"><div class=\"vc_column-inner\"><div class=\"wpb_wrapper\"><div class=\"vc_tta-container\" data-vc-action=\"collapseAll\"><div class=\"vc_general vc_tta vc_tta-accordion vc_tta-color-juicy-pink vc_tta-style-modern vc_tta-shape-rounded vc_tta-spacing-3 vc_tta-controls-align-default vc_tta-o-all-clickable\"><div class=\"vc_tta-panels-container\"><div class=\"vc_tta-panels\"><div class=\"vc_tta-panel\" id=\"ProgramaRadio\" data-vc-content=\".vc_tta-panel-body\"><div class=\"vc_tta-panel-heading\"><h4 class=\"vc_tta-panel-title vc_tta-controls-icon-position-left\"><a href=\"#ProgramaRadio\" data-vc-accordion data-vc-container=\".vc_tta-container\"><span class=\"vc_tta-title-text\">Bilingual Spanish-Maya Q'eqch\u00ed radio program \"El ABC de la Sexualidad\" (The ABC of Sexuality).<\/span><i class=\"vc_tta-controls-icon vc_tta-controls-icon-plus\"><\/i><\/a><\/h4><\/div><div class=\"vc_tta-panel-body\">\n\t<div class=\"wpb_text_column wpb_content_element\" >\n\t\t<div class=\"wpb_wrapper\">\n\t\t\t<p style=\"padding-left: 50px;\"><strong>Direct beneficiaries:<\/strong><\/p>\n<ul>\n<li style=\"list-style-type: none;\">\n<ul>\n<li style=\"list-style-type: none;\">\n<ul>\n<li style=\"list-style-type: none;\">\n<ul>\n<li>3,000 adolescent girls and women from rural communities and marginal urban areas of the Maya Q'eqch\u00ed and Mestizo communities in the municipalities of San Luis, Popt\u00fan, Dolores, El Chal, and Santa Ana, Pet\u00e9n, whom professing the Evangelical Christian religion and tune in to Shekina radio.<\/li>\n<li>90,000 adolescent girls and women from rural communities and marginalized urban Maya Q'eqch\u00ed and Mestizo areas in Pet\u00e9n, Izabal, Quiche, Alta, and Baja departments Verapaz, Guatemala, who tune in to the U'tan Kaj radio station, where the educational spots were also broadcast.<\/li>\n<\/ul>\n<\/li>\n<\/ul>\n<\/li>\n<\/ul>\n<\/li>\n<\/ul>\n\n\t\t<\/div>\n\t<\/div>\n<\/div><\/div><\/div><\/div><\/div><\/div><\/div><\/div><\/div><\/div><div class=\"vc_row wpb_row vc_row-fluid grop-dhav-dotted\"><div class=\"wpb_column vc_column_container text-left vc_col-sm-12\"><div class=\"vc_column-inner\"><div class=\"wpb_wrapper\"><h2 style=\"text-align: center;font-family:Roboto Slab;font-weight:700;font-style:normal\" class=\"vc_custom_heading vc_do_custom_heading\" >Project implementation<\/h2><div class=\"vc_empty_space\"   style=\"height: 22px\"><span class=\"vc_empty_space_inner\"><\/span><\/div><\/div><\/div><\/div><\/div><div class=\"vc_row wpb_row vc_row-fluid grop-dhav-dotted\"><div class=\"wpb_column vc_column_container text-left vc_col-sm-12\"><div class=\"vc_column-inner\"><div class=\"wpb_wrapper\"><div class=\"vc_tta-container\" data-vc-action=\"collapseAll\"><div class=\"vc_general vc_tta vc_tta-accordion vc_tta-color-juicy-pink vc_tta-style-modern vc_tta-shape-rounded vc_tta-spacing-3 vc_tta-controls-align-default vc_tta-o-all-clickable\"><div class=\"vc_tta-panels-container\"><div class=\"vc_tta-panels\"><div class=\"vc_tta-panel\" id=\"BreveDescripcion\" data-vc-content=\".vc_tta-panel-body\"><div class=\"vc_tta-panel-heading\"><h4 class=\"vc_tta-panel-title vc_tta-controls-icon-position-left\"><a href=\"#BreveDescripcion\" data-vc-accordion data-vc-container=\".vc_tta-container\"><span class=\"vc_tta-title-text\">Project implementation<\/span><i class=\"vc_tta-controls-icon vc_tta-controls-icon-plus\"><\/i><\/a><\/h4><\/div><div class=\"vc_tta-panel-body\">\n\t<div class=\"wpb_text_column wpb_content_element\" >\n\t\t<div class=\"wpb_wrapper\">\n\t\t\t<p>With the project \"COVID-19 and the health of Maya Q'eqch\u00ed and Ladina girls and women of Southern Pet\u00e9n, Guatemala\". Executed within the framework of the International Day of Action for Women's Health 2020, COVID-19 containment and prevention actions and the importance of having access to sexual and reproductive health in times of pandemic in Southern Pet\u00e9n, Guatemala was strengthened.<\/p>\n<p>To achieve the objective, the following activities were implemented:<\/p>\n<p>&nbsp;<\/p>\n<p><strong>A1. Cuatro emisiones del programa de radio biling\u00fce espa\u00f1ol-Maya Q\u2019eqch\u00ed \u00abEl ABC de la Sexualidad\u00bb.<\/strong><\/p>\n<p>The programs were broadcast by the evangelical-oriented community radio station Shekina 102.9 FM, which is tuned online here: <a href=\"https:\/\/shekinafmpoptun.radiostream123.com\/\">https:\/\/shekinafmpoptun.radiostream123.com\/<\/a>.<\/p>\n<p>Each program lasted one hour and was conducted by three bilingual speakers from the AMA Association.<\/p>\n<p>The programs focused on informing adolescent girls and women about COVID-19 containment, prevention and hygiene measures, the importance of continuing to practice sexual reproductive health, preventing violence during the pandemic, and socializing the International Day of Action for Women's Health.<\/p>\n<p>The programs were interactive since during each broadcast the listeners made comments, sent greetings or requests, and asked questions related to their sexual and reproductive rights, ways to prevent or denounce violence since some of them stated that during the pandemic the violence they experience has increased.<\/p>\n<p>The recurrent and interactive radio program strengthened the transmissions since it counted with the participation of girls and women, who often live in unequal situations, violence, and discrimination, especially those living in rural and marginal urban Maya Q'eqch\u00ed and Ladina areas with poverty index and for whom the main means of communication in the community radio.<\/p>\n<p>&nbsp;<\/p>\n<p><strong>A2. Four productions and broadcasts of bilingual Spanish-Maya Q'eqch\u00ed radio spots (two in Spanish and two in Maya Q'eqch\u00ed).<\/strong><\/p>\n<p>The bilingual Spanish-Maya Q'eqch\u00ed educational spots were aired during the radio programs and talked about access and importance of sexual and reproductive health and prevention of domestic violence in times of pandemic.<\/p>\n<p>Debido a gestiones realizadas con la gerencia de la radio, los spot fueron transmitidos durante todo el mes de\u00a0 mayo durante la programaci\u00f3n regular de la radio Shekina. Adem\u00e1s, se transmitieron por la radio comunitaria U\u2019tan Kaj 106.9 FM, donde AMA transmiti\u00f3 el programa \u00abEl ABC de la Sexualidad\u00bb, los d\u00edas s\u00e1bados de 10:00 a 11:00 horas, en alianza con el Fondo Global de Mujeres.<\/p>\n<p>The spots were produced by the team of Maya Q'eqch\u00ed and Ladinas from the AMA Association, who produced them in a dynamic way and with languages in keeping with the context of the populations of southern Pet\u00e9n.<\/p>\n\n\t\t<\/div>\n\t<\/div>\n<\/div><\/div><div class=\"vc_tta-panel\" id=\"BreveDescripcionResultados\" data-vc-content=\".vc_tta-panel-body\"><div class=\"vc_tta-panel-heading\"><h4 class=\"vc_tta-panel-title vc_tta-controls-icon-position-left\"><a href=\"#BreveDescripcionResultados\" data-vc-accordion data-vc-container=\".vc_tta-container\"><span class=\"vc_tta-title-text\">Project Outcomes<\/span><i class=\"vc_tta-controls-icon vc_tta-controls-icon-plus\"><\/i><\/a><\/h4><\/div><div class=\"vc_tta-panel-body\">\n\t<div class=\"wpb_text_column wpb_content_element\" >\n\t\t<div class=\"wpb_wrapper\">\n\t\t\t<ul>\n<li>3,000 adolescent girls and women from rural communities and marginal urban areas of the Maya Q'eqch\u00ed and Ladino communities in the municipalities of San Luis, Popt\u00fan, Dolores, El Chal, and Santa Ana, Pet\u00e9n, who profess the evangelical Christian religion, sensitized on hygiene measures and prevention of COVID-19 and the importance of sexual and reproductive health care.<\/li>\n<\/ul>\n<ul>\n<li>90,000 adolescent girls and women from rural communities and marginalized urban Maya Q'eqch\u00ed and Ladina areas in the departments of Pet\u00e9n, Izabal, Quiche, Alta and Baja Verapaz, Guatemala, sensitized on hygiene and COVID-19 prevention measures and prevention of COVID-19 and the importance of sexual and reproductive health care.<\/li>\n<\/ul>\n\n\t\t<\/div>\n\t<\/div>\n<\/div><\/div><div class=\"vc_tta-panel\" id=\"IndicadoresImportantes\" data-vc-content=\".vc_tta-panel-body\"><div class=\"vc_tta-panel-heading\"><h4 class=\"vc_tta-panel-title vc_tta-controls-icon-position-left\"><a href=\"#IndicadoresImportantes\" data-vc-accordion data-vc-container=\".vc_tta-container\"><span class=\"vc_tta-title-text\">Most important indicators<\/span><i class=\"vc_tta-controls-icon vc_tta-controls-icon-plus\"><\/i><\/a><\/h4><\/div><div class=\"vc_tta-panel-body\">\n\t<div class=\"wpb_text_column wpb_content_element\" >\n\t\t<div class=\"wpb_wrapper\">\n\t\t\t<ul>\n<li>In Guatemala, 18,096 people are reported to be infected with COVID-19 and 773 have died as of June 2020.<\/li>\n<li>As of June, 1,111 children and adolescents are reported to be infected with COVID-19 in Guatemala, of which 48.9% are adolescent girls.<\/li>\n<li>In the midst of the coronavirus crisis, 55 reports of domestic violence per day are registered in Guatemala<\/li>\n<\/ul>\n\n\t\t<\/div>\n\t<\/div>\n<\/div><\/div><\/div><\/div><\/div><\/div><\/div><\/div><\/div><\/div><div class=\"vc_row wpb_row vc_row-fluid grop-dhav-dotted\"><div class=\"wpb_column vc_column_container text-left vc_col-sm-12\"><div class=\"vc_column-inner\"><div class=\"wpb_wrapper\"><h3 style=\"text-align: left;font-family:Roboto Slab;font-weight:700;font-style:normal\" class=\"vc_custom_heading vc_do_custom_heading\" >The donor who funded this project<\/h3><\/div><\/div><\/div><\/div><div class=\"vc_row wpb_row vc_row-fluid grop-dhav-dotted\"><div class=\"wpb_column vc_column_container text-left vc_col-sm-6\"><div class=\"vc_column-inner\"><div class=\"wpb_wrapper\"><div class=\"vc_empty_space\"   style=\"height: 32px\"><span class=\"vc_empty_space_inner\"><\/span><\/div>\n\t<div  class=\"wpb_single_image wpb_content_element vc_align_left wpb_content_element\">\n\t\t\n\t\t<figure class=\"wpb_wrapper vc_figure\">\n\t\t\t<div class=\"vc_single_image-wrapper   vc_box_border_grey\"><img loading=\"lazy\" decoding=\"async\" width=\"327\" height=\"122\" src=\"https:\/\/asociacionama.org.gt\/wp-content\/uploads\/2020\/07\/rsmlac-logo.jpg\" class=\"vc_single_image-img attachment-full\" alt=\"\" title=\"rsmlac-logo\" srcset=\"https:\/\/asociacionama.org.gt\/wp-content\/uploads\/2020\/07\/rsmlac-logo.jpg 327w, https:\/\/asociacionama.org.gt\/wp-content\/uploads\/2020\/07\/rsmlac-logo-300x112.jpg 300w\" sizes=\"auto, (max-width: 327px) 100vw, 327px\" \/><\/div>\n\t\t<\/figure>\n\t<\/div>\n<\/div><\/div><\/div><div class=\"wpb_column vc_column_container text-left vc_col-sm-6\"><div class=\"vc_column-inner\"><div class=\"wpb_wrapper\"><\/div><\/div><\/div><\/div><div class=\"vc_row wpb_row vc_row-fluid grop-dhav-dotted\"><div class=\"wpb_column vc_column_container text-left vc_col-sm-12\"><div class=\"vc_column-inner\"><div class=\"wpb_wrapper\"><h2 style=\"text-align: center;font-family:Roboto Slab;font-weight:700;font-style:normal\" class=\"vc_custom_heading vc_do_custom_heading\" >Photo Gallery 2019<\/h2><div class=\"vc_empty_space\"   style=\"height: 22px\"><span class=\"vc_empty_space_inner\"><\/span><\/div><\/div><\/div><\/div><\/div><div class=\"vc_row wpb_row vc_row-fluid grop-dhav-dotted\"><div class=\"wpb_column vc_column_container text-left vc_col-sm-2\"><div class=\"vc_column-inner\"><div class=\"wpb_wrapper\"><\/div><\/div><\/div><div class=\"wpb_column vc_column_container text-left vc_col-sm-8\"><div class=\"vc_column-inner\"><div class=\"wpb_wrapper\"><div class=\"wpb_gallery wpb_content_element vc_clearfix wpb_content_element wpb_animate_when_almost_visible wpb_bounceIn bounceIn\" ><div class=\"wpb_wrapper\"><h2 class=\"wpb_heading wpb_gallery_heading\">Radio Program \"ABC of sexuality\".<\/h2><div class=\"wpb_gallery_slides wpb_flexslider flexslider_fade flexslider\" data-interval=\"0\" data-flex_fx=\"fade\"><ul class=\"slides\"><li><a class=\"\" href=\"https:\/\/asociacionama.org.gt\/wp-content\/uploads\/2020\/07\/Programa-RMSLAC2020-02.jpg\" data-lightbox=\"lightbox[rel-4007-534791336]\"><img decoding=\"async\" class=\"\" src=\"https:\/\/asociacionama.org.gt\/wp-content\/uploads\/2020\/07\/Programa-RMSLAC2020-02-600x450.jpg\" width=\"600\" height=\"450\" alt=\"bty\" title=\"bty\" loading=\"lazy\" \/><\/a><\/li><li><a class=\"\" href=\"https:\/\/asociacionama.org.gt\/wp-content\/uploads\/2020\/07\/Programa-RMSLAC2020-03.jpg\" data-lightbox=\"lightbox[rel-4007-534791336]\"><img decoding=\"async\" class=\"\" src=\"https:\/\/asociacionama.org.gt\/wp-content\/uploads\/2020\/07\/Programa-RMSLAC2020-03-600x450.jpg\" width=\"600\" height=\"450\" alt=\"bty\" title=\"bty\" loading=\"lazy\" \/><\/a><\/li><li><a class=\"\" href=\"https:\/\/asociacionama.org.gt\/wp-content\/uploads\/2020\/07\/Programa-RMSLAC2020-04.jpg\" data-lightbox=\"lightbox[rel-4007-534791336]\"><img decoding=\"async\" class=\"\" src=\"https:\/\/asociacionama.org.gt\/wp-content\/uploads\/2020\/07\/Programa-RMSLAC2020-04-600x450.jpg\" width=\"600\" height=\"450\" alt=\"bty\" title=\"bty\" loading=\"lazy\" \/><\/a><\/li><li><a class=\"\" href=\"https:\/\/asociacionama.org.gt\/wp-content\/uploads\/2020\/07\/Programa-RMSLAC2020-05.jpg\" data-lightbox=\"lightbox[rel-4007-534791336]\"><img decoding=\"async\" class=\"\" src=\"https:\/\/asociacionama.org.gt\/wp-content\/uploads\/2020\/07\/Programa-RMSLAC2020-05-600x450.jpg\" width=\"600\" height=\"450\" alt=\"bty\" title=\"bty\" loading=\"lazy\" \/><\/a><\/li><li><a class=\"\" href=\"https:\/\/asociacionama.org.gt\/wp-content\/uploads\/2020\/07\/Programa-RMSLAC2020-06.jpg\" data-lightbox=\"lightbox[rel-4007-534791336]\"><img decoding=\"async\" class=\"\" src=\"https:\/\/asociacionama.org.gt\/wp-content\/uploads\/2020\/07\/Programa-RMSLAC2020-06-600x450.jpg\" width=\"600\" height=\"450\" alt=\"bty\" title=\"bty\" loading=\"lazy\" \/><\/a><\/li><li><a class=\"\" href=\"https:\/\/asociacionama.org.gt\/wp-content\/uploads\/2020\/07\/Programa-RMSLAC2020-01.jpg\" data-lightbox=\"lightbox[rel-4007-534791336]\"><img decoding=\"async\" class=\"\" src=\"https:\/\/asociacionama.org.gt\/wp-content\/uploads\/2020\/07\/Programa-RMSLAC2020-01-600x449.jpg\" width=\"600\" height=\"449\" alt=\"dav\" title=\"dav\" loading=\"lazy\" \/><\/a><\/li><\/ul><\/div><\/div><\/div><\/div><\/div><\/div><div class=\"wpb_column vc_column_container text-left vc_col-sm-2\"><div class=\"vc_column-inner\"><div class=\"wpb_wrapper\"><\/div><\/div><\/div><\/div>\n<\/div>","protected":false},"excerpt":{"rendered":"Nombre del Proyecto: COVID-19 y la salud de las ni\u00f1as y mujeres Maya Q\u2019eqch\u00ed y Ladinas del Sur de Pet\u00e9n, Guatemala\u00a0 (2020) Fecha de inicio: 01\/05\/2020 Fecha de finalizaci\u00f3n: 31\/05\/2020 4 emisiones de radio Descripci\u00f3n del proyecto: Con el proyecto \u201cCOVID-19 y la salud de las ni\u00f1as y mujeres Maya Q\u2019eqch\u00ed y ladinas del Sur ...","protected":false},"author":1,"featured_media":4054,"parent":0,"menu_order":0,"comment_status":"closed","ping_status":"closed","template":"","meta":{"footnotes":""},"class_list":["post-4007","page","type-page","status-publish","has-post-thumbnail","hentry"],"_links":{"self":[{"href":"https:\/\/asociacionama.org.gt\/en\/wp-json\/wp\/v2\/pages\/4007","targetHints":{"allow":["GET"]}}],"collection":[{"href":"https:\/\/asociacionama.org.gt\/en\/wp-json\/wp\/v2\/pages"}],"about":[{"href":"https:\/\/asociacionama.org.gt\/en\/wp-json\/wp\/v2\/types\/page"}],"author":[{"embeddable":true,"href":"https:\/\/asociacionama.org.gt\/en\/wp-json\/wp\/v2\/users\/1"}],"replies":[{"embeddable":true,"href":"https:\/\/asociacionama.org.gt\/en\/wp-json\/wp\/v2\/comments?post=4007"}],"version-history":[{"count":11,"href":"https:\/\/asociacionama.org.gt\/en\/wp-json\/wp\/v2\/pages\/4007\/revisions"}],"predecessor-version":[{"id":4055,"href":"https:\/\/asociacionama.org.gt\/en\/wp-json\/wp\/v2\/pages\/4007\/revisions\/4055"}],"wp:featuredmedia":[{"embeddable":true,"href":"https:\/\/asociacionama.org.gt\/en\/wp-json\/wp\/v2\/media\/4054"}],"wp:attachment":[{"href":"https:\/\/asociacionama.org.gt\/en\/wp-json\/wp\/v2\/media?parent=4007"}],"curies":[{"name":"wp","href":"https:\/\/api.w.org\/{rel}","templated":true}]}}