{"id":4379,"date":"2020-10-06T16:37:10","date_gmt":"2020-10-06T22:37:10","guid":{"rendered":"http:\/\/asociacionama.org.gt\/?page_id=4379"},"modified":"2020-10-06T16:50:12","modified_gmt":"2020-10-06T22:50:12","slug":"centros-capacitacion","status":"publish","type":"page","link":"https:\/\/asociacionama.org.gt\/en\/centros-capacitacion\/","title":{"rendered":"Training centers"},"content":{"rendered":"<div class=\"wpb-content-wrapper\"><div class=\"vc_row wpb_row vc_row-fluid grop-dhav-dotted\"><div class=\"wpb_column vc_column_container text-left vc_col-sm-12\"><div class=\"vc_column-inner\"><div class=\"wpb_wrapper\"><h1 style=\"font-size: 38px;color: #4c2c6f;text-align: left;font-family:Roboto Slab;font-weight:700;font-style:normal\" class=\"vc_custom_heading vc_do_custom_heading\" >Training centers Pet\u00e9n Area<\/h1><div class=\"vc_separator wpb_content_element vc_separator_align_center vc_sep_width_100 vc_sep_pos_align_center vc_separator_no_text vc_sep_color_grey wpb_content_element  wpb_content_element\" ><span class=\"vc_sep_holder vc_sep_holder_l\"><span class=\"vc_sep_line\"><\/span><\/span><span class=\"vc_sep_holder vc_sep_holder_r\"><span class=\"vc_sep_line\"><\/span><\/span>\n<\/div><\/div><\/div><\/div><\/div><div class=\"vc_row wpb_row vc_row-fluid grop-dhav-dotted\"><div class=\"wpb_column vc_column_container text-left vc_col-sm-12\"><div class=\"vc_column-inner\"><div class=\"wpb_wrapper\">\n\t<div class=\"wpb_text_column wpb_content_element grop-fix grop-about_txt\" >\n\t\t<div class=\"wpb_wrapper\">\n\t\t\t\n\t\t<\/div>\n\t<\/div>\n\n\t<div class=\"wpb_raw_code wpb_raw_html wpb_content_element\" >\n\t\t<div class=\"wpb_wrapper\">\n\t\t\t<iframe loading=\"lazy\" src=\"https:\/\/www.google.com\/maps\/d\/embed?mid=19stK-Ga0sCDcca7Hk83h6GNDSfkCZmrT\" width=\"1250\" height=\"480\"><\/iframe>\n\t\t<\/div>\n\t<\/div>\n<\/div><\/div><\/div><\/div><div class=\"vc_row wpb_row vc_row-fluid grop-dhav-dotted vc_custom_1591585987981 vc_row-has-fill\"><div class=\"wpb_column vc_column_container text-left vc_col-sm-12\"><div class=\"vc_column-inner vc_custom_1504694696117\"><div class=\"wpb_wrapper\"><div class=\"grop-callout_area  grop-parlx-69e76a12cefc6\"><div class=\"grop-vertical_middle  grop-fix grop-callout_container   vc_custom_1504695436119\"><div class=\"grop-ab_calut_txt\"><h3><span style=\"color: #ffffff;\">Do you want to make donations?<\/span><\/h3>\n<p><span style=\"color: #ffffff;\">You want to help adolescent girls, young women, and women in social programs.<\/span>.<\/p>\n<\/div><div class=\"grop-float_right grop-callout_btn_warp\"><div class=\"calout-btn\"><a class=\"grop-btn grop-btn_overly grop-callout_btn grop-btn-69e76a12cf104-se-un-voluntario\" href=\"#0\"><span>S\u00c9 UN VOLUNTARIO<\/span><\/a><\/div><\/div><\/div><\/div>\n\t<div  class=\"wpb_single_image wpb_content_element vc_align_left wpb_content_element wpb_animate_when_almost_visible wpb_fadeInDown fadeInDown\">\n\t\t\n\t\t<figure class=\"wpb_wrapper vc_figure\">\n\t\t\t<div class=\"vc_single_image-wrapper   vc_box_border_grey\"><img loading=\"lazy\" decoding=\"async\" width=\"740\" height=\"328\" src=\"https:\/\/asociacionama.org.gt\/wp-content\/uploads\/2020\/06\/banner-se-el-cambio.jpg\" class=\"vc_single_image-img attachment-full\" alt=\"\" title=\"banner-se-el-cambio\" srcset=\"https:\/\/asociacionama.org.gt\/wp-content\/uploads\/2020\/06\/banner-se-el-cambio.jpg 740w, https:\/\/asociacionama.org.gt\/wp-content\/uploads\/2020\/06\/banner-se-el-cambio-300x133.jpg 300w, https:\/\/asociacionama.org.gt\/wp-content\/uploads\/2020\/06\/banner-se-el-cambio-600x266.jpg 600w\" sizes=\"auto, (max-width: 740px) 100vw, 740px\" \/><\/div>\n\t\t<\/figure>\n\t<\/div>\n<\/div><\/div><\/div><\/div>\n<\/div>","protected":false},"excerpt":{"rendered":"Centros de Capacitaci\u00f3n \u00c1rea Pet\u00e9n \u00bfQuieres ser voluntario? Quieres ayudar a ni\u00f1as adolescentes, j\u00f3venes y mujeres en programas sociales. S\u00c9 UN VOLUNTARIO","protected":false},"author":1,"featured_media":0,"parent":0,"menu_order":0,"comment_status":"closed","ping_status":"closed","template":"","meta":{"footnotes":""},"class_list":["post-4379","page","type-page","status-publish","hentry"],"_links":{"self":[{"href":"https:\/\/asociacionama.org.gt\/en\/wp-json\/wp\/v2\/pages\/4379","targetHints":{"allow":["GET"]}}],"collection":[{"href":"https:\/\/asociacionama.org.gt\/en\/wp-json\/wp\/v2\/pages"}],"about":[{"href":"https:\/\/asociacionama.org.gt\/en\/wp-json\/wp\/v2\/types\/page"}],"author":[{"embeddable":true,"href":"https:\/\/asociacionama.org.gt\/en\/wp-json\/wp\/v2\/users\/1"}],"replies":[{"embeddable":true,"href":"https:\/\/asociacionama.org.gt\/en\/wp-json\/wp\/v2\/comments?post=4379"}],"version-history":[{"count":7,"href":"https:\/\/asociacionama.org.gt\/en\/wp-json\/wp\/v2\/pages\/4379\/revisions"}],"predecessor-version":[{"id":4387,"href":"https:\/\/asociacionama.org.gt\/en\/wp-json\/wp\/v2\/pages\/4379\/revisions\/4387"}],"wp:attachment":[{"href":"https:\/\/asociacionama.org.gt\/en\/wp-json\/wp\/v2\/media?parent=4379"}],"curies":[{"name":"wp","href":"https:\/\/api.w.org\/{rel}","templated":true}]}}