{"id":4461,"date":"2021-02-16T09:24:43","date_gmt":"2021-02-16T15:24:43","guid":{"rendered":"http:\/\/asociacionama.org.gt\/?page_id=4461"},"modified":"2021-02-16T09:31:19","modified_gmt":"2021-02-16T15:31:19","slug":"historia-ama","status":"publish","type":"page","link":"https:\/\/asociacionama.org.gt\/en\/historia-ama\/","title":{"rendered":"Our history"},"content":{"rendered":"<div class=\"wpb-content-wrapper\"><div class=\"vc_row wpb_row vc_row-fluid grop-dhav-dotted\"><div class=\"wpb_column vc_column_container text-left vc_col-sm-12\"><div class=\"vc_column-inner\"><div class=\"wpb_wrapper\"><h1 style=\"font-size: 38px;color: #4c2c6f;text-align: left;font-family:Roboto Slab;font-weight:700;font-style:normal\" class=\"vc_custom_heading vc_do_custom_heading\" >AMA History<\/h1><div class=\"vc_separator wpb_content_element vc_separator_align_center vc_sep_width_100 vc_sep_pos_align_center vc_separator_no_text vc_sep_color_grey wpb_content_element  wpb_content_element\" ><span class=\"vc_sep_holder vc_sep_holder_l\"><span class=\"vc_sep_line\"><\/span><\/span><span class=\"vc_sep_holder vc_sep_holder_r\"><span class=\"vc_sep_line\"><\/span><\/span>\n<\/div>\n\t<div  class=\"wpb_single_image wpb_content_element vc_align_center wpb_content_element wpb_animate_when_almost_visible wpb_fadeIn fadeIn\">\n\t\t\n\t\t<figure class=\"wpb_wrapper vc_figure\">\n\t\t\t<div class=\"vc_single_image-wrapper   vc_box_border_grey\"><img loading=\"lazy\" decoding=\"async\" width=\"1584\" height=\"575\" src=\"https:\/\/asociacionama.org.gt\/wp-content\/uploads\/2020\/06\/slider-1-asociacionama-2.jpg\" class=\"vc_single_image-img attachment-full\" alt=\"\" title=\"slider-1-asociacionama\" srcset=\"https:\/\/asociacionama.org.gt\/wp-content\/uploads\/2020\/06\/slider-1-asociacionama-2.jpg 1584w, https:\/\/asociacionama.org.gt\/wp-content\/uploads\/2020\/06\/slider-1-asociacionama-2-300x109.jpg 300w, https:\/\/asociacionama.org.gt\/wp-content\/uploads\/2020\/06\/slider-1-asociacionama-2-1024x372.jpg 1024w, https:\/\/asociacionama.org.gt\/wp-content\/uploads\/2020\/06\/slider-1-asociacionama-2-768x279.jpg 768w, https:\/\/asociacionama.org.gt\/wp-content\/uploads\/2020\/06\/slider-1-asociacionama-2-1536x558.jpg 1536w, https:\/\/asociacionama.org.gt\/wp-content\/uploads\/2020\/06\/slider-1-asociacionama-2-600x218.jpg 600w\" sizes=\"auto, (max-width: 1584px) 100vw, 1584px\" \/><\/div>\n\t\t<\/figure>\n\t<\/div>\n<div class=\"vc_separator wpb_content_element vc_separator_align_center vc_sep_width_100 vc_sep_pos_align_center vc_separator_no_text vc_sep_color_grey wpb_content_element  wpb_content_element\" ><span class=\"vc_sep_holder vc_sep_holder_l\"><span class=\"vc_sep_line\"><\/span><\/span><span class=\"vc_sep_holder vc_sep_holder_r\"><span class=\"vc_sep_line\"><\/span><\/span>\n<\/div><\/div><\/div><\/div><\/div><div class=\"vc_row wpb_row vc_row-fluid grop-dhav-dotted\"><div class=\"wpb_column vc_column_container text-left vc_col-sm-1\"><div class=\"vc_column-inner\"><div class=\"wpb_wrapper\"><\/div><\/div><\/div><div class=\"wpb_column vc_column_container text-left vc_col-sm-10\"><div class=\"vc_column-inner\"><div class=\"wpb_wrapper\"><div class=\"vc_tta-container\" data-vc-action=\"collapse\"><div class=\"vc_general vc_tta vc_tta-accordion vc_tta-color-pink vc_tta-style-classic vc_tta-shape-rounded vc_tta-o-shape-group vc_tta-controls-align-default\"><div class=\"vc_tta-panels-container\"><div class=\"vc_tta-panels\"><div class=\"vc_tta-panel vc_active\" id=\"IniciosAMA\" data-vc-content=\".vc_tta-panel-body\"><div class=\"vc_tta-panel-heading\"><h4 class=\"vc_tta-panel-title vc_tta-controls-icon-position-left\"><a href=\"#IniciosAMA\" data-vc-accordion data-vc-container=\".vc_tta-container\"><span class=\"vc_tta-title-text\">The beginnings of the AMA Association<\/span><i class=\"vc_tta-controls-icon vc_tta-controls-icon-plus\"><\/i><\/a><\/h4><\/div><div class=\"vc_tta-panel-body\">\n\t<div class=\"wpb_text_column wpb_content_element\" >\n\t\t<div class=\"wpb_wrapper\">\n\t\t\t<p>AMA Association emerged at the end of 2012 as a youth group made up of adolescent and young women leaders between the ages of 14 and 30, living in rural communities and marginal urban areas of southern Pet\u00e9n, Guatemala (San Lu\u00eds, Popt\u00fan, Dolores and El Chal).<\/p>\n<p>The youth leaders valued the importance of democratic participation, exercising active citizenship, promoting and defending human rights, and being organized to manage resources and respond to the problems faced by adolescents and young women in Southern Pet\u00e9n, Guatemala since there were no full spaces for democratic participation, nor organizations led by young women that would manage resources for adolescents and young women.<\/p>\n<p>Therefore, they decided to form an active group led by young women, which they initially called the Active Women's Youth Group- AMA, in order to promote democratic participation, youth leadership and entrepreneurship, gender equality, sexual and reproductive rights, to respond to the high rate of pregnancy, sexual violence, and child, early and forced marriages and unions among adolescent girls in Southern Pet\u00e9n, Guatemala.<\/p>\n<p>In 2013, AMA participated in the Ola Joven program of the Central American Women's Fund -FCAM-, with the project proposal \"Act\u00edvate Joven Mujer\". Through which AMA was awarded a seed capital fund, which was transferred and managed directly by the group during the implementation of the project in 2014.<\/p>\n<p>As a result of the first experience and the good results achieved, AMA implemented the projects, \"Act\u00edvate Joven Mujer Fase II\", in 2015 and the project \"Organizational strengthening as a strategy for the defense of the rights of young women in southern Pet\u00e9n\" in 2016, with funding from FCAM.<\/p>\n<p>In collaboration with the Fund for Youth of Central America and Mexico -Fondo CAMY- executes the project Love Me and Protect Me from Pregnancy \"Youth Leadership for the prevention of pregnancies in southern Pet\u00e9n\", during 2015, all these projects executed still as a youth group.<\/p>\n<p>Gradually this youth association was valuing the importance of constituting it legally since as a group the access to resources was limited, there are minimal donors who give grants to organizations without legal status and the amount did not exceed five thousand U.S. dollars.<\/p>\n<p>This limited the actions of the youth association since the demands of adolescent girls, women and youth are great and the problems that affect them must be addressed from a comprehensive approach, so it is necessary to have all possible resources, so it is key to become legally constituted.<\/p>\n\n\t\t<\/div>\n\t<\/div>\n<\/div><\/div><div class=\"vc_tta-panel\" id=\"ConstitucionLegal\" data-vc-content=\".vc_tta-panel-body\"><div class=\"vc_tta-panel-heading\"><h4 class=\"vc_tta-panel-title vc_tta-controls-icon-position-left\"><a href=\"#ConstitucionLegal\" data-vc-accordion data-vc-container=\".vc_tta-container\"><span class=\"vc_tta-title-text\">History and importance of the legal constitution of AMA Association<\/span><i class=\"vc_tta-controls-icon vc_tta-controls-icon-plus\"><\/i><\/a><\/h4><\/div><div class=\"vc_tta-panel-body\">\n\t<div class=\"wpb_text_column wpb_content_element\" >\n\t\t<div class=\"wpb_wrapper\">\n\t\t\t<p>During the first two years of active participation through the implementation of projects, AMA Association began to contribute directly to the development of adolescent girls, women, and Maya Q\u2019eqch\u00ed and Mestizo youth of Southern Peten, Guatemala.<\/p>\n<p>During this period, AMA Association gained experience, strengthened its capacities, and deepened its understanding of the problems faced by adolescent girls, women, and youth, but above all the importance of responding to these problems with the full participation of the aforementioned population.<\/p>\n<p>In addition, the AMA Association began to be recognized locally and internationally as an organization led by adolescent girls and young women, which promotes their development through projects and programs aimed at the transfer of skills and advocacy.<\/p>\n<p>In this context in which the AMA Association began to live, allowed its members to value the importance of becoming legally constituted since they considered that this would provide them with autonomy, access to more resources and thus strengthen the work being promoted.<\/p>\n<p>As a result, the AMA Association proposed the legal incorporation of the organization within the project \"Organizational strengthening as a strategy for the promotion and defense of young women's rights, Phase II.\"<\/p>\n<p>AMA Association achieved the objective of becoming legally constituted in July 2016, within the framework of the aforementioned project which was implemented in partnership with the Central American Women's Fund -FCAM-.<\/p>\n<p>The legal constitution of the AMA Association allowed access to more sources of funding, so it went from having two donors, to 10 during the last 4 years and raise the percentage of the budget by 2400%.<\/p>\n<p>This has allowed AMA Association to now have a presence in the 14 municipalities of the department of Pet\u00e9n, to carry out training and advocacy activities with key actors since it now focuses not only on working with adolescent girls and young women but also with officials and collaborators of public institutions and civil society.<\/p>\n<p>AMA has effectively promoted democratic participation and leadership of women and youth, human rights, sexual and reproductive rights (SRR), promoting the prevention of pregnancy in girls and adolescents, the implementation of comprehensive sexuality education (CSE) in the education system, and the inclusion of women and youth in local development processes in southern Pet\u00e9n, with the full participation of young people, local institutions and the organized civil sector.<\/p>\n<p>These processes have led to the empowerment of 21,000 boys and girls, 40,850 adolescents, 26,315 young people, 34,123 women, and 1091 primary and elementary school teachers, with respect to knowledge, defense, and exercise of SRR, gender equity, and democratic participation. Likewise, progress has been made in the implementation of the SIA in 89 primary schools and the inclusion of women and youth in the spaces for participation and within the municipal development agendas of southern Pet\u00e9n has been promoted. These processes have strengthened the work that AMA has been carrying out with the support of local and international actors.<\/p>\n<p>AMA Association has become a leading organization recognized by local and international actors as an organization led by young women that promotes the integral development of adolescent girls, women, and Guatemalan youth through the programs and projects it executes.<\/p>\n<p>The programs and projects have been focused on promoting the human development of adolescent girls, women, and youth, through the transfer of skills, political advocacy, sports as a tool for development and environmental conservation, which as a result of the pandemic of COVID-19 began to turn, as this contracted the importance of providing humanitarian assistance<\/p>\n\n\t\t<\/div>\n\t<\/div>\n<\/div><\/div><div class=\"vc_tta-panel\" id=\"AMARealidadCOVID19\" data-vc-content=\".vc_tta-panel-body\"><div class=\"vc_tta-panel-heading\"><h4 class=\"vc_tta-panel-title vc_tta-controls-icon-position-left\"><a href=\"#AMARealidadCOVID19\" data-vc-accordion data-vc-container=\".vc_tta-container\"><span class=\"vc_tta-title-text\">History of AMA a new reality from COVID-19<\/span><i class=\"vc_tta-controls-icon vc_tta-controls-icon-plus\"><\/i><\/a><\/h4><\/div><div class=\"vc_tta-panel-body\">\n\t<div class=\"wpb_text_column wpb_content_element\" >\n\t\t<div class=\"wpb_wrapper\">\n\t\t\t<p>Before the COVID-19 pandemic, AMA focused its work on human development through the transfer and capacity building of adolescent girls, young Maya Q\u2019eqch\u00ed, mestizo women, and strategic actors in the public and private sector to promote a comprehensive response to the problems faced by adolescent girls.<\/p>\n<p>With the arrival of COVID-19 in Guatemala and the devastating effects it is causing to the health, nutrition, security, and economic situation of adolescent girls and their families, AMA Association valued the importance of implementing actions in response to the pandemic.<\/p>\n<p>In this sense, AMA decided to join the first line of response to COVID-19 in Guatemala, by providing humanitarian aid, education, and timely information on biosecurity measures to prevent COVID-19 and violence in times of pandemic against adolescent girls and their families. This is because the direct beneficiaries live in conditions of poverty in rural communities and marginal urban areas, where the effects of COVID-19 are felt most severely.<\/p>\n<p>The adverse situations in which the beneficiaries live are aggravated by the confinement, suspension of economic activities, and classes imposed by the Government of Guatemala, which has limited access to education, information, prevention, and subsistence activities to which the families of adolescents\u2019 girls are dedicated.<\/p>\n<p>In addition, the Guatemalan public health system has lacked resources to provide quality care to Guatemalans, who have been even more affected by the pandemic, since to date there is no appropriate response to COVID-19, especially in the interior of the country.<\/p>\n<p>As a result of the pandemic and in solidarity at times of emergency, the AMA association now provides humanitarian aid to adolescent girls, young women, and their Maya Q'eqch\u00ed' and mestizo families, so that they can better cope with emergencies.<\/p>\n<p>This response made it possible to provide food support and personal hygiene kits to more than 2,500 people from 628 families in marginal Maya Q'eqch\u00ed and mestizo communities and urban areas in five municipalities of Pet\u00e9n, Guatemala, thereby strengthening the food and nutritional security, menstrual hygiene, and COVID-19 prevention of 628 adolescent girls, 28 of whom live with physical and mental disabilities.<\/p>\n<p>In addition, materials and equipment were provided to the Health Districts of the Pet\u00e9n South-East Health Area and the District Hospital of Popt\u00fan, Pet\u00e9n, Guatemala. The response did not stop there, as an awareness campaign was implemented through 95 radio programs, 13,000 posters, and four billboards with information on biosecurity norms and prevention of violence against adolescent girls and pandemic times, reaching more than 36,000 people.<\/p>\n<p>Related to this in partnership with the Global Fund for Children, Global Fund for Women, MADRE's VIVA Girls Initiative, Women Win, Summit Foundation, and the Latin American and Caribbean Women's Health Network.<\/p>\n<div><\/div>\n\n\t\t<\/div>\n\t<\/div>\n<\/div><\/div><\/div><\/div><\/div><\/div><\/div><\/div><\/div><div class=\"wpb_column vc_column_container text-left vc_col-sm-1\"><div class=\"vc_column-inner\"><div class=\"wpb_wrapper\"><\/div><\/div><\/div><\/div><div class=\"vc_row wpb_row vc_row-fluid grop-dhav-dotted vc_custom_1591585987981 vc_row-has-fill\"><div class=\"wpb_column vc_column_container text-left vc_col-sm-12\"><div class=\"vc_column-inner vc_custom_1504694696117\"><div class=\"wpb_wrapper\"><div class=\"grop-callout_area  grop-parlx-69e76a13383fb\"><div class=\"grop-vertical_middle  grop-fix grop-callout_container   vc_custom_1504695436119\"><div class=\"grop-ab_calut_txt\"><h3><span style=\"color: #ffffff;\">Do you want to make donations?<\/span><\/h3>\n<p><span style=\"color: #ffffff;\">You want to help adolescent girls, young women, and women in social programs.<\/span>.<\/p>\n<\/div><div class=\"grop-float_right grop-callout_btn_warp\"><div class=\"calout-btn\"><a class=\"grop-btn grop-btn_overly grop-callout_btn grop-btn-69e76a1338483-se-un-voluntario\" href=\"#0\"><span>S\u00c9 UN VOLUNTARIO<\/span><\/a><\/div><\/div><\/div><\/div>\n\t<div  class=\"wpb_single_image wpb_content_element vc_align_left wpb_content_element wpb_animate_when_almost_visible wpb_fadeInDown fadeInDown\">\n\t\t\n\t\t<figure class=\"wpb_wrapper vc_figure\">\n\t\t\t<div class=\"vc_single_image-wrapper   vc_box_border_grey\"><img loading=\"lazy\" decoding=\"async\" width=\"740\" height=\"328\" src=\"https:\/\/asociacionama.org.gt\/wp-content\/uploads\/2020\/06\/banner-se-el-cambio.jpg\" class=\"vc_single_image-img attachment-full\" alt=\"\" title=\"banner-se-el-cambio\" srcset=\"https:\/\/asociacionama.org.gt\/wp-content\/uploads\/2020\/06\/banner-se-el-cambio.jpg 740w, https:\/\/asociacionama.org.gt\/wp-content\/uploads\/2020\/06\/banner-se-el-cambio-300x133.jpg 300w, https:\/\/asociacionama.org.gt\/wp-content\/uploads\/2020\/06\/banner-se-el-cambio-600x266.jpg 600w\" sizes=\"auto, (max-width: 740px) 100vw, 740px\" \/><\/div>\n\t\t<\/figure>\n\t<\/div>\n<\/div><\/div><\/div><\/div>\n<\/div>","protected":false},"excerpt":{"rendered":"Historia AMA Los inicios de Asociaci\u00f3n AMA La Asociaci\u00f3n AMA surgi\u00f3 a finales del a\u00f1o 2012 como un grupo juvenil integrado por lideresas adolescentes y j\u00f3venes comprendidas entre los 14 a los 30 a\u00f1os de edad, que viven en comunidades rurales y zonas urbanas marginales del sur de Pet\u00e9n, Guatemala (San Lu\u00eds, Popt\u00fan, Dolores y ...","protected":false},"author":1,"featured_media":0,"parent":0,"menu_order":0,"comment_status":"closed","ping_status":"closed","template":"","meta":{"footnotes":""},"class_list":["post-4461","page","type-page","status-publish","hentry"],"_links":{"self":[{"href":"https:\/\/asociacionama.org.gt\/en\/wp-json\/wp\/v2\/pages\/4461","targetHints":{"allow":["GET"]}}],"collection":[{"href":"https:\/\/asociacionama.org.gt\/en\/wp-json\/wp\/v2\/pages"}],"about":[{"href":"https:\/\/asociacionama.org.gt\/en\/wp-json\/wp\/v2\/types\/page"}],"author":[{"embeddable":true,"href":"https:\/\/asociacionama.org.gt\/en\/wp-json\/wp\/v2\/users\/1"}],"replies":[{"embeddable":true,"href":"https:\/\/asociacionama.org.gt\/en\/wp-json\/wp\/v2\/comments?post=4461"}],"version-history":[{"count":6,"href":"https:\/\/asociacionama.org.gt\/en\/wp-json\/wp\/v2\/pages\/4461\/revisions"}],"predecessor-version":[{"id":4470,"href":"https:\/\/asociacionama.org.gt\/en\/wp-json\/wp\/v2\/pages\/4461\/revisions\/4470"}],"wp:attachment":[{"href":"https:\/\/asociacionama.org.gt\/en\/wp-json\/wp\/v2\/media?parent=4461"}],"curies":[{"name":"wp","href":"https:\/\/api.w.org\/{rel}","templated":true}]}}