{"id":476,"date":"2017-08-16T14:34:39","date_gmt":"2017-08-16T14:34:39","guid":{"rendered":"https:\/\/victorthemes.com\/themes\/groppe\/faq-copy\/"},"modified":"2024-05-08T09:30:24","modified_gmt":"2024-05-08T15:30:24","slug":"ser-un-voluntario-en-ama","status":"publish","type":"page","link":"https:\/\/asociacionama.org.gt\/en\/ser-un-voluntario-en-ama\/","title":{"rendered":"Do you want to make donations?"},"content":{"rendered":"<div class=\"wpb-content-wrapper\"><div class=\"vc_row wpb_row vc_row-fluid grop-dhav-dotted\"><div class=\"wpb_column vc_column_container text-left vc_col-sm-12\"><div class=\"vc_column-inner\"><div class=\"wpb_wrapper\"><h1 style=\"font-size: 38px;color: #4c2c6f;text-align: left;font-family:Roboto Slab;font-weight:700;font-style:normal\" class=\"vc_custom_heading vc_do_custom_heading wpb_animate_when_almost_visible wpb_bounceIn bounceIn\" >\u00bfQuieres ser voluntario o voluntaria?<\/h1><div class=\"vc_empty_space\"   style=\"height: 42px\"><span class=\"vc_empty_space_inner\"><\/span><\/div><div class=\"vc_separator wpb_content_element vc_separator_align_center vc_sep_width_100 vc_sep_pos_align_center vc_separator_no_text vc_sep_color_grey wpb_content_element  wpb_content_element\" ><span class=\"vc_sep_holder vc_sep_holder_l\"><span class=\"vc_sep_line\"><\/span><\/span><span class=\"vc_sep_holder vc_sep_holder_r\"><span class=\"vc_sep_line\"><\/span><\/span>\n<\/div>\n\t<div  class=\"wpb_single_image wpb_content_element vc_align_center wpb_content_element\">\n\t\t\n\t\t<figure class=\"wpb_wrapper vc_figure\">\n\t\t\t<div class=\"vc_single_image-wrapper   vc_box_border_grey\"><img loading=\"lazy\" decoding=\"async\" width=\"1500\" height=\"659\" src=\"https:\/\/asociacionama.org.gt\/wp-content\/uploads\/2020\/06\/voluntariado-ama.jpg\" class=\"vc_single_image-img attachment-full\" alt=\"\" title=\"voluntariado-ama\" srcset=\"https:\/\/asociacionama.org.gt\/wp-content\/uploads\/2020\/06\/voluntariado-ama.jpg 1500w, https:\/\/asociacionama.org.gt\/wp-content\/uploads\/2020\/06\/voluntariado-ama-300x132.jpg 300w, https:\/\/asociacionama.org.gt\/wp-content\/uploads\/2020\/06\/voluntariado-ama-1024x450.jpg 1024w, https:\/\/asociacionama.org.gt\/wp-content\/uploads\/2020\/06\/voluntariado-ama-768x337.jpg 768w, https:\/\/asociacionama.org.gt\/wp-content\/uploads\/2020\/06\/voluntariado-ama-600x264.jpg 600w\" sizes=\"auto, (max-width: 1500px) 100vw, 1500px\" \/><\/div>\n\t\t<\/figure>\n\t<\/div>\n\n\t<div class=\"wpb_text_column wpb_content_element\" >\n\t\t<div class=\"wpb_wrapper\">\n\t\t\t<p style=\"text-align: center;\"><q>Mucha gente peque\u00f1a, en lugares peque\u00f1os, haciendo cosas peque\u00f1as, puede cambiar el mundo<\/q><\/p>\n<p style=\"text-align: center;\"><strong>Eduardo Galeano<\/strong><\/p>\n\n\t\t<\/div>\n\t<\/div>\n<div class=\"vc_separator wpb_content_element vc_separator_align_center vc_sep_width_100 vc_sep_pos_align_center vc_separator_no_text vc_sep_color_grey wpb_content_element  wpb_content_element\" ><span class=\"vc_sep_holder vc_sep_holder_l\"><span class=\"vc_sep_line\"><\/span><\/span><span class=\"vc_sep_holder vc_sep_holder_r\"><span class=\"vc_sep_line\"><\/span><\/span>\n<\/div><\/div><\/div><\/div><\/div><div class=\"vc_row wpb_row vc_row-fluid grop-dhav-dotted vc_custom_1507018787113\"><div class=\"grop-bvtxt_warp wpb_column vc_column_container text-left vc_col-sm-12 vc_col-lg-6 vc_col-md-6\"><div class=\"vc_column-inner\"><div class=\"wpb_wrapper\">\n\t<div class=\"wpb_text_column wpb_content_element vc_custom_1591639911241 grop-bv_txt\" >\n\t\t<div class=\"wpb_wrapper\">\n\t\t\t<h3>WANT TO HELP GIRLS, ADOLESCENTS, AND YOUTH?<\/h3>\n\n\t\t<\/div>\n\t<\/div>\n<p class=\"grop-txt-blck  grop-txt-block-69e769ecdce53-17-555555  text-left\">Si quieres cambiar vidas con nosotros. Si quieres dedicar tu tiempo a las ni\u00f1as, mujeres y juventudes en el Departamento de Pet\u00e9n. Si quieres que nuestras ni\u00f1as solo se preocupen de ser ni\u00f1as.<\/p>\n\t<div class=\"wpb_text_column wpb_content_element\" >\n\t\t<div class=\"wpb_wrapper\">\n\t\t\t<h2><strong>Hazte voluntario de AMA<\/strong><\/h2>\n\n\t\t<\/div>\n\t<\/div>\n  <div class=\"grop-bvtxt_list\">\n        <div class=\"grop-fix grop-bvlist_single\">\n        <div class=\"grop-float_left  grop-bvlist_icon\">\n          <img decoding=\"async\" src=\"https:\/\/asociacionama.org.gt\/wp-content\/uploads\/2017\/01\/logo-one.png\" alt=\"Actitud Positiva\" \/>\n        <\/div>\n        <div class=\"grop-fix  grop-bvlist_text\">\n          <h4><a href=\"#0\" >Positive Attitude<\/a><\/h4><p>Servimos a todas ni\u00f1as adolescentes, mujeres y juventudes. No importando su religi\u00f3n, etnia o g\u00e9nero.<\/p>        <\/div>\n      <\/div>\n        <div class=\"grop-fix grop-bvlist_single\">\n        <div class=\"grop-float_left  grop-bvlist_icon\">\n          <img decoding=\"async\" src=\"https:\/\/asociacionama.org.gt\/wp-content\/uploads\/2017\/01\/logo-one.png\" alt=\"Ayuda de coraz\u00f3n\" \/>\n        <\/div>\n        <div class=\"grop-fix  grop-bvlist_text\">\n          <h4><a href=\"#0\" >Heartfelt Help<\/a><\/h4><p>Going after the symptoms of sexual abuse is our goal. Going after its causes is a priority for everyone.<\/p>        <\/div>\n      <\/div>\n        <div class=\"grop-fix grop-bvlist_single\">\n        <div class=\"grop-float_left  grop-bvlist_icon\">\n          <img decoding=\"async\" src=\"https:\/\/asociacionama.org.gt\/wp-content\/uploads\/2017\/01\/logo-one.png\" alt=\"Ayudanos a difundir\" \/>\n        <\/div>\n        <div class=\"grop-fix  grop-bvlist_text\">\n          <h4><a href=\"#0\" >Help us spread the word<\/a><\/h4><p>In an effort to ensure that volunteering at Association events is a satisfactory experience for everyon.<\/p>        <\/div>\n      <\/div>\n    <\/div>\n<\/div><\/div><\/div><div class=\"wpb_column vc_column_container text-left vc_col-sm-12 vc_col-lg-6 vc_col-md-6\"><div class=\"vc_column-inner vc_custom_1507018539106\"><div class=\"wpb_wrapper\"><div class=\"grop-contact_form grop-contact-69e769ecdd11b grop-bv_form_box\"><h3 class=\"grop-form_title\">COMPLETA EL FORMULARIO<\/h3>\n<div class=\"wpcf7 no-js\" id=\"wpcf7-f1344-o1\" lang=\"en-US\" dir=\"ltr\" data-wpcf7-id=\"1344\">\n<div class=\"screen-reader-response\"><p role=\"status\" aria-live=\"polite\" aria-atomic=\"true\"><\/p> <ul><\/ul><\/div>\n<form action=\"\/en\/wp-json\/wp\/v2\/pages\/476#wpcf7-f1344-o1\" method=\"post\" class=\"wpcf7-form init\" aria-label=\"Contact form\" novalidate=\"novalidate\" data-status=\"init\" data-trp-original-action=\"\/en\/wp-json\/wp\/v2\/pages\/476#wpcf7-f1344-o1\">\n<div style=\"display: none;\">\n<input type=\"hidden\" name=\"_wpcf7\" value=\"1344\" \/>\n<input type=\"hidden\" name=\"_wpcf7_version\" value=\"6.0.6\" \/>\n<input type=\"hidden\" name=\"_wpcf7_locale\" value=\"en_US\" \/>\n<input type=\"hidden\" name=\"_wpcf7_unit_tag\" value=\"wpcf7-f1344-o1\" \/>\n<input type=\"hidden\" name=\"_wpcf7_container_post\" value=\"0\" \/>\n<input type=\"hidden\" name=\"_wpcf7_posted_data_hash\" value=\"\" \/>\n<\/div>\n<div class=\"grop-input-col-1 grop-bvfrm_sigl\">\n\t<p><label> Full Name * <\/label><span class=\"wpcf7-form-control-wrap\" data-name=\"your-name\"><input size=\"40\" maxlength=\"400\" class=\"wpcf7-form-control wpcf7-text wpcf7-validates-as-required grop-form-control\" aria-required=\"true\" aria-invalid=\"false\" value=\"\" type=\"text\" name=\"your-name\" \/><\/span>\n\t<\/p>\n<\/div>\n<div class=\"grop-input-col-1 grop-bvfrm_sigl\">\n\t<p><label> Email * <\/label><span class=\"wpcf7-form-control-wrap\" data-name=\"your-email\"><input size=\"40\" maxlength=\"400\" class=\"wpcf7-form-control wpcf7-email wpcf7-validates-as-required wpcf7-text wpcf7-validates-as-email grop-form-control\" aria-required=\"true\" aria-invalid=\"false\" value=\"\" type=\"email\" name=\"your-email\" \/><\/span>\n\t<\/p>\n<\/div>\n<div class=\"grop-input-col-1 grop-bvfrm_sigl\">\n\t<p><label> Mobile\/WhatsApp * <\/label><span class=\"wpcf7-form-control-wrap\" data-name=\"phone\"><input size=\"40\" maxlength=\"400\" class=\"wpcf7-form-control wpcf7-tel wpcf7-validates-as-required wpcf7-text wpcf7-validates-as-tel grop-form-control\" aria-required=\"true\" aria-invalid=\"false\" value=\"\" type=\"tel\" name=\"phone\" \/><\/span>\n\t<\/p>\n<\/div>\n<div class=\"row grop-input-col-2 grop-bvfrm_sigl\">\n\t<div class=\"col-sm-6\">\n\t\t<p><label> Department <\/label><span class=\"wpcf7-form-control-wrap\" data-name=\"your-state\"><select class=\"wpcf7-form-control wpcf7-select grop-city_select\" aria-invalid=\"false\" name=\"your-state\"><option value=\"El Pet\u00e9n\">El Pet\u00e9n<\/option><option value=\"Guatemala\">Guatemala<\/option><option value=\"Otro\">Other<\/option><\/select><\/span>\n\t\t<\/p>\n\t<\/div>\n\t<div class=\"col-sm-6\">\n\t\t<p><label> Municipality <\/label><span class=\"wpcf7-form-control-wrap\" data-name=\"your-city\"><select class=\"wpcf7-form-control wpcf7-select grop-city_select\" aria-invalid=\"false\" name=\"your-city\"><option value=\"El Chal\">El Chal<\/option><option value=\"Dolores\">Dolores<\/option><option value=\"Popt\u00fan\">Popt\u00fan<\/option><option value=\"San Luis\">San Luis<\/option><option value=\"Guatemala\">Guatemala<\/option><option value=\"Otro\">Other<\/option><\/select><\/span>\n\t\t<\/p>\n\t<\/div>\n<\/div>\n<div class=\"grop-input-col-1 grop-bvfrm_sigl\">\n\t<p><label>Country <\/label><span class=\"wpcf7-form-control-wrap\" data-name=\"your-country\"><select class=\"wpcf7-form-control wpcf7-select grop-city_select\" aria-invalid=\"false\" name=\"your-country\"><option value=\"Guatemala\">Guatemala<\/option><option value=\"EEUU\">USA<\/option><option value=\"Canad\u00e1\">Canada<\/option><option value=\"Europa\">Europe<\/option><option value=\"Otro\">Other<\/option><\/select><\/span>\n\t<\/p>\n<\/div>\n<div class=\"grop-input-col-1 grop-confrm_sigl\">\n\t<p><span class=\"wpcf7-form-control-wrap\" data-name=\"subject\"><input size=\"40\" maxlength=\"400\" class=\"wpcf7-form-control wpcf7-text grop-form-control\" aria-invalid=\"false\" placeholder=\"Subject\" value=\"\" type=\"text\" name=\"subject\" \/><\/span>\n\t<\/p>\n<\/div>\n<div class=\"grop-input-col-1 grop-confrm_sigl\">\n\t<p><span class=\"wpcf7-form-control-wrap\" data-name=\"textarea-261\"><textarea cols=\"40\" rows=\"10\" maxlength=\"2000\" class=\"wpcf7-form-control wpcf7-textarea wpcf7-validates-as-required grop-form-control\" aria-required=\"true\" aria-invalid=\"false\" placeholder=\"Enter your comments\/questions\/request\" name=\"textarea-261\"><\/textarea><\/span>\n\t<\/p>\n<\/div>\n<p><input type=\"hidden\" name=\"_wpcf7_captcha_challenge_captcha-789\" value=\"1067215916\" \/><img loading=\"lazy\" decoding=\"async\" class=\"wpcf7-form-control wpcf7-captchac wpcf7-captcha-captcha-789\" width=\"72\" height=\"24\" alt=\"captcha\" src=\"https:\/\/asociacionama.org.gt\/wp-content\/uploads\/wpcf7_captcha\/1067215916.png\" \/><br \/>\n<strong>Ingresa la imagen de arriba<\/strong><br \/>\n<span class=\"wpcf7-form-control-wrap\" data-name=\"captcha-789\"><input size=\"40\" class=\"wpcf7-form-control wpcf7-captchar\" autocomplete=\"off\" aria-invalid=\"false\" value=\"\" type=\"text\" name=\"captcha-789\" \/><\/span>\n<\/p>\n<div class=\"grop-input-col-1  grop-bvfrm_sigl\">\n\t<p><input class=\"wpcf7-form-control wpcf7-submit has-spinner grop-btn grop-btn_overly grop-btn_submit\" type=\"submit\" value=\"Send\" \/>\n\t<\/p>\n<\/div><div class=\"wpcf7-response-output\" aria-hidden=\"true\"><\/div>\n<input type=\"hidden\" name=\"trp-form-language\" value=\"en\"\/><\/form>\n<\/div>\n<\/div><\/div><\/div><\/div><\/div><div data-vc-full-width=\"true\" data-vc-full-width-init=\"false\" data-vc-stretch-content=\"true\" class=\"vc_row wpb_row vc_row-fluid grop-dhav-dotted vc_custom_1504761531072 vc_row-no-padding\"><div class=\"wpb_column vc_column_container text-left vc_col-sm-12\"><div class=\"vc_column-inner\"><div class=\"wpb_wrapper\"><div class=\"grop-callout3_area  grop-parlx-69e769ecde723\"><div class=\"container text-center grop-callout3_cont grop-callout3faq_cont\"><h2>\u00bfAlgo m\u00e1s que quieras saber?<\/h2>\n<h2>Cont\u00e1ctanos a nuestro tel\u00e9fono <strong>+(502) 78849402<\/strong><\/h2>\n<p>&nbsp;<\/p>\n<p>&nbsp;<\/p>\n<p>Nosotros siempre estamos aqu\u00ed para ayudar a nuestras ni\u00f1as y adolescentes del Departamento de Guatemala.<\/p>\n<\/div><\/div><\/div><\/div><\/div><\/div><div class=\"vc_row-full-width vc_clearfix\"><\/div>\n<\/div>","protected":false},"excerpt":{"rendered":"\u00bfQuieres ser voluntario o voluntaria? Mucha gente peque\u00f1a, en lugares peque\u00f1os, haciendo cosas peque\u00f1as, puede cambiar el mundo Eduardo Galeano \u00bfQUIERES AYUDAR A NI\u00d1AS ADOLESCENTES Y JUVENTUDES? Si quieres cambiar vidas con nosotros. Si quieres dedicar tu tiempo a las ni\u00f1as, mujeres y juventudes en el Departamento de Pet\u00e9n. Si quieres que nuestras ni\u00f1as solo ...","protected":false},"author":1,"featured_media":0,"parent":0,"menu_order":0,"comment_status":"closed","ping_status":"closed","template":"","meta":{"footnotes":""},"class_list":["post-476","page","type-page","status-publish","hentry"],"_links":{"self":[{"href":"https:\/\/asociacionama.org.gt\/en\/wp-json\/wp\/v2\/pages\/476","targetHints":{"allow":["GET"]}}],"collection":[{"href":"https:\/\/asociacionama.org.gt\/en\/wp-json\/wp\/v2\/pages"}],"about":[{"href":"https:\/\/asociacionama.org.gt\/en\/wp-json\/wp\/v2\/types\/page"}],"author":[{"embeddable":true,"href":"https:\/\/asociacionama.org.gt\/en\/wp-json\/wp\/v2\/users\/1"}],"replies":[{"embeddable":true,"href":"https:\/\/asociacionama.org.gt\/en\/wp-json\/wp\/v2\/comments?post=476"}],"version-history":[{"count":12,"href":"https:\/\/asociacionama.org.gt\/en\/wp-json\/wp\/v2\/pages\/476\/revisions"}],"predecessor-version":[{"id":7201,"href":"https:\/\/asociacionama.org.gt\/en\/wp-json\/wp\/v2\/pages\/476\/revisions\/7201"}],"wp:attachment":[{"href":"https:\/\/asociacionama.org.gt\/en\/wp-json\/wp\/v2\/media?parent=476"}],"curies":[{"name":"wp","href":"https:\/\/api.w.org\/{rel}","templated":true}]}}