{"id":4820,"date":"2022-10-20T12:25:41","date_gmt":"2022-10-20T18:25:41","guid":{"rendered":"http:\/\/asociacionama.org.gt\/?page_id=4820"},"modified":"2024-05-08T19:57:50","modified_gmt":"2024-05-09T01:57:50","slug":"haz-tu-donacion","status":"publish","type":"page","link":"https:\/\/asociacionama.org.gt\/en\/haz-tu-donacion\/","title":{"rendered":"Make your donation"},"content":{"rendered":"<div class=\"wpb-content-wrapper\"><div class=\"vc_row wpb_row vc_row-fluid grop-dhav-dotted\"><div class=\"wpb_column vc_column_container text-left vc_col-sm-12\"><div class=\"vc_column-inner\"><div class=\"wpb_wrapper\"><h1 style=\"font-size: 38px;color: #4c2c6f;text-align: left;font-family:Roboto Slab;font-weight:700;font-style:normal\" class=\"vc_custom_heading vc_do_custom_heading wpb_animate_when_almost_visible wpb_bounceIn bounceIn\" >How to Collaborate<\/h1><div class=\"vc_empty_space\"   style=\"height: 42px\"><span class=\"vc_empty_space_inner\"><\/span><\/div><div class=\"vc_separator wpb_content_element vc_separator_align_center vc_sep_width_100 vc_sep_pos_align_center vc_separator_no_text vc_sep_color_grey wpb_content_element  wpb_content_element\" ><span class=\"vc_sep_holder vc_sep_holder_l\"><span class=\"vc_sep_line\"><\/span><\/span><span class=\"vc_sep_holder vc_sep_holder_r\"><span class=\"vc_sep_line\"><\/span><\/span>\n<\/div>\n\t<div  class=\"wpb_single_image wpb_content_element vc_align_center wpb_content_element\">\n\t\t\n\t\t<figure class=\"wpb_wrapper vc_figure\">\n\t\t\t<div class=\"vc_single_image-wrapper   vc_box_border_grey\"><img loading=\"lazy\" decoding=\"async\" width=\"1500\" height=\"659\" src=\"https:\/\/asociacionama.org.gt\/wp-content\/uploads\/2022\/10\/slider-donar-asociacion-ama.jpg\" class=\"vc_single_image-img attachment-full\" alt=\"\" title=\"slider-donar-asociacion-ama\" srcset=\"https:\/\/asociacionama.org.gt\/wp-content\/uploads\/2022\/10\/slider-donar-asociacion-ama.jpg 1500w, https:\/\/asociacionama.org.gt\/wp-content\/uploads\/2022\/10\/slider-donar-asociacion-ama-300x132.jpg 300w, https:\/\/asociacionama.org.gt\/wp-content\/uploads\/2022\/10\/slider-donar-asociacion-ama-1024x450.jpg 1024w, https:\/\/asociacionama.org.gt\/wp-content\/uploads\/2022\/10\/slider-donar-asociacion-ama-768x337.jpg 768w, https:\/\/asociacionama.org.gt\/wp-content\/uploads\/2022\/10\/slider-donar-asociacion-ama-18x8.jpg 18w\" sizes=\"auto, (max-width: 1500px) 100vw, 1500px\" \/><\/div>\n\t\t<\/figure>\n\t<\/div>\n<div class=\"vc_separator wpb_content_element vc_separator_align_center vc_sep_width_100 vc_sep_pos_align_center vc_separator_no_text vc_sep_color_grey wpb_content_element  wpb_content_element\" ><span class=\"vc_sep_holder vc_sep_holder_l\"><span class=\"vc_sep_line\"><\/span><\/span><span class=\"vc_sep_holder vc_sep_holder_r\"><span class=\"vc_sep_line\"><\/span><\/span>\n<\/div><div class=\"vc_row wpb_row vc_inner vc_row-fluid\"><div class=\"wpb_column vc_column_container vc_col-sm-1\"><div class=\"vc_column-inner\"><div class=\"wpb_wrapper\"><\/div><\/div><\/div><div class=\"wpb_column vc_column_container vc_col-sm-10\"><div class=\"vc_column-inner\"><div class=\"wpb_wrapper\">\n\t<div class=\"wpb_text_column wpb_content_element\" >\n\t\t<div class=\"wpb_wrapper\">\n\t\t\t<h1 style=\"text-align: center;\" class=\"translation-block\">At <strong>AMA Association<\/strong>, we are inspired by the love of girls and women for themselves and their communities to awaken and promote their leadership.<\/h1>\n<p>&nbsp;<\/p>\n<h2 style=\"text-align: center;\" class=\"translation-block\"><span style=\"font-size: 30px;color: #ff0081\">If you want to join some of our programs, we invite you <strong>to donate<\/strong> and be part of the change.<\/span><\/h2>\n\n\t\t<\/div>\n\t<\/div>\n<\/div><\/div><\/div><div class=\"wpb_column vc_column_container vc_col-sm-1\"><div class=\"vc_column-inner\"><div class=\"wpb_wrapper\"><\/div><\/div><\/div><\/div><\/div><\/div><\/div><\/div><div class=\"vc_row wpb_row vc_row-fluid grop-dhav-dotted vc_custom_1507018787113\"><div class=\"grop-bvtxt_warp wpb_column vc_column_container text-left vc_col-sm-12 vc_col-lg-6 vc_col-md-6\"><div class=\"vc_column-inner\"><div class=\"wpb_wrapper\">\n\t<div class=\"wpb_text_column wpb_content_element vc_custom_1591639911241 grop-bv_txt\" >\n\t\t<div class=\"wpb_wrapper\">\n\t\t\t<h3>WANT TO HELP GIRLS, ADOLESCENTS, AND YOUTH?<\/h3>\n\n\t\t<\/div>\n\t<\/div>\n<p class=\"grop-txt-blck  grop-txt-block-69e769eae120e-17-555555  text-left\">If you want to change lives with us. With your donations, we support girls, women, and youth in the Department of Pet\u00e9n, Guatemala.<\/p>\n\t<div class=\"wpb_text_column wpb_content_element\" >\n\t\t<div class=\"wpb_wrapper\">\n\t\t\t<h2><strong>Every donation helps strengthen<\/strong><\/h2>\n\n\t\t<\/div>\n\t<\/div>\n  <div class=\"grop-bvtxt_list\">\n        <div class=\"grop-fix grop-bvlist_single\">\n        <div class=\"grop-float_left  grop-bvlist_icon\">\n          <img decoding=\"async\" src=\"https:\/\/asociacionama.org.gt\/wp-content\/uploads\/2017\/01\/logo-one.png\" alt=\"Actitud Positiva\" \/>\n        <\/div>\n        <div class=\"grop-fix  grop-bvlist_text\">\n          <h4><a href=\"#0\" >Positive Attitude<\/a><\/h4><p>We serve all girls, adolescents, women, and youth. Regardless of their religion, ethnicity, or gender.<\/p>        <\/div>\n      <\/div>\n        <div class=\"grop-fix grop-bvlist_single\">\n        <div class=\"grop-float_left  grop-bvlist_icon\">\n          <img decoding=\"async\" src=\"https:\/\/asociacionama.org.gt\/wp-content\/uploads\/2017\/01\/logo-one.png\" alt=\"Ayuda de coraz\u00f3n\" \/>\n        <\/div>\n        <div class=\"grop-fix  grop-bvlist_text\">\n          <h4><a href=\"#0\" >Heartfelt Help<\/a><\/h4><p>Going after the symptoms of sexual abuse is our goal. Going after its causes is a priority for everyone.<\/p>        <\/div>\n      <\/div>\n        <div class=\"grop-fix grop-bvlist_single\">\n        <div class=\"grop-float_left  grop-bvlist_icon\">\n          <img decoding=\"async\" src=\"https:\/\/asociacionama.org.gt\/wp-content\/uploads\/2017\/01\/logo-one.png\" alt=\"Ayudanos a difundir\" \/>\n        <\/div>\n        <div class=\"grop-fix  grop-bvlist_text\">\n          <h4><a href=\"#0\" >Help us spread the word<\/a><\/h4><p>In an effort to ensure that volunteering at Association events is a satisfactory experience for everyon.<\/p>        <\/div>\n      <\/div>\n    <\/div>\n<\/div><\/div><\/div><div class=\"wpb_column vc_column_container text-left vc_col-sm-12 vc_col-lg-6 vc_col-md-6\"><div class=\"vc_column-inner vc_custom_1507018539106\"><div class=\"wpb_wrapper\"><div class=\"vc_row wpb_row vc_inner vc_row-fluid\"><div class=\"wpb_column vc_column_container vc_col-sm-2\"><div class=\"vc_column-inner\"><div class=\"wpb_wrapper\"><\/div><\/div><\/div><div class=\"wpb_column vc_column_container vc_col-sm-8\"><div class=\"vc_column-inner\"><div class=\"wpb_wrapper\">\n\t<div  class=\"wpb_single_image wpb_content_element vc_align_center wpb_content_element\">\n\t\t\n\t\t<figure class=\"wpb_wrapper vc_figure\">\n\t\t\t<div class=\"vc_single_image-wrapper   vc_box_border_grey\"><img loading=\"lazy\" decoding=\"async\" width=\"828\" height=\"1280\" src=\"https:\/\/asociacionama.org.gt\/wp-content\/uploads\/2022\/10\/banner-donacion-2022.jpg\" class=\"vc_single_image-img attachment-full\" alt=\"\" title=\"banner-donacion-2022\" srcset=\"https:\/\/asociacionama.org.gt\/wp-content\/uploads\/2022\/10\/banner-donacion-2022.jpg 828w, https:\/\/asociacionama.org.gt\/wp-content\/uploads\/2022\/10\/banner-donacion-2022-194x300.jpg 194w, https:\/\/asociacionama.org.gt\/wp-content\/uploads\/2022\/10\/banner-donacion-2022-662x1024.jpg 662w, https:\/\/asociacionama.org.gt\/wp-content\/uploads\/2022\/10\/banner-donacion-2022-768x1187.jpg 768w, https:\/\/asociacionama.org.gt\/wp-content\/uploads\/2022\/10\/banner-donacion-2022-8x12.jpg 8w\" sizes=\"auto, (max-width: 828px) 100vw, 828px\" \/><\/div>\n\t\t<\/figure>\n\t<\/div>\n<\/div><\/div><\/div><div class=\"wpb_column vc_column_container vc_col-sm-2\"><div class=\"vc_column-inner\"><div class=\"wpb_wrapper\"><\/div><\/div><\/div><\/div><\/div><\/div><\/div><\/div><div class=\"vc_row wpb_row vc_row-fluid grop-dhav-dotted vc_custom_1507018787113\"><div class=\"grop-bvtxt_warp wpb_column vc_column_container text-left vc_col-sm-12 vc_col-lg-6 vc_col-md-6\"><div class=\"vc_column-inner\"><div class=\"wpb_wrapper\">\n\t<div class=\"wpb_text_column wpb_content_element vc_custom_1666636523642 grop-bv_txt\" >\n\t\t<div class=\"wpb_wrapper\">\n\t\t\t<h3>FOR YOUR DONATION, YOU CAN MAKE IT THROUGH:<\/h3>\n\n\t\t<\/div>\n\t<\/div>\n<\/div><\/div><\/div><div class=\"wpb_column vc_column_container text-left vc_col-sm-12 vc_col-lg-6 vc_col-md-6\"><div class=\"vc_column-inner vc_custom_1507018539106\"><div class=\"wpb_wrapper\"><\/div><\/div><\/div><\/div><div class=\"vc_row wpb_row vc_row-fluid grop-dhav-dotted\"><div class=\"wpb_column vc_column_container text-left vc_col-sm-5\"><div class=\"vc_column-inner\"><div class=\"wpb_wrapper\">\n\t<div class=\"wpb_text_column wpb_content_element\" >\n\t\t<div class=\"wpb_wrapper\">\n\t\t\t<p><strong>Bank Deposit or Transfers in Guatemala<br \/>\n<\/strong><\/p>\n<hr \/>\n<p><strong>Banco G&amp;T Continental<\/strong><\/p>\n<p>Monetary Account | No. 067-0007566-7<\/p>\n<p>In the name of: \u00a0<strong>ASOCIACION AMA<\/strong><\/p>\n<p><strong>\u00a0<\/strong><\/p>\n<p><strong>BANRURAL<\/strong><\/p>\n<p>Monetary Account | No. 3360017996<\/p>\n<p>In the name of:\u00a0<strong>ASOCIACION AMA<\/strong><\/p>\n\n\t\t<\/div>\n\t<\/div>\n<div class=\"vc_separator wpb_content_element vc_separator_align_center vc_sep_width_100 vc_sep_pos_align_center vc_separator_no_text vc_sep_color_grey wpb_content_element  wpb_content_element\" ><span class=\"vc_sep_holder vc_sep_holder_l\"><span class=\"vc_sep_line\"><\/span><\/span><span class=\"vc_sep_holder vc_sep_holder_r\"><span class=\"vc_sep_line\"><\/span><\/span>\n<\/div>\n\t<div  class=\"wpb_single_image wpb_content_element vc_align_center wpb_content_element\">\n\t\t\n\t\t<figure class=\"wpb_wrapper vc_figure\">\n\t\t\t<div class=\"vc_single_image-wrapper   vc_box_border_grey\"><img loading=\"lazy\" decoding=\"async\" width=\"300\" height=\"107\" src=\"https:\/\/asociacionama.org.gt\/wp-content\/uploads\/2022\/10\/paypal-credit-card-logo-png-paypal-visa-mastercard-300.jpg\" class=\"vc_single_image-img attachment-full\" alt=\"\" title=\"paypal-credit-card-logo-png-paypal-visa-mastercard-300\" srcset=\"https:\/\/asociacionama.org.gt\/wp-content\/uploads\/2022\/10\/paypal-credit-card-logo-png-paypal-visa-mastercard-300.jpg 300w, https:\/\/asociacionama.org.gt\/wp-content\/uploads\/2022\/10\/paypal-credit-card-logo-png-paypal-visa-mastercard-300-18x6.jpg 18w\" sizes=\"auto, (max-width: 300px) 100vw, 300px\" \/><\/div>\n\t\t<\/figure>\n\t<\/div>\n\n\t<div class=\"wpb_text_column wpb_content_element\" >\n\t\t<div class=\"wpb_wrapper\">\n\t\t\t<p>You can donate through PayPal by sending your donation to <strong>lmejia@asociacionama.org.gt<\/strong>.<\/p>\n\n\t\t<\/div>\n\t<\/div>\n<\/div><\/div><\/div><div class=\"wpb_column vc_column_container text-left vc_col-sm-2\"><div class=\"vc_column-inner\"><div class=\"wpb_wrapper\"><\/div><\/div><\/div><div class=\"wpb_column vc_column_container text-left vc_col-sm-5\"><div class=\"vc_column-inner\"><div class=\"wpb_wrapper\">\n\t<div class=\"wpb_text_column wpb_content_element\" >\n\t\t<div class=\"wpb_wrapper\">\n\t\t\t<p><strong>Transfer from overseas<\/strong><\/p>\n<hr \/>\n<p><strong>INTERMEDIARY BANK<\/strong>: BANK OF AMERICA, N.A.<\/p>\n<p><strong>ADDRESS<\/strong>: 100 WEST 33RD STREET, NEW YORK, NEW YORK 10001, U.S.A.<\/p>\n<p><strong>ABA<\/strong>: 026009593\u00a0<strong>SWIFT<\/strong>: BOFAUS3N<\/p>\n<p><strong>TO DEPOSIT ACCT. NR:<\/strong>\u00a01901734945<\/p>\n<p><strong>\u00a0<\/strong><\/p>\n<p><strong>BENEFICIARY BANK<\/strong>: BANCO G&amp;T CONTINENTAL, S.A.<\/p>\n<p><strong>ADDRESS<\/strong>: 6\u00aa Avenida 9-08 Zona 09 ciudad de Guatemala, Guatemala Centro Am\u00e9rica.<\/p>\n<p><strong>SWIFT<\/strong>: GTCOGTGC<\/p>\n<p><strong>IBAN<\/strong>\u00a0GT38GTCO01010000006700075667<\/p>\n<p><strong>BENEFICIARY\u2019S ACCT<\/strong>: 067-0007566-7<\/p>\n<p><strong>BENEFICIARY\u2019S NAME<\/strong>: ASOCIACION AMA<\/p>\n<p><strong>\u00a0<\/strong><\/p>\n\n\t\t<\/div>\n\t<\/div>\n<\/div><\/div><\/div><\/div><div data-vc-full-width=\"true\" data-vc-full-width-init=\"false\" data-vc-stretch-content=\"true\" class=\"vc_row wpb_row vc_row-fluid grop-dhav-dotted vc_custom_1504761531072 vc_row-no-padding\"><div class=\"wpb_column vc_column_container text-left vc_col-sm-12\"><div class=\"vc_column-inner\"><div class=\"wpb_wrapper\"><div class=\"grop-callout3_area  grop-parlx-69e769eae2181\"><div class=\"container text-center grop-callout3_cont grop-callout3faq_cont\"><h2>When making your donation, make sure to send us an email to help us track your donation and issue the corresponding receipt.<\/h2>\n<p>&nbsp;<\/p>\n<h2>Please contact us at<br \/>\nPhone: <strong>+(502) 7884-9402 | +(502) 5116-0411 <\/strong><br \/>\nor write to the email addresses <strong>info@asociacionama.or.gt<\/strong> or <strong>lmejia@asociacionama.or.gt<\/strong><\/h2>\n<p>&nbsp;<\/p>\n<p>&nbsp;<\/p>\n<p>We are always here to help our girls and adolescents from the Department of Pet\u00e9n.<\/p>\n<\/div><\/div><\/div><\/div><\/div><\/div><div class=\"vc_row-full-width vc_clearfix\"><\/div>\n<\/div>","protected":false},"excerpt":{"rendered":"C\u00f3mo colaborar En Asociaci\u00f3n AMA nos anima el amor de las ni\u00f1as y mujeres hacia s\u00ed mismas y sus comunidades para despertar e impulsar su liderazgo. &nbsp; Si quieres sumarte a algunos de nuestros programas, te invitamos a donar y s\u00e9 parte del cambio \u00bfQUIERES AYUDAR A NI\u00d1AS ADOLESCENTES Y JUVENTUDES? Si quieres cambiar vidas ...","protected":false},"author":1,"featured_media":0,"parent":0,"menu_order":0,"comment_status":"closed","ping_status":"closed","template":"","meta":{"footnotes":""},"class_list":["post-4820","page","type-page","status-publish","hentry"],"_links":{"self":[{"href":"https:\/\/asociacionama.org.gt\/en\/wp-json\/wp\/v2\/pages\/4820","targetHints":{"allow":["GET"]}}],"collection":[{"href":"https:\/\/asociacionama.org.gt\/en\/wp-json\/wp\/v2\/pages"}],"about":[{"href":"https:\/\/asociacionama.org.gt\/en\/wp-json\/wp\/v2\/types\/page"}],"author":[{"embeddable":true,"href":"https:\/\/asociacionama.org.gt\/en\/wp-json\/wp\/v2\/users\/1"}],"replies":[{"embeddable":true,"href":"https:\/\/asociacionama.org.gt\/en\/wp-json\/wp\/v2\/comments?post=4820"}],"version-history":[{"count":13,"href":"https:\/\/asociacionama.org.gt\/en\/wp-json\/wp\/v2\/pages\/4820\/revisions"}],"predecessor-version":[{"id":4857,"href":"https:\/\/asociacionama.org.gt\/en\/wp-json\/wp\/v2\/pages\/4820\/revisions\/4857"}],"wp:attachment":[{"href":"https:\/\/asociacionama.org.gt\/en\/wp-json\/wp\/v2\/media?parent=4820"}],"curies":[{"name":"wp","href":"https:\/\/api.w.org\/{rel}","templated":true}]}}