{"id":4920,"date":"2023-03-01T17:05:49","date_gmt":"2023-03-01T23:05:49","guid":{"rendered":"http:\/\/asociacionama.org.gt\/?page_id=4920"},"modified":"2025-02-26T12:41:31","modified_gmt":"2025-02-26T18:41:31","slug":"determination","status":"publish","type":"page","link":"https:\/\/asociacionama.org.gt\/en\/determination\/","title":{"rendered":"Determination"},"content":{"rendered":"<div class=\"wpb-content-wrapper\"><div class=\"vc_row wpb_row vc_row-fluid grop-dhav-dotted\"><div class=\"wpb_column vc_column_container text-left vc_col-sm-12\"><div class=\"vc_column-inner\"><div class=\"wpb_wrapper\"><h2 style=\"font-size: 34px;text-align: left;font-family:Roboto Slab;font-weight:700;font-style:normal\" class=\"vc_custom_heading vc_do_custom_heading wpb_animate_when_almost_visible wpb_bounceIn bounceIn\" >Equivalency Determination Certificate<\/h2><div class=\"vc_separator wpb_content_element vc_separator_align_center vc_sep_width_100 vc_sep_pos_align_center vc_separator_no_text vc_sep_color_grey wpb_content_element  wpb_content_element\" ><span class=\"vc_sep_holder vc_sep_holder_l\"><span class=\"vc_sep_line\"><\/span><\/span><span class=\"vc_sep_holder vc_sep_holder_r\"><span class=\"vc_sep_line\"><\/span><\/span>\n<\/div><div class=\"vc_empty_space\"   style=\"height: 32px\"><span class=\"vc_empty_space_inner\"><\/span><\/div><\/div><\/div><\/div><\/div><section class=\"vc_section\"><div class=\"vc_row wpb_row vc_row-fluid grop-dhav-dotted\"><div class=\"wpb_column vc_column_container text-left vc_col-sm-12\"><div class=\"vc_column-inner\"><div class=\"wpb_wrapper\">\n\t<div class=\"wpb_text_column wpb_content_element\" >\n\t\t<div class=\"wpb_wrapper\">\n\t\t\t<p>The Equivalency Determination on File \u201cbadge\u201d means that the organization was at one time determined by NGOsource to be equivalent to a U.S. public charity or government instrumentality for a specific funder during a specific period of time. The badge is neither a legal designation nor does it represent a valid determination: it is intended for marketing purposes only. U.S. grantmakers interested in funding a foreign organization may request an equivalency determination (\u201cED\u201d) through NGOsource. When a grantmaker requests an ED for an organization that has already been determined equivalent (i.e., is on file in the NGOsource repository), the cost is typically lower (and the process typically simpler) than it would be for an organization that does not yet have an ED on file. For more information, please contact <a href=\"mailto:accountsupport@ngosource.org\">accountsupport [at] ngosource [dot] or<\/a>g.<\/p>\n<p>AMA Association is certified until December 31, 2026 as an organization equivalent to a \u00abpublic charity\u00bb type organization in the USA.<\/p>\n\n\t\t<\/div>\n\t<\/div>\n<div class=\"vc_row wpb_row vc_inner vc_row-fluid\"><div class=\"wpb_column vc_column_container vc_col-sm-12\"><div class=\"vc_column-inner\"><div class=\"wpb_wrapper\"><\/div><\/div><\/div><\/div><\/div><\/div><\/div><\/div><div class=\"vc_row wpb_row vc_row-fluid grop-dhav-dotted\"><div class=\"wpb_column vc_column_container text-left vc_col-sm-12\"><div class=\"vc_column-inner\"><div class=\"wpb_wrapper\"><div class=\"vc_empty_space\"   style=\"height: 32px\"><span class=\"vc_empty_space_inner\"><\/span><\/div><div class=\"vc_separator wpb_content_element vc_separator_align_center vc_sep_width_100 vc_sep_pos_align_center vc_separator_no_text vc_sep_color_grey wpb_content_element  wpb_content_element\" ><span class=\"vc_sep_holder vc_sep_holder_l\"><span class=\"vc_sep_line\"><\/span><\/span><span class=\"vc_sep_holder vc_sep_holder_r\"><span class=\"vc_sep_line\"><\/span><\/span>\n<\/div><div class=\"vc_empty_space\"   style=\"height: 32px\"><span class=\"vc_empty_space_inner\"><\/span><\/div><\/div><\/div><\/div><\/div><div class=\"vc_row wpb_row vc_row-fluid grop-dhav-dotted\"><div class=\"wpb_column vc_column_container text-left vc_col-sm-12\"><div class=\"vc_column-inner\"><div class=\"wpb_wrapper\">\n\t<div class=\"wpb_text_column wpb_content_element\" >\n\t\t<div class=\"wpb_wrapper\">\n\t\t\t<p>Asociaci\u00f3n AMA recibi\u00f3 la \u00abDeterminaci\u00f3n de Equivalencia\u00bb de NGO Source-Techsoup, lo que significa que fue evaluado por una fuente no gubernamental y hasta el 31 de Diciembre de 2024 est\u00e1 catalogada como equivalente a una organizaci\u00f3n ben\u00e9fica p\u00fablica de los Estados Unidos. Este reconocimiento busca que los donantes de EE. UU. interesados en financiar a Asociaci\u00f3n AMA puedan solicitar esta determinaci\u00f3n de equivalencia (\u00abED\u00bb). Cuando un donante solicita un ED para una organizaci\u00f3n que ya se ha determinado como equivalente (es decir, est\u00e1 catalogada como tal en los archivos de NGO Sourse), el costo suele ser m\u00e1s bajo (y el proceso m\u00e1s sencillo) de lo que ser\u00eda para una organizaci\u00f3n que a\u00fan no tiene este tipo de reconocimiento. Para obtener m\u00e1s informaci\u00f3n, p\u00f3ngase en contacto con <a href=\"mailto:accountsupport@ngosource.org\" target=\"_blank\" rel=\"noopener\">accountsupport [arroba] ngosource [punto] or<\/a>g.<\/p>\n<p>Asociaci\u00f3n AMA est\u00e1 certificada hasta el 31 de Diciembre de 2026 como organizaci\u00f3n equivalente a una organizaci\u00f3n del tipo \u00abpublic charity\u00bb de EEUU.<\/p>\n\n\t\t<\/div>\n\t<\/div>\n<\/div><\/div><\/div><\/div><div class=\"vc_row wpb_row vc_row-fluid grop-dhav-dotted\"><div class=\"wpb_column vc_column_container text-left vc_col-sm-12\"><div class=\"vc_column-inner\"><div class=\"wpb_wrapper\"><div class=\"vc_empty_space\"   style=\"height: 32px\"><span class=\"vc_empty_space_inner\"><\/span><\/div><div class=\"vc_separator wpb_content_element vc_separator_align_center vc_sep_width_100 vc_sep_pos_align_center vc_separator_no_text vc_sep_color_grey wpb_content_element  wpb_content_element\" ><span class=\"vc_sep_holder vc_sep_holder_l\"><span class=\"vc_sep_line\"><\/span><\/span><span class=\"vc_sep_holder vc_sep_holder_r\"><span class=\"vc_sep_line\"><\/span><\/span>\n<\/div><div class=\"vc_empty_space\"   style=\"height: 32px\"><span class=\"vc_empty_space_inner\"><\/span><\/div>\n\t<div  class=\"wpb_single_image wpb_content_element vc_align_center wpb_content_element\">\n\t\t\n\t\t<figure class=\"wpb_wrapper vc_figure\">\n\t\t\t<a href=\"https:\/\/www.ngosource.org\/about-equivalency-determination-on-file-badge\" target=\"_blank\" class=\"vc_single_image-wrapper vc_box_border  vc_box_border_grey\"><img loading=\"lazy\" decoding=\"async\" width=\"1000\" height=\"500\" src=\"https:\/\/asociacionama.org.gt\/wp-content\/uploads\/2025\/02\/NGOsource-ED-on-File-Image.png\" class=\"vc_single_image-img attachment-full\" alt=\"\" title=\"NGOsource ED on File Image\" srcset=\"https:\/\/asociacionama.org.gt\/wp-content\/uploads\/2025\/02\/NGOsource-ED-on-File-Image.png 1000w, https:\/\/asociacionama.org.gt\/wp-content\/uploads\/2025\/02\/NGOsource-ED-on-File-Image-300x150.png 300w, https:\/\/asociacionama.org.gt\/wp-content\/uploads\/2025\/02\/NGOsource-ED-on-File-Image-768x384.png 768w, https:\/\/asociacionama.org.gt\/wp-content\/uploads\/2025\/02\/NGOsource-ED-on-File-Image-18x9.png 18w\" sizes=\"auto, (max-width: 1000px) 100vw, 1000px\" \/><\/a>\n\t\t<\/figure>\n\t<\/div>\n<\/div><\/div><\/div><\/div><div class=\"vc_row wpb_row vc_row-fluid grop-dhav-dotted\"><div class=\"wpb_column vc_column_container text-left vc_col-sm-12\"><div class=\"vc_column-inner\"><div class=\"wpb_wrapper\">\n\t<div class=\"wpb_text_column wpb_content_element\" >\n\t\t<div class=\"wpb_wrapper\">\n\t\t\t<h3>Para revisar el certificado original, por favor revisar el link siguiente<\/h3>\n\n\t\t<\/div>\n\t<\/div>\n\n\t<div class=\"wpb_text_column wpb_content_element\" >\n\t\t<div class=\"wpb_wrapper\">\n\t\t\t<h3>To review the original certificate, please review the link below<\/h3>\n\n\t\t<\/div>\n\t<\/div>\n\n\t<div class=\"wpb_text_column wpb_content_element\" >\n\t\t<div class=\"wpb_wrapper\">\n\t\t\t<p style=\"text-align: center;\"><span style=\"font-family: helvetica;\"><strong><span style=\"color: #ff00ff;\"><a style=\"color: #ff00ff;\" title=\"AMA Association\" href=\"https:\/\/www.ngosource.org\/about-equivalency-determination-on-file-badge\" target=\"_blank\" rel=\"noopener\">https:\/\/techsoup.app.box.com\/v\/NGOsourceFileBadgeCode<\/a><\/span><\/strong><\/span><\/p>\n\n\t\t<\/div>\n\t<\/div>\n<div class=\"vc_row wpb_row vc_inner vc_row-fluid\"><div class=\"wpb_column vc_column_container vc_col-sm-2\"><div class=\"vc_column-inner\"><div class=\"wpb_wrapper\"><\/div><\/div><\/div><div class=\"wpb_column vc_column_container vc_col-sm-2\"><div class=\"vc_column-inner\"><div class=\"wpb_wrapper\"><\/div><\/div><\/div><div class=\"wpb_column vc_column_container vc_col-sm-6\"><div class=\"vc_column-inner\"><div class=\"wpb_wrapper\">\n\t<div class=\"wpb_raw_code wpb_raw_js\" >\n\t\t<div class=\"wpb_wrapper\">\n\t\t\t<script type=\"text\/javascript\" id=\"ngos-ed-on-file-widget-script-17336c1f-917d-492b-bc53-225c95e103da\">\n (function() {\n function async_load()\n { var s = document.createElement('script'); s.type = 'text\/javascript'; s.async = true; var theUrl = 'http:\/\/www.ngosource.org\/sites\/default\/files\/ngos_ed_on_file_widget.js'; s.src = theUrl + ( theUrl.indexOf(\"?\") >= 0 ? \"&\" : \"?\") + 'ref=' + encodeURIComponent(window.location.href); var embedder = document.getElementById('ngos-ed-on-file-widget-script-17336c1f-917d-492b-bc53-225c95e103da'); embedder.parentNode.insertBefore(s, embedder); }\n if (window.attachEvent)\n window.attachEvent('onload', async_load);\n else\n window.addEventListener('load', async_load, false);\n })();\n <\/script>\n\t\t<\/div>\n\t<\/div>\n<\/div><\/div><\/div><div class=\"wpb_column vc_column_container vc_col-sm-2\"><div class=\"vc_column-inner\"><div class=\"wpb_wrapper\"><\/div><\/div><\/div><\/div><\/div><\/div><\/div><\/div><\/section>\n<\/div>","protected":false},"excerpt":{"rendered":"Equivalency Determination Certificate The Equivalency Determination on File \u201cbadge\u201d means that the organization was at one time determined by NGOsource to be equivalent to a U.S. public charity or government instrumentality for a specific funder during a specific period of time. The badge is neither a legal designation nor does it represent a valid determination: ...","protected":false},"author":1,"featured_media":0,"parent":0,"menu_order":0,"comment_status":"closed","ping_status":"closed","template":"","meta":{"footnotes":""},"class_list":["post-4920","page","type-page","status-publish","hentry"],"_links":{"self":[{"href":"https:\/\/asociacionama.org.gt\/en\/wp-json\/wp\/v2\/pages\/4920","targetHints":{"allow":["GET"]}}],"collection":[{"href":"https:\/\/asociacionama.org.gt\/en\/wp-json\/wp\/v2\/pages"}],"about":[{"href":"https:\/\/asociacionama.org.gt\/en\/wp-json\/wp\/v2\/types\/page"}],"author":[{"embeddable":true,"href":"https:\/\/asociacionama.org.gt\/en\/wp-json\/wp\/v2\/users\/1"}],"replies":[{"embeddable":true,"href":"https:\/\/asociacionama.org.gt\/en\/wp-json\/wp\/v2\/comments?post=4920"}],"version-history":[{"count":22,"href":"https:\/\/asociacionama.org.gt\/en\/wp-json\/wp\/v2\/pages\/4920\/revisions"}],"predecessor-version":[{"id":7175,"href":"https:\/\/asociacionama.org.gt\/en\/wp-json\/wp\/v2\/pages\/4920\/revisions\/7175"}],"wp:attachment":[{"href":"https:\/\/asociacionama.org.gt\/en\/wp-json\/wp\/v2\/media?parent=4920"}],"curies":[{"name":"wp","href":"https:\/\/api.w.org\/{rel}","templated":true}]}}