{"id":576,"date":"2017-08-21T07:43:19","date_gmt":"2017-08-21T07:43:19","guid":{"rendered":"https:\/\/victorthemes.com\/themes\/groppe\/?page_id=576"},"modified":"2025-06-23T20:06:26","modified_gmt":"2025-06-24T02:06:26","slug":"contacto","status":"publish","type":"page","link":"https:\/\/asociacionama.org.gt\/en\/contacto\/","title":{"rendered":"Contact Us"},"content":{"rendered":"<div class=\"wpb-content-wrapper\"><div class=\"vc_row wpb_row vc_row-fluid grop-dhav-dotted\"><div class=\"wpb_column vc_column_container text-left vc_col-sm-5\"><div class=\"vc_column-inner\"><div class=\"wpb_wrapper\">\n\t<div class=\"wpb_text_column wpb_content_element grop-cgettouch_txt\" >\n\t\t<div class=\"wpb_wrapper\">\n\t\t\t<h3>Contact Us<\/h3>\n<p>AMA Association is commitment to accountability to our stakeholders, especially to our adolescent girls, women and young people and our international donors whose financial support makes each program and project possible. An important part of this commitment is to ensure that we share information in a transparent manner or, when we are unable to fulfill a request for information, we provide a reasonable justification as to why we cannot provide information. <\/p>\n\n\t\t<\/div>\n\t<\/div>\n<div class=\"grop-cgettouch_info\">\n  <h4>Headquarter<\/h4>  <address class=\"grop-cgettouch_locn\">\n    <p>Calzada 25 Junio 8028, zona 4, Barrio El Porvenir, Popt\u00fan, Pet\u00e9n, Guatemala, C.A.<\/p><span>Phone:<a href=\"\/en\/www.asociacionama.org.gt\/\">+(502) 7884-9402<\/a><\/span><span>Email:<a href=\"mailto:info@asociacionama.org.gt\">info@asociacionama.org.gt<\/a><\/span>  <\/address>\n<\/div>\n<\/div><\/div><\/div><div class=\"wpb_column vc_column_container text-left vc_col-sm-6\"><div class=\"vc_column-inner\"><div class=\"wpb_wrapper\"><div class=\"grop-contact_form grop-contact-69e769ebd4a3a\">\n<div class=\"wpcf7 no-js\" id=\"wpcf7-f7202-o1\" lang=\"en-US\" dir=\"ltr\" data-wpcf7-id=\"7202\">\n<div class=\"screen-reader-response\"><p role=\"status\" aria-live=\"polite\" aria-atomic=\"true\"><\/p> <ul><\/ul><\/div>\n<form action=\"\/en\/wp-json\/wp\/v2\/pages\/576#wpcf7-f7202-o1\" method=\"post\" class=\"wpcf7-form init\" aria-label=\"Contact form\" novalidate=\"novalidate\" data-status=\"init\" data-trp-original-action=\"\/en\/wp-json\/wp\/v2\/pages\/576#wpcf7-f7202-o1\">\n<div style=\"display: none;\">\n<input type=\"hidden\" name=\"_wpcf7\" value=\"7202\" \/>\n<input type=\"hidden\" name=\"_wpcf7_version\" value=\"6.0.6\" \/>\n<input type=\"hidden\" name=\"_wpcf7_locale\" value=\"en_US\" \/>\n<input type=\"hidden\" name=\"_wpcf7_unit_tag\" value=\"wpcf7-f7202-o1\" \/>\n<input type=\"hidden\" name=\"_wpcf7_container_post\" value=\"0\" \/>\n<input type=\"hidden\" name=\"_wpcf7_posted_data_hash\" value=\"\" \/>\n<\/div>\n<div class=\"grop-input-col-1 grop-bvfrm_sigl\">\n\t<p><label> Full Name * <\/label><span class=\"wpcf7-form-control-wrap\" data-name=\"your-name\"><input size=\"40\" maxlength=\"400\" class=\"wpcf7-form-control wpcf7-text wpcf7-validates-as-required grop-form-control\" aria-required=\"true\" aria-invalid=\"false\" value=\"\" type=\"text\" name=\"your-name\" \/><\/span>\n\t<\/p>\n<\/div>\n<div class=\"grop-input-col-1 grop-bvfrm_sigl\">\n\t<p><label> Email * <\/label><span class=\"wpcf7-form-control-wrap\" data-name=\"your-email\"><input size=\"40\" maxlength=\"400\" class=\"wpcf7-form-control wpcf7-email wpcf7-validates-as-required wpcf7-text wpcf7-validates-as-email grop-form-control\" aria-required=\"true\" aria-invalid=\"false\" value=\"\" type=\"email\" name=\"your-email\" \/><\/span>\n\t<\/p>\n<\/div>\n<div class=\"grop-input-col-1 grop-bvfrm_sigl\">\n\t<p><label> Mobile\/WhatsApp * <\/label><span class=\"wpcf7-form-control-wrap\" data-name=\"phone\"><input size=\"40\" maxlength=\"400\" class=\"wpcf7-form-control wpcf7-tel wpcf7-validates-as-required wpcf7-text wpcf7-validates-as-tel grop-form-control\" aria-required=\"true\" aria-invalid=\"false\" value=\"\" type=\"tel\" name=\"phone\" \/><\/span>\n\t<\/p>\n<\/div>\n<div class=\"row grop-input-col-2 grop-bvfrm_sigl\">\n\t<div class=\"col-sm-6\">\n\t\t<p><label> Department <\/label><span class=\"wpcf7-form-control-wrap\" data-name=\"your-state\"><select class=\"wpcf7-form-control wpcf7-select grop-city_select\" aria-invalid=\"false\" name=\"your-state\"><option value=\"El Pet\u00e9n\">El Pet\u00e9n<\/option><option value=\"Guatemala\">Guatemala<\/option><option value=\"Otro\">Other<\/option><\/select><\/span>\n\t\t<\/p>\n\t<\/div>\n\t<div class=\"col-sm-6\">\n\t\t<p><label> Municipality <\/label><span class=\"wpcf7-form-control-wrap\" data-name=\"your-city\"><select class=\"wpcf7-form-control wpcf7-select grop-city_select\" aria-invalid=\"false\" name=\"your-city\"><option value=\"El Chal\">El Chal<\/option><option value=\"Dolores\">Dolores<\/option><option value=\"Popt\u00fan\">Popt\u00fan<\/option><option value=\"San Luis\">San Luis<\/option><option value=\"Guatemala\">Guatemala<\/option><option value=\"Otro\">Other<\/option><\/select><\/span>\n\t\t<\/p>\n\t<\/div>\n<\/div>\n<div class=\"grop-input-col-1 grop-bvfrm_sigl\">\n\t<p><label>Country <\/label><span class=\"wpcf7-form-control-wrap\" data-name=\"your-country\"><select class=\"wpcf7-form-control wpcf7-select grop-city_select\" aria-invalid=\"false\" name=\"your-country\"><option value=\"Guatemala\">Guatemala<\/option><option value=\"EEUU\">USA<\/option><option value=\"Canad\u00e1\">Canada<\/option><option value=\"Europa\">Europe<\/option><option value=\"Otro\">Other<\/option><\/select><\/span>\n\t<\/p>\n<\/div>\n<div class=\"grop-input-col-1 grop-confrm_sigl\">\n\t<p><span class=\"wpcf7-form-control-wrap\" data-name=\"subject\"><input size=\"40\" maxlength=\"400\" class=\"wpcf7-form-control wpcf7-text grop-form-control\" aria-invalid=\"false\" placeholder=\"Subject\" value=\"\" type=\"text\" name=\"subject\" \/><\/span>\n\t<\/p>\n<\/div>\n<div class=\"grop-input-col-1 grop-confrm_sigl\">\n\t<p><span class=\"wpcf7-form-control-wrap\" data-name=\"textarea-261\"><textarea cols=\"40\" rows=\"10\" maxlength=\"2000\" class=\"wpcf7-form-control wpcf7-textarea wpcf7-validates-as-required grop-form-control\" aria-required=\"true\" aria-invalid=\"false\" placeholder=\"Enter your comments\/questions\/request\" name=\"textarea-261\"><\/textarea><\/span>\n\t<\/p>\n<\/div>\n<p><input type=\"hidden\" name=\"_wpcf7_captcha_challenge_captcha-789\" value=\"2887265875\" \/><img loading=\"lazy\" decoding=\"async\" class=\"wpcf7-form-control wpcf7-captchac wpcf7-captcha-captcha-789\" width=\"72\" height=\"24\" alt=\"captcha\" src=\"https:\/\/asociacionama.org.gt\/wp-content\/uploads\/wpcf7_captcha\/2887265875.png\" \/><br \/>\n<strong>Ingresa la imagen de arriba<\/strong><br \/>\n<span class=\"wpcf7-form-control-wrap\" data-name=\"captcha-789\"><input size=\"40\" class=\"wpcf7-form-control wpcf7-captchar\" autocomplete=\"off\" aria-invalid=\"false\" value=\"\" type=\"text\" name=\"captcha-789\" \/><\/span>\n<\/p>\n<div class=\"grop-input-col-1  grop-bvfrm_sigl\">\n\t<p><input class=\"wpcf7-form-control wpcf7-submit has-spinner grop-btn grop-btn_overly grop-btn_submit\" type=\"submit\" value=\"Send\" \/>\n\t<\/p>\n<\/div><div class=\"wpcf7-response-output\" aria-hidden=\"true\"><\/div>\n<input type=\"hidden\" name=\"trp-form-language\" value=\"en\"\/><\/form>\n<\/div>\n<\/div><\/div><\/div><\/div><div class=\"wpb_column vc_column_container text-left vc_col-sm-1\"><div class=\"vc_column-inner\"><div class=\"wpb_wrapper\"><\/div><\/div><\/div><\/div><div class=\"vc_row wpb_row vc_row-fluid grop-dhav-dotted vc_custom_1506606750513\"><div class=\"wpb_column vc_column_container text-left vc_col-sm-4 vc_col-lg-4 vc_col-md-4\"><div class=\"vc_column-inner\"><div class=\"wpb_wrapper\"><\/div><\/div><\/div><div class=\"wpb_column vc_column_container text-left vc_col-sm-8 vc_col-lg-8 vc_col-md-8\"><div class=\"vc_column-inner vc_custom_1507709902761\"><div class=\"wpb_wrapper\"><\/div><\/div><\/div><\/div><div data-vc-full-width=\"true\" data-vc-full-width-init=\"false\" data-vc-stretch-content=\"true\" class=\"vc_row wpb_row vc_row-fluid grop-dhav-dotted vc_row-no-padding\"><div class=\"wpb_column vc_column_container text-left vc_col-sm-12\"><div class=\"vc_column-inner\"><div class=\"wpb_wrapper\">\n\t<div class=\"wpb_raw_code wpb_raw_html wpb_content_element\" >\n\t\t<div class=\"wpb_wrapper\">\n\t\t\t<iframe src=\"https:\/\/www.google.com\/maps\/embed?pb=!1m14!1m8!1m3!1d1914.358534458269!2d-89.4248626!3d16.3373946!3m2!1i1024!2i768!4f13.1!3m3!1m2!1s0x8f6063959d704219%3A0x492d4188553ad70f!2sAsociaci%C3%B3n%20AMA!5e0!3m2!1ses!2sgt!4v1715205838956!5m2!1ses!2sgt\" width=\"1920\" height=\"450\" style=\"border:0;\" allowfullscreen=\"\" loading=\"lazy\" referrerpolicy=\"no-referrer-when-downgrade\"><\/iframe>\n\t\t<\/div>\n\t<\/div>\n<\/div><\/div><\/div><\/div><div class=\"vc_row-full-width vc_clearfix\"><\/div>\n<\/div>","protected":false},"excerpt":{"rendered":"Cont\u00e1ctanos Asociaci\u00f3n AMA se compromete a rendir cuentas a nuestras partes interesadas, especialmente para nuestras ni\u00f1as adolescentes, mujeres y adolescencia y los patrocinadores internacionales que con su apoyo financiero hacen posible realizar cada programa y proyecto. Una parte importante de este compromiso es garantizar que compartamos informaci\u00f3n de manera transparente o, cuando no podamos satisfacer ...","protected":false},"author":1,"featured_media":0,"parent":0,"menu_order":0,"comment_status":"closed","ping_status":"closed","template":"","meta":{"footnotes":""},"class_list":["post-576","page","type-page","status-publish","hentry"],"_links":{"self":[{"href":"https:\/\/asociacionama.org.gt\/en\/wp-json\/wp\/v2\/pages\/576","targetHints":{"allow":["GET"]}}],"collection":[{"href":"https:\/\/asociacionama.org.gt\/en\/wp-json\/wp\/v2\/pages"}],"about":[{"href":"https:\/\/asociacionama.org.gt\/en\/wp-json\/wp\/v2\/types\/page"}],"author":[{"embeddable":true,"href":"https:\/\/asociacionama.org.gt\/en\/wp-json\/wp\/v2\/users\/1"}],"replies":[{"embeddable":true,"href":"https:\/\/asociacionama.org.gt\/en\/wp-json\/wp\/v2\/comments?post=576"}],"version-history":[{"count":19,"href":"https:\/\/asociacionama.org.gt\/en\/wp-json\/wp\/v2\/pages\/576\/revisions"}],"predecessor-version":[{"id":7203,"href":"https:\/\/asociacionama.org.gt\/en\/wp-json\/wp\/v2\/pages\/576\/revisions\/7203"}],"wp:attachment":[{"href":"https:\/\/asociacionama.org.gt\/en\/wp-json\/wp\/v2\/media?parent=576"}],"curies":[{"name":"wp","href":"https:\/\/api.w.org\/{rel}","templated":true}]}}