{"id":6666,"date":"2024-02-24T16:50:33","date_gmt":"2024-02-24T22:50:33","guid":{"rendered":"https:\/\/asociacionama.org.gt\/?page_id=6666"},"modified":"2024-09-10T08:15:28","modified_gmt":"2024-09-10T14:15:28","slug":"trazando-futuros-brillantes-empoderamiento-de-ninas-y-jovenes-mujeres-en-el-departamento-de-peten","status":"publish","type":"page","link":"https:\/\/asociacionama.org.gt\/en\/trazando-futuros-brillantes-empoderamiento-de-ninas-y-jovenes-mujeres-en-el-departamento-de-peten\/","title":{"rendered":"Trazando Futuros Brillantes: Empoderamiento de Ni\u00f1as y J\u00f3venes Mujeres en el Departamento de Pet\u00e9n"},"content":{"rendered":"<div class=\"wpb-content-wrapper\"><div class=\"vc_row wpb_row vc_row-fluid grop-dhav-dotted\"><div class=\"wpb_column vc_column_container text-left vc_col-sm-12\"><div class=\"vc_column-inner\"><div class=\"wpb_wrapper\"><h1 style=\"font-size: 38px;color: #4c2c6f;text-align: left;font-family:Roboto Slab;font-weight:700;font-style:normal\" class=\"vc_custom_heading vc_do_custom_heading\" >Una d\u00e9cada de transformaci\u00f3n: Diez a\u00f1os fortaleciendo el empoderamiento de ni\u00f1as, adolescentes y mujeres j\u00f3venes<\/h1><div class=\"vc_separator wpb_content_element vc_separator_align_center vc_sep_width_100 vc_sep_pos_align_center vc_separator_no_text vc_sep_color_grey wpb_content_element  wpb_content_element\" ><span class=\"vc_sep_holder vc_sep_holder_l\"><span class=\"vc_sep_line\"><\/span><\/span><span class=\"vc_sep_holder vc_sep_holder_r\"><span class=\"vc_sep_line\"><\/span><\/span>\n<\/div>\n\t<div  class=\"wpb_single_image wpb_content_element vc_align_center wpb_content_element wpb_animate_when_almost_visible wpb_fadeIn fadeIn\">\n\t\t\n\t\t<figure class=\"wpb_wrapper vc_figure\">\n\t\t\t<div class=\"vc_single_image-wrapper   vc_box_border_grey\"><img loading=\"lazy\" decoding=\"async\" width=\"1584\" height=\"575\" src=\"https:\/\/asociacionama.org.gt\/wp-content\/uploads\/2024\/02\/PORTADA-timeline.jpg\" class=\"vc_single_image-img attachment-full\" alt=\"\" title=\"PORTADA-timeline\" srcset=\"https:\/\/asociacionama.org.gt\/wp-content\/uploads\/2024\/02\/PORTADA-timeline.jpg 1584w, https:\/\/asociacionama.org.gt\/wp-content\/uploads\/2024\/02\/PORTADA-timeline-300x109.jpg 300w, https:\/\/asociacionama.org.gt\/wp-content\/uploads\/2024\/02\/PORTADA-timeline-1024x372.jpg 1024w, https:\/\/asociacionama.org.gt\/wp-content\/uploads\/2024\/02\/PORTADA-timeline-768x279.jpg 768w, https:\/\/asociacionama.org.gt\/wp-content\/uploads\/2024\/02\/PORTADA-timeline-1536x558.jpg 1536w, https:\/\/asociacionama.org.gt\/wp-content\/uploads\/2024\/02\/PORTADA-timeline-18x7.jpg 18w\" sizes=\"auto, (max-width: 1584px) 100vw, 1584px\" \/><\/div>\n\t\t<\/figure>\n\t<\/div>\n<div class=\"vc_separator wpb_content_element vc_separator_align_center vc_sep_width_100 vc_sep_pos_align_center vc_separator_no_text vc_sep_color_grey wpb_content_element  wpb_content_element\" ><span class=\"vc_sep_holder vc_sep_holder_l\"><span class=\"vc_sep_line\"><\/span><\/span><span class=\"vc_sep_holder vc_sep_holder_r\"><span class=\"vc_sep_line\"><\/span><\/span>\n<\/div><\/div><\/div><\/div><\/div><div class=\"vc_row wpb_row vc_row-fluid grop-dhav-dotted\"><div class=\"wpb_column vc_column_container text-left vc_col-sm-1\"><div class=\"vc_column-inner\"><div class=\"wpb_wrapper\"><\/div><\/div><\/div><div class=\"wpb_column vc_column_container text-left vc_col-sm-10\"><div class=\"vc_column-inner\"><div class=\"wpb_wrapper\"><h2 style=\"text-align: left;font-family:Open Sans;font-weight:800;font-style:normal\" class=\"vc_custom_heading vc_do_custom_heading\" >Introducci\u00f3n<\/h2>\n\t<div class=\"wpb_text_column wpb_content_element\" >\n\t\t<div class=\"wpb_wrapper\">\n\t\t\t<p>Durante los \u00faltimos diez a\u00f1os, Asociaci\u00f3n AMA se ha comprometido con el empoderamiento y el bienestar de las ni\u00f1as y j\u00f3venes mujeres en nuestras comunidades en el Departamento de Pet\u00e9n, Guatemala. A trav\u00e9s de una serie de proyectos innovadores y centrados en sus necesidades, hemos trabajado arduamente para proporcionarles las herramientas y oportunidades necesarias para que puedan alcanzar su m\u00e1ximo potencial y construir un futuro brillante.<\/p>\n<p>Desde el 2015 hasta el 2023 hemos implementado una variedad de iniciativas que abordan desaf\u00edos fundamentales que enfrentan las ni\u00f1as, j\u00f3venes y mujeres en \u00e1reas como la educaci\u00f3n, la salud reproductiva, la violencia de g\u00e9nero y el empoderamiento econ\u00f3mico. Cada proyecto ha sido dise\u00f1ado con un enfoque integral y sensible a las realidades espec\u00edficas de estas j\u00f3venes, con el objetivo de fomentar su autoestima, habilidades y capacidades para liderar vidas plenas y exitosas.<\/p>\n<p>A lo largo de este periodo, hemos sido testigos del impacto transformador de nuestros esfuerzos, desde la mejora del acceso a la educaci\u00f3n hasta la promoci\u00f3n de la salud sexual y reproductiva, pasando por la capacitaci\u00f3n en habilidades para la vida y el fortalecimiento de la autoconfianza. Cada proyecto representa un paso m\u00e1s hacia la creaci\u00f3n de un entorno en el que todas las ni\u00f1as y j\u00f3venes mujeres puedan florecer y alcanzar sus sue\u00f1os.<\/p>\n<p>Acomp\u00e1\u00f1enos en este recorrido a trav\u00e9s del tiempo mientras destacamos los logros y el compromiso detr\u00e1s de cada proyecto, y celebramos el poder y el potencial ilimitado de las ni\u00f1as y j\u00f3venes mujeres en la construcci\u00f3n de un futuro m\u00e1s igualitario y prometedor para todas.<\/p>\n\n\t\t<\/div>\n\t<\/div>\n<\/div><\/div><\/div><div class=\"wpb_column vc_column_container text-left vc_col-sm-1\"><div class=\"vc_column-inner\"><div class=\"wpb_wrapper\"><\/div><\/div><\/div><\/div><div class=\"vc_row wpb_row vc_row-fluid grop-dhav-dotted\"><div class=\"wpb_column vc_column_container text-left vc_col-sm-12\"><div class=\"vc_column-inner\"><div class=\"wpb_wrapper\"><div class=\"vc_empty_space\"   style=\"height: 32px\"><span class=\"vc_empty_space_inner\"><\/span><\/div><div class=\"vc_separator wpb_content_element vc_separator_align_center vc_sep_width_100 vc_sep_pos_align_center vc_separator_no_text vc_sep_color_grey wpb_content_element  wpb_content_element\" ><span class=\"vc_sep_holder vc_sep_holder_l\"><span class=\"vc_sep_line\"><\/span><\/span><span class=\"vc_sep_holder vc_sep_holder_r\"><span class=\"vc_sep_line\"><\/span><\/span>\n<\/div><div class=\"vc_empty_space\"   style=\"height: 32px\"><span class=\"vc_empty_space_inner\"><\/span><\/div><h2 style=\"text-align: left;font-family:Open Sans;font-weight:800;font-style:normal\" class=\"vc_custom_heading vc_do_custom_heading\" >Introducci\u00f3n a los proyectos en ejecuci\u00f3n en 2024<\/h2>\n\t<div class=\"wpb_text_column wpb_content_element\" >\n\t\t<div class=\"wpb_wrapper\">\n\t\t\t<p>En Guatemala, la Asociaci\u00f3n AMA ha llevado a cabo diversos proyectos enfocados en fortalecer el empoderamiento de ni\u00f1as y j\u00f3venes mujeres. Desde el a\u00f1o 2014 hasta el 2023, han implementado iniciativas como la vinculaci\u00f3n con actores estrat\u00e9gicos en salud sexual y reproductiva, programas educativos para acceso a la salud integral y diferenciada, as\u00ed como campa\u00f1as contra la violencia y por la igualdad de g\u00e9nero. Estas acciones han sido clave para promover el desarrollo y la autonom\u00eda de las mujeres guatemaltecas.<\/p>\n\n\t\t<\/div>\n\t<\/div>\n<\/div><\/div><\/div><\/div><div class=\"vc_row wpb_row vc_row-fluid grop-dhav-dotted\"><div class=\"wpb_column vc_column_container text-left vc_col-sm-12\"><div class=\"vc_column-inner\"><div class=\"wpb_wrapper\"><div class=\"vc_empty_space\"   style=\"height: 32px\"><span class=\"vc_empty_space_inner\"><\/span><\/div>\n\t<div  class=\"wpb_single_image wpb_content_element vc_align_center wpb_content_element\">\n\t\t\n\t\t<figure class=\"wpb_wrapper vc_figure\">\n\t\t\t<div class=\"vc_single_image-wrapper vc_box_rounded  vc_box_border_grey\"><img loading=\"lazy\" decoding=\"async\" width=\"1151\" height=\"517\" src=\"https:\/\/asociacionama.org.gt\/wp-content\/uploads\/2024\/09\/timeline-ama-2024b.jpg\" class=\"vc_single_image-img attachment-full\" alt=\"\" title=\"timeline-ama-2024b\" srcset=\"https:\/\/asociacionama.org.gt\/wp-content\/uploads\/2024\/09\/timeline-ama-2024b.jpg 1151w, https:\/\/asociacionama.org.gt\/wp-content\/uploads\/2024\/09\/timeline-ama-2024b-300x135.jpg 300w, https:\/\/asociacionama.org.gt\/wp-content\/uploads\/2024\/09\/timeline-ama-2024b-1024x460.jpg 1024w, https:\/\/asociacionama.org.gt\/wp-content\/uploads\/2024\/09\/timeline-ama-2024b-768x345.jpg 768w, https:\/\/asociacionama.org.gt\/wp-content\/uploads\/2024\/09\/timeline-ama-2024b-18x8.jpg 18w\" sizes=\"auto, (max-width: 1151px) 100vw, 1151px\" \/><\/div>\n\t\t<\/figure>\n\t<\/div>\n<\/div><\/div><\/div><\/div><div class=\"vc_row wpb_row vc_row-fluid grop-dhav-dotted\"><div class=\"wpb_column vc_column_container text-left vc_col-sm-12\"><div class=\"vc_column-inner\"><div class=\"wpb_wrapper\"><div class=\"vc_empty_space\"   style=\"height: 32px\"><span class=\"vc_empty_space_inner\"><\/span><\/div><div class=\"vc_separator wpb_content_element vc_separator_align_center vc_sep_width_100 vc_sep_pos_align_center vc_separator_no_text vc_sep_color_grey wpb_content_element  wpb_content_element\" ><span class=\"vc_sep_holder vc_sep_holder_l\"><span class=\"vc_sep_line\"><\/span><\/span><span class=\"vc_sep_holder vc_sep_holder_r\"><span class=\"vc_sep_line\"><\/span><\/span>\n<\/div><div class=\"vc_empty_space\"   style=\"height: 32px\"><span class=\"vc_empty_space_inner\"><\/span><\/div><h2 style=\"text-align: left;font-family:Open Sans;font-weight:800;font-style:normal\" class=\"vc_custom_heading vc_do_custom_heading\" >Introducci\u00f3n a los proyectos ejecutados del 2014 al 2023<\/h2>\n\t<div class=\"wpb_text_column wpb_content_element\" >\n\t\t<div class=\"wpb_wrapper\">\n\t\t\t<p>En Guatemala, la Asociaci\u00f3n AMA ha llevado a cabo diversos proyectos enfocados en fortalecer el empoderamiento de ni\u00f1as y j\u00f3venes mujeres. Desde el a\u00f1o 2014 hasta el 2023, han implementado iniciativas como la vinculaci\u00f3n con actores estrat\u00e9gicos en salud sexual y reproductiva, programas educativos para acceso a la salud integral y diferenciada, as\u00ed como campa\u00f1as contra la violencia y por la igualdad de g\u00e9nero. Estas acciones han sido clave para promover el desarrollo y la autonom\u00eda de las mujeres guatemaltecas.<\/p>\n\n\t\t<\/div>\n\t<\/div>\n<\/div><\/div><\/div><\/div><div class=\"vc_row wpb_row vc_row-fluid grop-dhav-dotted\"><div class=\"wpb_column vc_column_container text-left vc_col-sm-12\"><div class=\"vc_column-inner\"><div class=\"wpb_wrapper\"><div class=\"vc_empty_space\"   style=\"height: 32px\"><span class=\"vc_empty_space_inner\"><\/span><\/div>\n\t<div  class=\"wpb_single_image wpb_content_element vc_align_center wpb_content_element\">\n\t\t\n\t\t<figure class=\"wpb_wrapper vc_figure\">\n\t\t\t<div class=\"vc_single_image-wrapper vc_box_rounded  vc_box_border_grey\"><img loading=\"lazy\" decoding=\"async\" width=\"1515\" height=\"951\" src=\"https:\/\/asociacionama.org.gt\/wp-content\/uploads\/2024\/08\/timeline-ama-2014-2023b.png\" class=\"vc_single_image-img attachment-full\" alt=\"\" title=\"timeline-ama-2014-2023b\" srcset=\"https:\/\/asociacionama.org.gt\/wp-content\/uploads\/2024\/08\/timeline-ama-2014-2023b.png 1515w, https:\/\/asociacionama.org.gt\/wp-content\/uploads\/2024\/08\/timeline-ama-2014-2023b-300x188.png 300w, https:\/\/asociacionama.org.gt\/wp-content\/uploads\/2024\/08\/timeline-ama-2014-2023b-1024x643.png 1024w, https:\/\/asociacionama.org.gt\/wp-content\/uploads\/2024\/08\/timeline-ama-2014-2023b-768x482.png 768w, https:\/\/asociacionama.org.gt\/wp-content\/uploads\/2024\/08\/timeline-ama-2014-2023b-18x12.png 18w\" sizes=\"auto, (max-width: 1515px) 100vw, 1515px\" \/><\/div>\n\t\t<\/figure>\n\t<\/div>\n<\/div><\/div><\/div><\/div>\n<\/div>","protected":false},"excerpt":{"rendered":"Una d\u00e9cada de transformaci\u00f3n: Diez a\u00f1os fortaleciendo el empoderamiento de ni\u00f1as, adolescentes y mujeres j\u00f3venes Introducci\u00f3n Durante los \u00faltimos diez a\u00f1os, Asociaci\u00f3n AMA se ha comprometido con el empoderamiento y el bienestar de las ni\u00f1as y j\u00f3venes mujeres en nuestras comunidades en el Departamento de Pet\u00e9n, Guatemala. A trav\u00e9s de una serie de proyectos innovadores ...","protected":false},"author":1,"featured_media":0,"parent":0,"menu_order":0,"comment_status":"closed","ping_status":"closed","template":"","meta":{"footnotes":""},"class_list":["post-6666","page","type-page","status-publish","hentry"],"_links":{"self":[{"href":"https:\/\/asociacionama.org.gt\/en\/wp-json\/wp\/v2\/pages\/6666","targetHints":{"allow":["GET"]}}],"collection":[{"href":"https:\/\/asociacionama.org.gt\/en\/wp-json\/wp\/v2\/pages"}],"about":[{"href":"https:\/\/asociacionama.org.gt\/en\/wp-json\/wp\/v2\/types\/page"}],"author":[{"embeddable":true,"href":"https:\/\/asociacionama.org.gt\/en\/wp-json\/wp\/v2\/users\/1"}],"replies":[{"embeddable":true,"href":"https:\/\/asociacionama.org.gt\/en\/wp-json\/wp\/v2\/comments?post=6666"}],"version-history":[{"count":11,"href":"https:\/\/asociacionama.org.gt\/en\/wp-json\/wp\/v2\/pages\/6666\/revisions"}],"predecessor-version":[{"id":7106,"href":"https:\/\/asociacionama.org.gt\/en\/wp-json\/wp\/v2\/pages\/6666\/revisions\/7106"}],"wp:attachment":[{"href":"https:\/\/asociacionama.org.gt\/en\/wp-json\/wp\/v2\/media?parent=6666"}],"curies":[{"name":"wp","href":"https:\/\/api.w.org\/{rel}","templated":true}]}}