{"id":6699,"date":"2024-02-26T12:59:12","date_gmt":"2024-02-26T18:59:12","guid":{"rendered":"https:\/\/asociacionama.org.gt\/?page_id=6699"},"modified":"2024-04-15T10:10:41","modified_gmt":"2024-04-15T16:10:41","slug":"plan-estrategico-2022-2027","status":"publish","type":"page","link":"https:\/\/asociacionama.org.gt\/en\/plan-estrategico-2022-2027\/","title":{"rendered":"Strategic Plan 2022-2027"},"content":{"rendered":"<div class=\"wpb-content-wrapper\"><div class=\"vc_row wpb_row vc_row-fluid grop-dhav-dotted\"><div class=\"wpb_column vc_column_container text-left vc_col-sm-12\"><div class=\"vc_column-inner\"><div class=\"wpb_wrapper\"><h1 style=\"font-size: 38px;color: #4c2c6f;text-align: left;font-family:Roboto Slab;font-weight:700;font-style:normal\" class=\"vc_custom_heading vc_do_custom_heading\" >Strategic Plan 2022-2027<\/h1><div class=\"vc_separator wpb_content_element vc_separator_align_center vc_sep_width_100 vc_sep_pos_align_center vc_separator_no_text vc_sep_color_grey wpb_content_element  wpb_content_element\" ><span class=\"vc_sep_holder vc_sep_holder_l\"><span class=\"vc_sep_line\"><\/span><\/span><span class=\"vc_sep_holder vc_sep_holder_r\"><span class=\"vc_sep_line\"><\/span><\/span>\n<\/div>\n\t<div  class=\"wpb_single_image wpb_content_element vc_align_center wpb_content_element wpb_animate_when_almost_visible wpb_fadeIn fadeIn\">\n\t\t\n\t\t<figure class=\"wpb_wrapper vc_figure\">\n\t\t\t<div class=\"vc_single_image-wrapper   vc_box_border_grey\"><img loading=\"lazy\" decoding=\"async\" width=\"1584\" height=\"575\" src=\"https:\/\/asociacionama.org.gt\/wp-content\/uploads\/2024\/04\/portada-Plan-Estrategico-AMA-hd.jpg\" class=\"vc_single_image-img attachment-full\" alt=\"\" title=\"portada-Plan-Estrategico-AMA-hd\" srcset=\"https:\/\/asociacionama.org.gt\/wp-content\/uploads\/2024\/04\/portada-Plan-Estrategico-AMA-hd.jpg 1584w, https:\/\/asociacionama.org.gt\/wp-content\/uploads\/2024\/04\/portada-Plan-Estrategico-AMA-hd-300x109.jpg 300w, https:\/\/asociacionama.org.gt\/wp-content\/uploads\/2024\/04\/portada-Plan-Estrategico-AMA-hd-1024x372.jpg 1024w, https:\/\/asociacionama.org.gt\/wp-content\/uploads\/2024\/04\/portada-Plan-Estrategico-AMA-hd-768x279.jpg 768w, https:\/\/asociacionama.org.gt\/wp-content\/uploads\/2024\/04\/portada-Plan-Estrategico-AMA-hd-1536x558.jpg 1536w, https:\/\/asociacionama.org.gt\/wp-content\/uploads\/2024\/04\/portada-Plan-Estrategico-AMA-hd-18x7.jpg 18w\" sizes=\"auto, (max-width: 1584px) 100vw, 1584px\" \/><\/div>\n\t\t<\/figure>\n\t<\/div>\n<div class=\"vc_separator wpb_content_element vc_separator_align_center vc_sep_width_100 vc_sep_pos_align_center vc_separator_no_text vc_sep_color_grey wpb_content_element  wpb_content_element\" ><span class=\"vc_sep_holder vc_sep_holder_l\"><span class=\"vc_sep_line\"><\/span><\/span><span class=\"vc_sep_holder vc_sep_holder_r\"><span class=\"vc_sep_line\"><\/span><\/span>\n<\/div><\/div><\/div><\/div><\/div><div class=\"vc_row wpb_row vc_row-fluid grop-dhav-dotted\"><div class=\"wpb_column vc_column_container text-left vc_col-sm-1\"><div class=\"vc_column-inner\"><div class=\"wpb_wrapper\"><\/div><\/div><\/div><div class=\"wpb_column vc_column_container text-left vc_col-sm-10\"><div class=\"vc_column-inner\"><div class=\"wpb_wrapper\">\n\t<div class=\"wpb_text_column wpb_content_element\" >\n\t\t<div class=\"wpb_wrapper\">\n\t\t\t<p>Ten years have passed since the idea emerged to create a local organization that responds to the need for prevention and reduction of early pregnancies and gender-based violence in adolescent girls and young women, both in mestizo and indigenous populations located in the southeast of the Pet\u00e9n department in Guatemala, a dynamic observed in a macho social context with precarious education levels. The initiative was driven by committed adolescent girls and young women who seek, in solidarity, to contribute to improving the quality of life of women, based on human rights standards, thus creating the AMA Association.<\/p>\n<p>A moment of internal reflection in 2021 led us to establish the importance of developing a tool to better guide our work to make it more efficient. Therefore, the AMA Association promoted the preparation of the planning process between the end of 2021 and the beginning of 2022, with the cooperation of the Global Fund for Children to conclude with the creation of the 2022-2027 Strategic Plan, which was carried out under participatory mechanisms to review our history, achievements, lessons learned, and the challenges we face to improve the effectiveness of our work.<\/p>\n<p>The Plan develops AMA's global strategy, considering the work we have been doing, organizing it through a general objective, 4 strategic objectives that become the organization's major programs, 9 expected results have been defined, and 22 strategic activities have been established, which contemplate a series of actions or tasks to be developed during the period 2022-2027.<\/p>\n<p>The 2022-2027 Strategic Plan of the AMA Association is framed within human rights standards and is closely linked to Goals 3, 4, and 5 of the Sustainable Development Goals established within the United Nations, which address 3) \"ensure healthy lives and promote well-being for all at all ages\"; 4) \"ensure inclusive and equitable quality education and promote lifelong learning opportunities for all\"; and 5) \"achieve gender equality and empower all women and girls.\" It also corresponds to two of the national development priorities focused on Social Protection and Primary, Secondary Education, complete, and quality.<\/p>\n\n\t\t<\/div>\n\t<\/div>\n<div class=\"vc_separator wpb_content_element vc_separator_align_center vc_sep_width_100 vc_sep_pos_align_center vc_separator_no_text vc_sep_color_grey wpb_content_element  wpb_content_element\" ><span class=\"vc_sep_holder vc_sep_holder_l\"><span class=\"vc_sep_line\"><\/span><\/span><span class=\"vc_sep_holder vc_sep_holder_r\"><span class=\"vc_sep_line\"><\/span><\/span>\n<\/div><div class=\"vc_empty_space\"   style=\"height: 42px\"><span class=\"vc_empty_space_inner\"><\/span><\/div><\/div><\/div><\/div><div class=\"wpb_column vc_column_container text-left vc_col-sm-1\"><div class=\"vc_column-inner\"><div class=\"wpb_wrapper\"><\/div><\/div><\/div><\/div><div class=\"vc_row wpb_row vc_row-fluid grop-dhav-dotted\"><div class=\"wpb_column vc_column_container text-left vc_col-sm-1\"><div class=\"vc_column-inner\"><div class=\"wpb_wrapper\"><\/div><\/div><\/div><div class=\"wpb_column vc_column_container text-left vc_col-sm-5\"><div class=\"vc_column-inner\"><div class=\"wpb_wrapper\">\n\t<div class=\"wpb_text_column wpb_content_element\" >\n\t\t<div class=\"wpb_wrapper\">\n\t\t\t<div class=\"_df_book df-lite\" id=\"df_6716\"  _slug=\"plan-estrategico-2022-2027\" data-title=\"plan-estrategico-2022-2027\" wpoptions=\"true\" thumb=\"https:\/\/asociacionama.org.gt\/wp-content\/uploads\/2024\/04\/Plan-Estrategico-AMA-version-final_001.png\" thumbtype=\"\" ><\/div><script class=\"df-shortcode-script\" nowprocket type=\"application\/javascript\">window.option_df_6716 = {\"outline\":[],\"height\":\"500\",\"autoEnableOutline\":\"false\",\"autoEnableThumbnail\":\"false\",\"overwritePDFOutline\":\"false\",\"direction\":\"1\",\"pageSize\":\"0\",\"maxTextureSize\":\"1024\",\"source\":\"https:\\\/\\\/asociacionama.org.gt\\\/wp-content\\\/uploads\\\/2024\\\/04\\\/Plan-Estrategico-Asociacion-AMA-Espanol.pdf\",\"wpOptions\":\"true\"}; if(window.DFLIP && window.DFLIP.parseBooks){window.DFLIP.parseBooks();}<\/script>\n\n\t\t<\/div>\n\t<\/div>\n<h3 style=\"font-size: 38px;color: #4c2c6f;text-align: center;font-family:Roboto Slab;font-weight:700;font-style:normal\" class=\"vc_custom_heading vc_do_custom_heading\" >Strategic Plan 2022-2027<\/h3><\/div><\/div><\/div><div class=\"wpb_column vc_column_container text-left vc_col-sm-5\"><div class=\"vc_column-inner\"><div class=\"wpb_wrapper\">\n\t<div class=\"wpb_text_column wpb_content_element\" >\n\t\t<div class=\"wpb_wrapper\">\n\t\t\t<div class=\"_df_book df-lite\" id=\"df_6769\"  _slug=\"ama-association-strategic-plan-2022-2027\" data-title=\"ama-association-strategic-plan-2022-2027\" wpoptions=\"true\" thumb=\"http:\/\/asociacionama.org.gt\/wp-content\/uploads\/2024\/04\/AMA-Association-strategic-plan-English_001.png\" thumbtype=\"\" ><\/div><script class=\"df-shortcode-script\" nowprocket type=\"application\/javascript\">window.option_df_6769 = {\"outline\":[],\"height\":\"500\",\"autoEnableOutline\":\"false\",\"autoEnableThumbnail\":\"false\",\"overwritePDFOutline\":\"false\",\"direction\":\"1\",\"pageSize\":\"0\",\"maxTextureSize\":\"1024\",\"source\":\"https:\\\/\\\/asociacionama.org.gt\\\/wp-content\\\/uploads\\\/2024\\\/04\\\/AMA-Association-strategic-plan-English.pdf\",\"wpOptions\":\"true\"}; if(window.DFLIP && window.DFLIP.parseBooks){window.DFLIP.parseBooks();}<\/script>\n\n\t\t<\/div>\n\t<\/div>\n<h3 style=\"font-size: 38px;color: #4c2c6f;text-align: center;font-family:Roboto Slab;font-weight:700;font-style:normal\" class=\"vc_custom_heading vc_do_custom_heading\" >Strategic Plan 2022-2027<\/h3><\/div><\/div><\/div><div class=\"wpb_column vc_column_container text-left vc_col-sm-1\"><div class=\"vc_column-inner\"><div class=\"wpb_wrapper\"><\/div><\/div><\/div><\/div>\n<\/div>","protected":false},"excerpt":{"rendered":"Plan Estrat\u00e9gico 2022-2027 Diez a\u00f1os han transcurrido desde que surgi\u00f3 la idea de crear una organizaci\u00f3n local que responda a la necesidad de prevenci\u00f3n y reducci\u00f3n de embarazos tempranos y violencia de g\u00e9nero en ni\u00f1as adolescentes y mujeres j\u00f3venes, tanto en poblaciones mestizas como ind\u00edgenas ubicadas en el sureste del departamento de Pet\u00e9n en Guatemala, ...","protected":false},"author":1,"featured_media":0,"parent":0,"menu_order":0,"comment_status":"closed","ping_status":"closed","template":"","meta":{"footnotes":""},"class_list":["post-6699","page","type-page","status-publish","hentry"],"_links":{"self":[{"href":"https:\/\/asociacionama.org.gt\/en\/wp-json\/wp\/v2\/pages\/6699","targetHints":{"allow":["GET"]}}],"collection":[{"href":"https:\/\/asociacionama.org.gt\/en\/wp-json\/wp\/v2\/pages"}],"about":[{"href":"https:\/\/asociacionama.org.gt\/en\/wp-json\/wp\/v2\/types\/page"}],"author":[{"embeddable":true,"href":"https:\/\/asociacionama.org.gt\/en\/wp-json\/wp\/v2\/users\/1"}],"replies":[{"embeddable":true,"href":"https:\/\/asociacionama.org.gt\/en\/wp-json\/wp\/v2\/comments?post=6699"}],"version-history":[{"count":6,"href":"https:\/\/asociacionama.org.gt\/en\/wp-json\/wp\/v2\/pages\/6699\/revisions"}],"predecessor-version":[{"id":6772,"href":"https:\/\/asociacionama.org.gt\/en\/wp-json\/wp\/v2\/pages\/6699\/revisions\/6772"}],"wp:attachment":[{"href":"https:\/\/asociacionama.org.gt\/en\/wp-json\/wp\/v2\/media?parent=6699"}],"curies":[{"name":"wp","href":"https:\/\/api.w.org\/{rel}","templated":true}]}}